{"id":872,"date":"2020-09-07T18:00:47","date_gmt":"2020-09-07T18:00:47","guid":{"rendered":"http:\/\/teknikgrafit.com\/?page_id=872"},"modified":"2020-09-28T20:57:17","modified_gmt":"2020-09-28T20:57:17","slug":"edm-materials-and-other-special-graphite-products","status":"publish","type":"page","link":"https:\/\/teknikgrafit.com\/tr\/metallurgical-and-special-graphite\/edm-materials-and-other-special-graphite-products\/","title":{"rendered":"Dalma Erozyon Kal\u0131p Malzemesi ve Di\u011fer \u00d6zel Grafitler"},"content":{"rendered":"<div data-elementor-type=\"wp-page\" data-elementor-id=\"872\" class=\"elementor elementor-872\">\n\t\t\t\t\t\t<section class=\"elementor-section elementor-top-section elementor-element elementor-element-ae00ffd elementor-section-boxed elementor-section-height-default elementor-section-height-default\" data-id=\"ae00ffd\" data-element_type=\"section\">\n\t\t\t\t\t\t<div class=\"elementor-container elementor-column-gap-default\">\n\t\t\t\t\t<div class=\"elementor-column elementor-col-100 elementor-top-column elementor-element elementor-element-9b4f02b\" data-id=\"9b4f02b\" data-element_type=\"column\">\n\t\t\t<div class=\"elementor-widget-wrap elementor-element-populated\">\n\t\t\t\t\t\t<div class=\"elementor-element elementor-element-e9e2d9b elementor-widget elementor-widget-heading\" data-id=\"e9e2d9b\" data-element_type=\"widget\" data-widget_type=\"heading.default\">\n\t\t\t\t<div class=\"elementor-widget-container\">\n\t\t\t\t\t<h2 class=\"elementor-heading-title elementor-size-default\">Dalma Erozyon Kal\u0131p Malzemesi ve Di\u011fer \u00d6zel Grafitler<\/h2>\t\t\t\t<\/div>\n\t\t\t\t<\/div>\n\t\t\t\t\t<\/div>\n\t\t<\/div>\n\t\t\t\t\t<\/div>\n\t\t<\/section>\n\t\t\t\t<section class=\"elementor-section elementor-top-section elementor-element elementor-element-85e5518 elementor-section-boxed elementor-section-height-default elementor-section-height-default\" data-id=\"85e5518\" data-element_type=\"section\" data-settings=\"{&quot;background_background&quot;:&quot;classic&quot;}\">\n\t\t\t\t\t\t<div class=\"elementor-container elementor-column-gap-default\">\n\t\t\t\t\t<div class=\"elementor-column elementor-col-100 elementor-top-column elementor-element elementor-element-b90779a\" data-id=\"b90779a\" data-element_type=\"column\" data-settings=\"{&quot;background_background&quot;:&quot;classic&quot;}\">\n\t\t\t<div class=\"elementor-widget-wrap elementor-element-populated\">\n\t\t\t\t\t\t<div class=\"elementor-element elementor-element-0ef13e6 elementor-widget elementor-widget-text-editor\" data-id=\"0ef13e6\" data-element_type=\"widget\" data-widget_type=\"text-editor.default\">\n\t\t\t\t<div class=\"elementor-widget-container\">\n\t\t\t\t\t\t\t\t\t<p>G\u00fcn\u00fcm\u00fczde imalat\u00e7\u0131lar, dalma erozyon tezgahlar\u0131nda elektrod olarak\nkullan\u0131lan bak\u0131r malzemenin yerine de\u011fi\u015fik nedenlerle grafit kullan\u0131m\u0131na\ny\u00f6nelmektedirler. Bu d\u00f6n\u00fc\u015f\u00fcm\u00fcn ba\u015fl\u0131ca nedenlerinin ba\u015fl\u0131calar\u0131\n\u015funlard\u0131r:<\/p>\t\t\t\t\t\t\t\t<\/div>\n\t\t\t\t<\/div>\n\t\t\t\t<div class=\"elementor-element elementor-element-f303035 elementor-icon-list--layout-traditional elementor-list-item-link-full_width elementor-widget elementor-widget-icon-list\" data-id=\"f303035\" data-element_type=\"widget\" data-widget_type=\"icon-list.default\">\n\t\t\t\t<div class=\"elementor-widget-container\">\n\t\t\t\t\t\t\t<ul class=\"elementor-icon-list-items\">\n\t\t\t\t\t\t\t<li class=\"elementor-icon-list-item\">\n\t\t\t\t\t\t\t\t\t\t\t<span class=\"elementor-icon-list-icon\">\n\t\t\t\t\t\t\t<i aria-hidden=\"true\" class=\"fas fa-chevron-circle-right\"><\/i>\t\t\t\t\t\t<\/span>\n\t\t\t\t\t\t\t\t\t\t<span class=\"elementor-icon-list-text\">Grafitin \u00e7ok kolay i\u015flenebilme \u00f6zelli\u011fi,<\/span>\n\t\t\t\t\t\t\t\t\t<\/li>\n\t\t\t\t\t\t\t\t<li class=\"elementor-icon-list-item\">\n\t\t\t\t\t\t\t\t\t\t\t<span class=\"elementor-icon-list-icon\">\n\t\t\t\t\t\t\t<i aria-hidden=\"true\" class=\"fas fa-chevron-circle-right\"><\/i>\t\t\t\t\t\t<\/span>\n\t\t\t\t\t\t\t\t\t\t<span class=\"elementor-icon-list-text\">Her t\u00fcr dalma i\u00e7in kaba-orta-ince-\u00e7ok ince de\u011fi\u015fik tanecik irili\u011finde grafit\nbulunabilmesi dolay\u0131s\u0131yla dalma i\u015fleminde h\u0131z kazanma,<\/span>\n\t\t\t\t\t\t\t\t\t<\/li>\n\t\t\t\t\t\t\t\t<li class=\"elementor-icon-list-item\">\n\t\t\t\t\t\t\t\t\t\t\t<span class=\"elementor-icon-list-icon\">\n\t\t\t\t\t\t\t<i aria-hidden=\"true\" class=\"fas fa-chevron-circle-right\"><\/i>\t\t\t\t\t\t<\/span>\n\t\t\t\t\t\t\t\t\t\t<span class=\"elementor-icon-list-text\">Grafitin sa\u011fl\u0131k \u00fczerine hi\u00e7 bir yan tesiri olmamas\u0131 nedeniyle, i\u015flenmesi\ns\u0131ras\u0131nda herhangi \u00f6zel bir \u00f6nlem gereksizli\u011fi,<\/span>\n\t\t\t\t\t\t\t\t\t<\/li>\n\t\t\t\t\t\t\t\t<li class=\"elementor-icon-list-item\">\n\t\t\t\t\t\t\t\t\t\t\t<span class=\"elementor-icon-list-icon\">\n\t\t\t\t\t\t\t<i aria-hidden=\"true\" class=\"fas fa-chevron-circle-right\"><\/i>\t\t\t\t\t\t<\/span>\n\t\t\t\t\t\t\t\t\t\t<span class=\"elementor-icon-list-text\">\u00c7ok ince taneli grafit elektrod se\u00e7imi sayesinde \u00e7ok d\u00fczg\u00fcn bir malzeme\ny\u00fczeyi elde edilebilmesi,<\/span>\n\t\t\t\t\t\t\t\t\t<\/li>\n\t\t\t\t\t\t\t\t<li class=\"elementor-icon-list-item\">\n\t\t\t\t\t\t\t\t\t\t\t<span class=\"elementor-icon-list-icon\">\n\t\t\t\t\t\t\t<i aria-hidden=\"true\" class=\"fas fa-chevron-circle-right\"><\/i>\t\t\t\t\t\t<\/span>\n\t\t\t\t\t\t\t\t\t\t<span class=\"elementor-icon-list-text\">\u0130malat\u0131ndan gelen bir \u00f6zellik olarak grafitin kristal yap\u0131s\u0131n\u0131n \u00fcniform ve\nfiziksel de\u011ferlerinin her noktas\u0131nda ayn\u0131 olmas\u0131,<\/span>\n\t\t\t\t\t\t\t\t\t<\/li>\n\t\t\t\t\t\t\t\t<li class=\"elementor-icon-list-item\">\n\t\t\t\t\t\t\t\t\t\t\t<span class=\"elementor-icon-list-icon\">\n\t\t\t\t\t\t\t<i aria-hidden=\"true\" class=\"fas fa-chevron-circle-right\"><\/i>\t\t\t\t\t\t<\/span>\n\t\t\t\t\t\t\t\t\t\t<span class=\"elementor-icon-list-text\">Her boyutta grafit blok temin edilebildi\u011fi i\u00e7in en b\u00fcy\u00fck elektrodlar\u0131n dahi\ntek par\u00e7al\u0131 yap\u0131labilmesi.<\/span>\n\t\t\t\t\t\t\t\t\t<\/li>\n\t\t\t\t\t\t<\/ul>\n\t\t\t\t\t\t<\/div>\n\t\t\t\t<\/div>\n\t\t\t\t\t<\/div>\n\t\t<\/div>\n\t\t\t\t\t<\/div>\n\t\t<\/section>\n\t\t\t\t<section class=\"elementor-section elementor-top-section elementor-element elementor-element-e335bb9 elementor-section-boxed elementor-section-height-default elementor-section-height-default\" data-id=\"e335bb9\" data-element_type=\"section\">\n\t\t\t\t\t\t<div class=\"elementor-container elementor-column-gap-default\">\n\t\t\t\t\t<div class=\"elementor-column elementor-col-50 elementor-top-column elementor-element elementor-element-48e2efc\" data-id=\"48e2efc\" data-element_type=\"column\">\n\t\t\t<div class=\"elementor-widget-wrap elementor-element-populated\">\n\t\t\t\t\t\t<div class=\"elementor-element elementor-element-3b2f734 elementor-widget elementor-widget-text-editor\" data-id=\"3b2f734\" data-element_type=\"widget\" data-widget_type=\"text-editor.default\">\n\t\t\t\t<div class=\"elementor-widget-container\">\n\t\t\t\t\t\t\t\t\t<p>T\u00fcm bu \u00f6zellikleri g\u00f6z\u00f6n\u00fcnde tutuldu\u011funda birim hac\u0131m fiyat\u0131 y\u00fcksek gibi\ng\u00f6z\u00fckse de grafit \u00e7o\u011fu dalma erozyon tezgah\u0131 i\u015fletmecisi taraf\u0131ndan\ngiderek tercih edilmektedir.\nTeknik Grafit ltd olarak, her t\u00fcr son \u00fcr\u00fcne uygun kal\u0131p elde etmek \u00fczere\nde\u011fi\u015fik yo\u011funluk, mukavemet, g\u00f6zeneklilik ve tanecik irili\u011finde \u00e7e\u015fitli\nkalitede grafit malzemeyi stoklar\u0131m\u0131zda bulunduruyoruz. I\u015fleyece\u011finiz\nelektrodu fazla fire vermeden elde edebilecek kaba \u00f6l\u00e7\u00fclerde malzemeyi\n\u00e7ok h\u0131zl\u0131 olarak teslim edebiliriz.\n\u00d6zel ama\u00e7larla kullan\u0131lacak di\u011fer her t\u00fcrl\u00fc, grafit tozu, grafit \u00e7ubuk, punta\nkaynak elektrodu gibi malzeme istekleriniz halinde, her t\u00fcr sorununuza\ncevap arama \u00e7abam\u0131zdan emin olarak, tasar\u0131m, tedarik, teknik ya da\ni\u015fleme konular\u0131nda firmam\u0131zla temas etmekten ka\u00e7\u0131nmaman\u0131z\u0131 rica\nederiz.<\/p>\t\t\t\t\t\t\t\t<\/div>\n\t\t\t\t<\/div>\n\t\t\t\t\t<\/div>\n\t\t<\/div>\n\t\t\t\t<div class=\"elementor-column elementor-col-50 elementor-top-column elementor-element elementor-element-888cd5c\" data-id=\"888cd5c\" data-element_type=\"column\">\n\t\t\t<div class=\"elementor-widget-wrap elementor-element-populated\">\n\t\t\t\t\t\t<div class=\"elementor-element elementor-element-300f90b elementor-widget elementor-widget-image\" data-id=\"300f90b\" data-element_type=\"widget\" data-widget_type=\"image.default\">\n\t\t\t\t<div class=\"elementor-widget-container\">\n\t\t\t\t\t\t\t\t\t\t\t\t\t\t\t<img fetchpriority=\"high\" decoding=\"async\" width=\"768\" height=\"576\" src=\"https:\/\/teknikgrafit.com\/wp-content\/uploads\/2020\/09\/3_4_muhtelif-grafit-mamuller-1-768x576.jpg\" class=\"attachment-medium_large size-medium_large wp-image-1080\" alt=\"\" srcset=\"https:\/\/teknikgrafit.com\/wp-content\/uploads\/2020\/09\/3_4_muhtelif-grafit-mamuller-1-768x576.jpg 768w, https:\/\/teknikgrafit.com\/wp-content\/uploads\/2020\/09\/3_4_muhtelif-grafit-mamuller-1-300x225.jpg 300w, https:\/\/teknikgrafit.com\/wp-content\/uploads\/2020\/09\/3_4_muhtelif-grafit-mamuller-1-1024x768.jpg 1024w, https:\/\/teknikgrafit.com\/wp-content\/uploads\/2020\/09\/3_4_muhtelif-grafit-mamuller-1-1536x1152.jpg 1536w, https:\/\/teknikgrafit.com\/wp-content\/uploads\/2020\/09\/3_4_muhtelif-grafit-mamuller-1-2048x1536.jpg 2048w\" sizes=\"(max-width: 768px) 100vw, 768px\" \/>\t\t\t\t\t\t\t\t\t\t\t\t\t\t\t<\/div>\n\t\t\t\t<\/div>\n\t\t\t\t\t<\/div>\n\t\t<\/div>\n\t\t\t\t\t<\/div>\n\t\t<\/section>\n\t\t\t\t<section class=\"elementor-section elementor-top-section elementor-element elementor-element-d03b2bc elementor-section-boxed elementor-section-height-default elementor-section-height-default\" data-id=\"d03b2bc\" data-element_type=\"section\">\n\t\t\t\t\t\t<div class=\"elementor-container elementor-column-gap-default\">\n\t\t\t\t\t\t<\/div>\n\t\t<\/section>\n\t\t\t\t<\/div>","protected":false},"excerpt":{"rendered":"<p>EDM Materials and Other Speciality Graphite Products Graphite is becoming more and more the primary option and replacing copper materials by manufacturers in EDM erosion. Some reasons behind this change can be listed as: Graphite is easy to operate There are fine, medium and coarse grained types of graphite therefore there exists a solution for &hellip;<\/p>\n<p class=\"read-more\"> <a class=\"\" href=\"https:\/\/teknikgrafit.com\/tr\/metallurgical-and-special-graphite\/edm-materials-and-other-special-graphite-products\/\"> <span class=\"screen-reader-text\">Dalma Erozyon Kal\u0131p Malzemesi ve Di\u011fer \u00d6zel Grafitler<\/span> Read More &raquo;<\/a><\/p>","protected":false},"author":1,"featured_media":0,"parent":862,"menu_order":0,"comment_status":"closed","ping_status":"closed","template":"","meta":{"footnotes":""},"class_list":["post-872","page","type-page","status-publish","hentry"],"yoast_head":"<!-- This site is optimized with the Yoast SEO plugin v26.9 - https:\/\/yoast.com\/product\/yoast-seo-wordpress\/ -->\n<title>EDM Materials and other Speciality Graphite Products - Teknik Grafit | Expert in Graphite Manufacturing<\/title>\n<meta name=\"robots\" content=\"index, follow, max-snippet:-1, max-image-preview:large, max-video-preview:-1\" \/>\n<link rel=\"canonical\" href=\"https:\/\/teknikgrafit.com\/tr\/metallurgical-and-special-graphite\/edm-materials-and-other-special-graphite-products\/\" \/>\n<meta property=\"og:locale\" content=\"tr_TR\" \/>\n<meta property=\"og:type\" content=\"article\" \/>\n<meta property=\"og:title\" content=\"EDM Materials and other Speciality Graphite Products - Teknik Grafit | Expert in Graphite Manufacturing\" \/>\n<meta property=\"og:description\" content=\"EDM Materials and Other Speciality Graphite Products Graphite is becoming more and more the primary option and replacing copper materials by manufacturers in EDM erosion. Some reasons behind this change can be listed as: Graphite is easy to operate There are fine, medium and coarse grained types of graphite therefore there exists a solution for &hellip; EDM Materials and other Speciality Graphite Products Read More &raquo;\" \/>\n<meta property=\"og:url\" content=\"https:\/\/teknikgrafit.com\/tr\/metallurgical-and-special-graphite\/edm-materials-and-other-special-graphite-products\/\" \/>\n<meta property=\"og:site_name\" content=\"Teknik Grafit | Expert in Graphite Manufacturing\" \/>\n<meta property=\"article:modified_time\" content=\"2020-09-28T20:57:17+00:00\" \/>\n<meta property=\"og:image\" content=\"http:\/\/teknikgrafit.com\/wp-content\/uploads\/2020\/09\/3_4_muhtelif-grafit-mamuller-1-768x576.jpg\" \/>\n<meta name=\"twitter:card\" content=\"summary_large_image\" \/>\n<meta name=\"twitter:label1\" content=\"Tahmini okuma s\u00fcresi\" \/>\n\t<meta name=\"twitter:data1\" content=\"1 dakika\" \/>\n<script type=\"application\/ld+json\" class=\"yoast-schema-graph\">{\"@context\":\"https:\/\/schema.org\",\"@graph\":[{\"@type\":\"WebPage\",\"@id\":\"https:\/\/teknikgrafit.com\/metallurgical-and-special-graphite\/edm-materials-and-other-special-graphite-products\/\",\"url\":\"https:\/\/teknikgrafit.com\/metallurgical-and-special-graphite\/edm-materials-and-other-special-graphite-products\/\",\"name\":\"EDM Materials and other Speciality Graphite Products - Teknik Grafit | Expert in Graphite Manufacturing\",\"isPartOf\":{\"@id\":\"http:\/\/teknikgrafit.com\/#website\"},\"primaryImageOfPage\":{\"@id\":\"https:\/\/teknikgrafit.com\/metallurgical-and-special-graphite\/edm-materials-and-other-special-graphite-products\/#primaryimage\"},\"image\":{\"@id\":\"https:\/\/teknikgrafit.com\/metallurgical-and-special-graphite\/edm-materials-and-other-special-graphite-products\/#primaryimage\"},\"thumbnailUrl\":\"http:\/\/teknikgrafit.com\/wp-content\/uploads\/2020\/09\/3_4_muhtelif-grafit-mamuller-1-768x576.jpg\",\"datePublished\":\"2020-09-07T18:00:47+00:00\",\"dateModified\":\"2020-09-28T20:57:17+00:00\",\"breadcrumb\":{\"@id\":\"https:\/\/teknikgrafit.com\/metallurgical-and-special-graphite\/edm-materials-and-other-special-graphite-products\/#breadcrumb\"},\"inLanguage\":\"tr\",\"potentialAction\":[{\"@type\":\"ReadAction\",\"target\":[\"https:\/\/teknikgrafit.com\/metallurgical-and-special-graphite\/edm-materials-and-other-special-graphite-products\/\"]}]},{\"@type\":\"ImageObject\",\"inLanguage\":\"tr\",\"@id\":\"https:\/\/teknikgrafit.com\/metallurgical-and-special-graphite\/edm-materials-and-other-special-graphite-products\/#primaryimage\",\"url\":\"http:\/\/teknikgrafit.com\/wp-content\/uploads\/2020\/09\/3_4_muhtelif-grafit-mamuller-1-768x576.jpg\",\"contentUrl\":\"http:\/\/teknikgrafit.com\/wp-content\/uploads\/2020\/09\/3_4_muhtelif-grafit-mamuller-1-768x576.jpg\"},{\"@type\":\"BreadcrumbList\",\"@id\":\"https:\/\/teknikgrafit.com\/metallurgical-and-special-graphite\/edm-materials-and-other-special-graphite-products\/#breadcrumb\",\"itemListElement\":[{\"@type\":\"ListItem\",\"position\":1,\"name\":\"Home\",\"item\":\"http:\/\/teknikgrafit.com\/\"},{\"@type\":\"ListItem\",\"position\":2,\"name\":\"Metallurgical and Speciality Graphite\",\"item\":\"http:\/\/teknikgrafit.com\/tr\/metallurgical-and-special-graphite\/\"},{\"@type\":\"ListItem\",\"position\":3,\"name\":\"EDM Materials and other Speciality Graphite Products\"}]},{\"@type\":\"WebSite\",\"@id\":\"http:\/\/teknikgrafit.com\/#website\",\"url\":\"http:\/\/teknikgrafit.com\/\",\"name\":\"Teknik Grafit | Expert in Graphite Manufacturing\",\"description\":\"\",\"publisher\":{\"@id\":\"http:\/\/teknikgrafit.com\/#organization\"},\"potentialAction\":[{\"@type\":\"SearchAction\",\"target\":{\"@type\":\"EntryPoint\",\"urlTemplate\":\"http:\/\/teknikgrafit.com\/?s={search_term_string}\"},\"query-input\":{\"@type\":\"PropertyValueSpecification\",\"valueRequired\":true,\"valueName\":\"search_term_string\"}}],\"inLanguage\":\"tr\"},{\"@type\":\"Organization\",\"@id\":\"http:\/\/teknikgrafit.com\/#organization\",\"name\":\"Teknik Grafit | Expert in Graphite Manufacturing\",\"url\":\"http:\/\/teknikgrafit.com\/\",\"logo\":{\"@type\":\"ImageObject\",\"inLanguage\":\"tr\",\"@id\":\"http:\/\/teknikgrafit.com\/#\/schema\/logo\/image\/\",\"url\":\"https:\/\/teknikgrafit.com\/wp-content\/uploads\/2020\/09\/cropped-logo_clipped_rev_1.png\",\"contentUrl\":\"https:\/\/teknikgrafit.com\/wp-content\/uploads\/2020\/09\/cropped-logo_clipped_rev_1.png\",\"width\":300,\"height\":113,\"caption\":\"Teknik Grafit | Expert in Graphite Manufacturing\"},\"image\":{\"@id\":\"http:\/\/teknikgrafit.com\/#\/schema\/logo\/image\/\"}}]}<\/script>\n<!-- \/ Yoast SEO plugin. -->","yoast_head_json":{"title":"EDM Materials and other Speciality Graphite Products - Teknik Grafit | Expert in Graphite Manufacturing","robots":{"index":"index","follow":"follow","max-snippet":"max-snippet:-1","max-image-preview":"max-image-preview:large","max-video-preview":"max-video-preview:-1"},"canonical":"https:\/\/teknikgrafit.com\/tr\/metallurgical-and-special-graphite\/edm-materials-and-other-special-graphite-products\/","og_locale":"tr_TR","og_type":"article","og_title":"EDM Materials and other Speciality Graphite Products - Teknik Grafit | Expert in Graphite Manufacturing","og_description":"EDM Materials and Other Speciality Graphite Products Graphite is becoming more and more the primary option and replacing copper materials by manufacturers in EDM erosion. Some reasons behind this change can be listed as: Graphite is easy to operate There are fine, medium and coarse grained types of graphite therefore there exists a solution for &hellip; EDM Materials and other Speciality Graphite Products Read More &raquo;","og_url":"https:\/\/teknikgrafit.com\/tr\/metallurgical-and-special-graphite\/edm-materials-and-other-special-graphite-products\/","og_site_name":"Teknik Grafit | Expert in Graphite Manufacturing","article_modified_time":"2020-09-28T20:57:17+00:00","og_image":[{"url":"http:\/\/teknikgrafit.com\/wp-content\/uploads\/2020\/09\/3_4_muhtelif-grafit-mamuller-1-768x576.jpg","type":"","width":"","height":""}],"twitter_card":"summary_large_image","twitter_misc":{"Tahmini okuma s\u00fcresi":"1 dakika"},"schema":{"@context":"https:\/\/schema.org","@graph":[{"@type":"WebPage","@id":"https:\/\/teknikgrafit.com\/metallurgical-and-special-graphite\/edm-materials-and-other-special-graphite-products\/","url":"https:\/\/teknikgrafit.com\/metallurgical-and-special-graphite\/edm-materials-and-other-special-graphite-products\/","name":"EDM Materials and other Speciality Graphite Products - Teknik Grafit | Expert in Graphite Manufacturing","isPartOf":{"@id":"http:\/\/teknikgrafit.com\/#website"},"primaryImageOfPage":{"@id":"https:\/\/teknikgrafit.com\/metallurgical-and-special-graphite\/edm-materials-and-other-special-graphite-products\/#primaryimage"},"image":{"@id":"https:\/\/teknikgrafit.com\/metallurgical-and-special-graphite\/edm-materials-and-other-special-graphite-products\/#primaryimage"},"thumbnailUrl":"http:\/\/teknikgrafit.com\/wp-content\/uploads\/2020\/09\/3_4_muhtelif-grafit-mamuller-1-768x576.jpg","datePublished":"2020-09-07T18:00:47+00:00","dateModified":"2020-09-28T20:57:17+00:00","breadcrumb":{"@id":"https:\/\/teknikgrafit.com\/metallurgical-and-special-graphite\/edm-materials-and-other-special-graphite-products\/#breadcrumb"},"inLanguage":"tr","potentialAction":[{"@type":"ReadAction","target":["https:\/\/teknikgrafit.com\/metallurgical-and-special-graphite\/edm-materials-and-other-special-graphite-products\/"]}]},{"@type":"ImageObject","inLanguage":"tr","@id":"https:\/\/teknikgrafit.com\/metallurgical-and-special-graphite\/edm-materials-and-other-special-graphite-products\/#primaryimage","url":"http:\/\/teknikgrafit.com\/wp-content\/uploads\/2020\/09\/3_4_muhtelif-grafit-mamuller-1-768x576.jpg","contentUrl":"http:\/\/teknikgrafit.com\/wp-content\/uploads\/2020\/09\/3_4_muhtelif-grafit-mamuller-1-768x576.jpg"},{"@type":"BreadcrumbList","@id":"https:\/\/teknikgrafit.com\/metallurgical-and-special-graphite\/edm-materials-and-other-special-graphite-products\/#breadcrumb","itemListElement":[{"@type":"ListItem","position":1,"name":"Home","item":"http:\/\/teknikgrafit.com\/"},{"@type":"ListItem","position":2,"name":"Metallurgical and Speciality Graphite","item":"http:\/\/teknikgrafit.com\/tr\/metallurgical-and-special-graphite\/"},{"@type":"ListItem","position":3,"name":"EDM Materials and other Speciality Graphite Products"}]},{"@type":"WebSite","@id":"http:\/\/teknikgrafit.com\/#website","url":"http:\/\/teknikgrafit.com\/","name":"Teknik Grafit | Expert in Graphite Manufacturing","description":"","publisher":{"@id":"http:\/\/teknikgrafit.com\/#organization"},"potentialAction":[{"@type":"SearchAction","target":{"@type":"EntryPoint","urlTemplate":"http:\/\/teknikgrafit.com\/?s={search_term_string}"},"query-input":{"@type":"PropertyValueSpecification","valueRequired":true,"valueName":"search_term_string"}}],"inLanguage":"tr"},{"@type":"Organization","@id":"http:\/\/teknikgrafit.com\/#organization","name":"Teknik Grafit | Expert in Graphite Manufacturing","url":"http:\/\/teknikgrafit.com\/","logo":{"@type":"ImageObject","inLanguage":"tr","@id":"http:\/\/teknikgrafit.com\/#\/schema\/logo\/image\/","url":"https:\/\/teknikgrafit.com\/wp-content\/uploads\/2020\/09\/cropped-logo_clipped_rev_1.png","contentUrl":"https:\/\/teknikgrafit.com\/wp-content\/uploads\/2020\/09\/cropped-logo_clipped_rev_1.png","width":300,"height":113,"caption":"Teknik Grafit | Expert in Graphite Manufacturing"},"image":{"@id":"http:\/\/teknikgrafit.com\/#\/schema\/logo\/image\/"}}]}},"jetpack_sharing_enabled":true,"_links":{"self":[{"href":"https:\/\/teknikgrafit.com\/tr\/wp-json\/wp\/v2\/pages\/872","targetHints":{"allow":["GET"]}}],"collection":[{"href":"https:\/\/teknikgrafit.com\/tr\/wp-json\/wp\/v2\/pages"}],"about":[{"href":"https:\/\/teknikgrafit.com\/tr\/wp-json\/wp\/v2\/types\/page"}],"author":[{"embeddable":true,"href":"https:\/\/teknikgrafit.com\/tr\/wp-json\/wp\/v2\/users\/1"}],"replies":[{"embeddable":true,"href":"https:\/\/teknikgrafit.com\/tr\/wp-json\/wp\/v2\/comments?post=872"}],"version-history":[{"count":11,"href":"https:\/\/teknikgrafit.com\/tr\/wp-json\/wp\/v2\/pages\/872\/revisions"}],"predecessor-version":[{"id":1088,"href":"https:\/\/teknikgrafit.com\/tr\/wp-json\/wp\/v2\/pages\/872\/revisions\/1088"}],"up":[{"embeddable":true,"href":"https:\/\/teknikgrafit.com\/tr\/wp-json\/wp\/v2\/pages\/862"}],"wp:attachment":[{"href":"https:\/\/teknikgrafit.com\/tr\/wp-json\/wp\/v2\/media?parent=872"}],"curies":[{"name":"wp","href":"https:\/\/api.w.org\/{rel}","templated":true}]}}