{"id":870,"date":"2020-09-07T17:59:44","date_gmt":"2020-09-07T17:59:44","guid":{"rendered":"http:\/\/teknikgrafit.com\/?page_id=870"},"modified":"2020-10-01T08:14:30","modified_gmt":"2020-10-01T08:14:30","slug":"glass-molding","status":"publish","type":"page","link":"https:\/\/teknikgrafit.com\/tr\/metallurgical-and-special-graphite\/glass-molding\/","title":{"rendered":"Cam End\u00fcstrisi Kal\u0131plar\u0131"},"content":{"rendered":"<div data-elementor-type=\"wp-page\" data-elementor-id=\"870\" class=\"elementor elementor-870\">\n\t\t\t\t\t\t<section class=\"elementor-section elementor-top-section elementor-element elementor-element-ffd9433 elementor-section-boxed elementor-section-height-default elementor-section-height-default\" data-id=\"ffd9433\" data-element_type=\"section\">\n\t\t\t\t\t\t<div class=\"elementor-container elementor-column-gap-default\">\n\t\t\t\t\t<div class=\"elementor-column elementor-col-100 elementor-top-column elementor-element elementor-element-e4f0d34\" data-id=\"e4f0d34\" data-element_type=\"column\">\n\t\t\t<div class=\"elementor-widget-wrap elementor-element-populated\">\n\t\t\t\t\t\t<div class=\"elementor-element elementor-element-9b21582 elementor-widget elementor-widget-heading\" data-id=\"9b21582\" data-element_type=\"widget\" data-widget_type=\"heading.default\">\n\t\t\t\t<div class=\"elementor-widget-container\">\n\t\t\t\t\t<h2 class=\"elementor-heading-title elementor-size-default\">Cam End\u00fcstrisi Kal\u0131plar\u0131<\/h2>\t\t\t\t<\/div>\n\t\t\t\t<\/div>\n\t\t\t\t\t<\/div>\n\t\t<\/div>\n\t\t\t\t\t<\/div>\n\t\t<\/section>\n\t\t\t\t<section class=\"elementor-section elementor-top-section elementor-element elementor-element-9e5039f elementor-section-boxed elementor-section-height-default elementor-section-height-default\" data-id=\"9e5039f\" data-element_type=\"section\">\n\t\t\t\t\t\t<div class=\"elementor-container elementor-column-gap-default\">\n\t\t\t\t\t<div class=\"elementor-column elementor-col-100 elementor-top-column elementor-element elementor-element-bee224b\" data-id=\"bee224b\" data-element_type=\"column\">\n\t\t\t<div class=\"elementor-widget-wrap elementor-element-populated\">\n\t\t\t\t\t\t<div class=\"elementor-element elementor-element-a36d2d0 elementor-widget elementor-widget-text-editor\" data-id=\"a36d2d0\" data-element_type=\"widget\" data-widget_type=\"text-editor.default\">\n\t\t\t\t<div class=\"elementor-widget-container\">\n\t\t\t\t\t\t\t\t\t<p>G\u00fcn\u00fcm\u00fczde gerek elde, gerek se otomatik makinalarda \u00fcfleme yoluyla\nd\u00f6nel formda cam e\u015fya \u00fcretiminde kullan\u0131lan ah\u015fap\/mantar kal\u0131plar\nzamanla s\u0131cakl\u0131ktan zarar g\u00f6rerek hurdala\u015fmalar\u0131, metal kal\u0131plar ise s\u00fcrekli\nbir bak\u0131m\u0131 gerektirmeleri nedeniyle, yerlerini grafit kal\u0131plara\nb\u0131rakmaktad\u0131rlar. Grafitin bu kal\u0131plama tekni\u011findeki avantajlar\u0131, y\u00fcksek\ns\u0131cakl\u0131klara tahamm\u00fcl\u00fc, kayganl\u0131k sa\u011flayan kristal yap\u0131s\u0131, kolay\ni\u015flenebilirli\u011fi, insan sa\u011fl\u0131\u011f\u0131na zarars\u0131z olu\u015fu, hemen hemen hi\u00e7\noksidasyona u\u011framamas\u0131 nedeniyle kal\u0131p bak\u0131m\u0131n\u0131 asgariye indirilmesi ve\nd\u00fczenli da\u011f\u0131lm\u0131\u015f g\u00f6zeneklili\u011fi sayesinde cam kal\u0131planmas\u0131 esnas\u0131nda\nortama \u00e7\u0131kan su buharlar\u0131n\u0131 tutarak iyi bir su filmi yast\u0131\u011f\u0131 sa\u011flamas\u0131d\u0131r. Bu\nsayede cam e\u015fyada \u00e7ok d\u00fczg\u00fcn bir y\u00fczey kalitesi edilir. Ilerleyen zamanla\nbirlikte cam \u00fcreticileri i\u00e7in grafit kal\u0131p kullan\u0131m\u0131 g\u00fcnden g\u00fcne ilgin\u00e7,\navantajl\u0131 ve ekonomik bir \u00e7\u00f6z\u00fcm olarak g\u00f6r\u00fcnmektedir.\u00a0<\/p>\t\t\t\t\t\t\t\t<\/div>\n\t\t\t\t<\/div>\n\t\t\t\t\t<\/div>\n\t\t<\/div>\n\t\t\t\t\t<\/div>\n\t\t<\/section>\n\t\t\t\t<section class=\"elementor-section elementor-top-section elementor-element elementor-element-95f67b1 elementor-section-boxed elementor-section-height-default elementor-section-height-default\" data-id=\"95f67b1\" data-element_type=\"section\">\n\t\t\t\t\t\t<div class=\"elementor-container elementor-column-gap-default\">\n\t\t\t\t\t<div class=\"elementor-column elementor-col-100 elementor-top-column elementor-element elementor-element-f74f418\" data-id=\"f74f418\" data-element_type=\"column\">\n\t\t\t<div class=\"elementor-widget-wrap elementor-element-populated\">\n\t\t\t\t\t\t\t<\/div>\n\t\t<\/div>\n\t\t\t\t\t<\/div>\n\t\t<\/section>\n\t\t\t\t<section class=\"elementor-section elementor-top-section elementor-element elementor-element-9746f07 elementor-section-boxed elementor-section-height-default elementor-section-height-default\" data-id=\"9746f07\" data-element_type=\"section\">\n\t\t\t\t\t\t<div class=\"elementor-container elementor-column-gap-default\">\n\t\t\t\t\t<div class=\"elementor-column elementor-col-100 elementor-top-column elementor-element elementor-element-3c72843\" data-id=\"3c72843\" data-element_type=\"column\">\n\t\t\t<div class=\"elementor-widget-wrap elementor-element-populated\">\n\t\t\t\t\t\t<section class=\"elementor-section elementor-inner-section elementor-element elementor-element-2b19370 elementor-section-boxed elementor-section-height-default elementor-section-height-default\" data-id=\"2b19370\" data-element_type=\"section\">\n\t\t\t\t\t\t<div class=\"elementor-container elementor-column-gap-default\">\n\t\t\t\t\t<div class=\"elementor-column elementor-col-50 elementor-inner-column elementor-element elementor-element-61774ae\" data-id=\"61774ae\" data-element_type=\"column\">\n\t\t\t<div class=\"elementor-widget-wrap\">\n\t\t\t\t\t\t\t<\/div>\n\t\t<\/div>\n\t\t\t\t<div class=\"elementor-column elementor-col-50 elementor-inner-column elementor-element elementor-element-bdfc25e\" data-id=\"bdfc25e\" data-element_type=\"column\">\n\t\t\t<div class=\"elementor-widget-wrap\">\n\t\t\t\t\t\t\t<\/div>\n\t\t<\/div>\n\t\t\t\t\t<\/div>\n\t\t<\/section>\n\t\t\t\t\t<\/div>\n\t\t<\/div>\n\t\t\t\t\t<\/div>\n\t\t<\/section>\n\t\t\t\t<\/div>","protected":false},"excerpt":{"rendered":"<p>Glass Molding Graphite usage in glass production is increasing due to the fact that wood\/mushroom moulds have a short life span because of high temperatures and metal moulds need repairing very often. Our specially manufactured graphite moulds for glass industry can resist high temperatures without being harmed and are almost inoxidable so they would require &hellip;<\/p>\n<p class=\"read-more\"> <a class=\"\" href=\"https:\/\/teknikgrafit.com\/tr\/metallurgical-and-special-graphite\/glass-molding\/\"> <span class=\"screen-reader-text\">Cam End\u00fcstrisi Kal\u0131plar\u0131<\/span> Read More &raquo;<\/a><\/p>","protected":false},"author":1,"featured_media":0,"parent":862,"menu_order":0,"comment_status":"closed","ping_status":"closed","template":"","meta":{"footnotes":""},"class_list":["post-870","page","type-page","status-publish","hentry"],"yoast_head":"<!-- This site is optimized with the Yoast SEO plugin v26.9 - https:\/\/yoast.com\/product\/yoast-seo-wordpress\/ -->\n<title>Glass Molding - Teknik Grafit | Expert in Graphite Manufacturing<\/title>\n<meta name=\"robots\" content=\"index, follow, max-snippet:-1, max-image-preview:large, max-video-preview:-1\" \/>\n<link rel=\"canonical\" href=\"http:\/\/teknikgrafit.com\/tr\/metallurgical-and-special-graphite\/glass-molding\/\" \/>\n<meta property=\"og:locale\" content=\"tr_TR\" \/>\n<meta property=\"og:type\" content=\"article\" \/>\n<meta property=\"og:title\" content=\"Glass Molding - Teknik Grafit | Expert in Graphite Manufacturing\" \/>\n<meta property=\"og:description\" content=\"Glass Molding Graphite usage in glass production is increasing due to the fact that wood\/mushroom moulds have a short life span because of high temperatures and metal moulds need repairing very often. Our specially manufactured graphite moulds for glass industry can resist high temperatures without being harmed and are almost inoxidable so they would require &hellip; Glass Molding Read More &raquo;\" \/>\n<meta property=\"og:url\" content=\"http:\/\/teknikgrafit.com\/tr\/metallurgical-and-special-graphite\/glass-molding\/\" \/>\n<meta property=\"og:site_name\" content=\"Teknik Grafit | Expert in Graphite Manufacturing\" \/>\n<meta property=\"article:modified_time\" content=\"2020-10-01T08:14:30+00:00\" \/>\n<meta name=\"twitter:card\" content=\"summary_large_image\" \/>\n<meta name=\"twitter:label1\" content=\"Tahmini okuma s\u00fcresi\" \/>\n\t<meta name=\"twitter:data1\" content=\"1 dakika\" \/>\n<script type=\"application\/ld+json\" class=\"yoast-schema-graph\">{\"@context\":\"https:\/\/schema.org\",\"@graph\":[{\"@type\":\"WebPage\",\"@id\":\"http:\/\/teknikgrafit.com\/tr\/metallurgical-and-special-graphite\/glass-molding\/\",\"url\":\"http:\/\/teknikgrafit.com\/tr\/metallurgical-and-special-graphite\/glass-molding\/\",\"name\":\"Glass Molding - Teknik Grafit | Expert in Graphite Manufacturing\",\"isPartOf\":{\"@id\":\"http:\/\/teknikgrafit.com\/#website\"},\"datePublished\":\"2020-09-07T17:59:44+00:00\",\"dateModified\":\"2020-10-01T08:14:30+00:00\",\"breadcrumb\":{\"@id\":\"http:\/\/teknikgrafit.com\/tr\/metallurgical-and-special-graphite\/glass-molding\/#breadcrumb\"},\"inLanguage\":\"tr\",\"potentialAction\":[{\"@type\":\"ReadAction\",\"target\":[\"http:\/\/teknikgrafit.com\/tr\/metallurgical-and-special-graphite\/glass-molding\/\"]}]},{\"@type\":\"BreadcrumbList\",\"@id\":\"http:\/\/teknikgrafit.com\/tr\/metallurgical-and-special-graphite\/glass-molding\/#breadcrumb\",\"itemListElement\":[{\"@type\":\"ListItem\",\"position\":1,\"name\":\"Home\",\"item\":\"http:\/\/teknikgrafit.com\/\"},{\"@type\":\"ListItem\",\"position\":2,\"name\":\"Metallurgical and Speciality Graphite\",\"item\":\"http:\/\/teknikgrafit.com\/tr\/metallurgical-and-special-graphite\/\"},{\"@type\":\"ListItem\",\"position\":3,\"name\":\"Glass Molding\"}]},{\"@type\":\"WebSite\",\"@id\":\"http:\/\/teknikgrafit.com\/#website\",\"url\":\"http:\/\/teknikgrafit.com\/\",\"name\":\"Teknik Grafit | Expert in Graphite Manufacturing\",\"description\":\"\",\"publisher\":{\"@id\":\"http:\/\/teknikgrafit.com\/#organization\"},\"potentialAction\":[{\"@type\":\"SearchAction\",\"target\":{\"@type\":\"EntryPoint\",\"urlTemplate\":\"http:\/\/teknikgrafit.com\/?s={search_term_string}\"},\"query-input\":{\"@type\":\"PropertyValueSpecification\",\"valueRequired\":true,\"valueName\":\"search_term_string\"}}],\"inLanguage\":\"tr\"},{\"@type\":\"Organization\",\"@id\":\"http:\/\/teknikgrafit.com\/#organization\",\"name\":\"Teknik Grafit | Expert in Graphite Manufacturing\",\"url\":\"http:\/\/teknikgrafit.com\/\",\"logo\":{\"@type\":\"ImageObject\",\"inLanguage\":\"tr\",\"@id\":\"http:\/\/teknikgrafit.com\/#\/schema\/logo\/image\/\",\"url\":\"https:\/\/teknikgrafit.com\/wp-content\/uploads\/2020\/09\/cropped-logo_clipped_rev_1.png\",\"contentUrl\":\"https:\/\/teknikgrafit.com\/wp-content\/uploads\/2020\/09\/cropped-logo_clipped_rev_1.png\",\"width\":300,\"height\":113,\"caption\":\"Teknik Grafit | Expert in Graphite Manufacturing\"},\"image\":{\"@id\":\"http:\/\/teknikgrafit.com\/#\/schema\/logo\/image\/\"}}]}<\/script>\n<!-- \/ Yoast SEO plugin. -->","yoast_head_json":{"title":"Glass Molding - Teknik Grafit | Expert in Graphite Manufacturing","robots":{"index":"index","follow":"follow","max-snippet":"max-snippet:-1","max-image-preview":"max-image-preview:large","max-video-preview":"max-video-preview:-1"},"canonical":"http:\/\/teknikgrafit.com\/tr\/metallurgical-and-special-graphite\/glass-molding\/","og_locale":"tr_TR","og_type":"article","og_title":"Glass Molding - Teknik Grafit | Expert in Graphite Manufacturing","og_description":"Glass Molding Graphite usage in glass production is increasing due to the fact that wood\/mushroom moulds have a short life span because of high temperatures and metal moulds need repairing very often. Our specially manufactured graphite moulds for glass industry can resist high temperatures without being harmed and are almost inoxidable so they would require &hellip; Glass Molding Read More &raquo;","og_url":"http:\/\/teknikgrafit.com\/tr\/metallurgical-and-special-graphite\/glass-molding\/","og_site_name":"Teknik Grafit | Expert in Graphite Manufacturing","article_modified_time":"2020-10-01T08:14:30+00:00","twitter_card":"summary_large_image","twitter_misc":{"Tahmini okuma s\u00fcresi":"1 dakika"},"schema":{"@context":"https:\/\/schema.org","@graph":[{"@type":"WebPage","@id":"http:\/\/teknikgrafit.com\/tr\/metallurgical-and-special-graphite\/glass-molding\/","url":"http:\/\/teknikgrafit.com\/tr\/metallurgical-and-special-graphite\/glass-molding\/","name":"Glass Molding - Teknik Grafit | Expert in Graphite Manufacturing","isPartOf":{"@id":"http:\/\/teknikgrafit.com\/#website"},"datePublished":"2020-09-07T17:59:44+00:00","dateModified":"2020-10-01T08:14:30+00:00","breadcrumb":{"@id":"http:\/\/teknikgrafit.com\/tr\/metallurgical-and-special-graphite\/glass-molding\/#breadcrumb"},"inLanguage":"tr","potentialAction":[{"@type":"ReadAction","target":["http:\/\/teknikgrafit.com\/tr\/metallurgical-and-special-graphite\/glass-molding\/"]}]},{"@type":"BreadcrumbList","@id":"http:\/\/teknikgrafit.com\/tr\/metallurgical-and-special-graphite\/glass-molding\/#breadcrumb","itemListElement":[{"@type":"ListItem","position":1,"name":"Home","item":"http:\/\/teknikgrafit.com\/"},{"@type":"ListItem","position":2,"name":"Metallurgical and Speciality Graphite","item":"http:\/\/teknikgrafit.com\/tr\/metallurgical-and-special-graphite\/"},{"@type":"ListItem","position":3,"name":"Glass Molding"}]},{"@type":"WebSite","@id":"http:\/\/teknikgrafit.com\/#website","url":"http:\/\/teknikgrafit.com\/","name":"Teknik Grafit | Expert in Graphite Manufacturing","description":"","publisher":{"@id":"http:\/\/teknikgrafit.com\/#organization"},"potentialAction":[{"@type":"SearchAction","target":{"@type":"EntryPoint","urlTemplate":"http:\/\/teknikgrafit.com\/?s={search_term_string}"},"query-input":{"@type":"PropertyValueSpecification","valueRequired":true,"valueName":"search_term_string"}}],"inLanguage":"tr"},{"@type":"Organization","@id":"http:\/\/teknikgrafit.com\/#organization","name":"Teknik Grafit | Expert in Graphite Manufacturing","url":"http:\/\/teknikgrafit.com\/","logo":{"@type":"ImageObject","inLanguage":"tr","@id":"http:\/\/teknikgrafit.com\/#\/schema\/logo\/image\/","url":"https:\/\/teknikgrafit.com\/wp-content\/uploads\/2020\/09\/cropped-logo_clipped_rev_1.png","contentUrl":"https:\/\/teknikgrafit.com\/wp-content\/uploads\/2020\/09\/cropped-logo_clipped_rev_1.png","width":300,"height":113,"caption":"Teknik Grafit | Expert in Graphite Manufacturing"},"image":{"@id":"http:\/\/teknikgrafit.com\/#\/schema\/logo\/image\/"}}]}},"jetpack_sharing_enabled":true,"_links":{"self":[{"href":"https:\/\/teknikgrafit.com\/tr\/wp-json\/wp\/v2\/pages\/870","targetHints":{"allow":["GET"]}}],"collection":[{"href":"https:\/\/teknikgrafit.com\/tr\/wp-json\/wp\/v2\/pages"}],"about":[{"href":"https:\/\/teknikgrafit.com\/tr\/wp-json\/wp\/v2\/types\/page"}],"author":[{"embeddable":true,"href":"https:\/\/teknikgrafit.com\/tr\/wp-json\/wp\/v2\/users\/1"}],"replies":[{"embeddable":true,"href":"https:\/\/teknikgrafit.com\/tr\/wp-json\/wp\/v2\/comments?post=870"}],"version-history":[{"count":4,"href":"https:\/\/teknikgrafit.com\/tr\/wp-json\/wp\/v2\/pages\/870\/revisions"}],"predecessor-version":[{"id":1218,"href":"https:\/\/teknikgrafit.com\/tr\/wp-json\/wp\/v2\/pages\/870\/revisions\/1218"}],"up":[{"embeddable":true,"href":"https:\/\/teknikgrafit.com\/tr\/wp-json\/wp\/v2\/pages\/862"}],"wp:attachment":[{"href":"https:\/\/teknikgrafit.com\/tr\/wp-json\/wp\/v2\/media?parent=870"}],"curies":[{"name":"wp","href":"https:\/\/api.w.org\/{rel}","templated":true}]}}