{"id":868,"date":"2020-09-07T17:59:21","date_gmt":"2020-09-07T17:59:21","guid":{"rendered":"http:\/\/teknikgrafit.com\/?page_id=868"},"modified":"2020-10-01T09:53:02","modified_gmt":"2020-10-01T09:53:02","slug":"pressure-sintering-moulds","status":"publish","type":"page","link":"https:\/\/teknikgrafit.com\/tr\/metallurgical-and-special-graphite\/pressure-sintering-moulds\/","title":{"rendered":"Elmas Soket Sinterleme Kal\u0131plar\u0131"},"content":{"rendered":"<div data-elementor-type=\"wp-page\" data-elementor-id=\"868\" class=\"elementor elementor-868\">\n\t\t\t\t\t\t<section class=\"elementor-section elementor-top-section elementor-element elementor-element-52866ab elementor-section-full_width elementor-section-height-min-height elementor-section-height-default elementor-section-items-middle\" data-id=\"52866ab\" data-element_type=\"section\" data-settings=\"{&quot;background_background&quot;:&quot;classic&quot;}\">\n\t\t\t\t\t\t\t<div class=\"elementor-background-overlay\"><\/div>\n\t\t\t\t\t\t\t<div class=\"elementor-container elementor-column-gap-default\">\n\t\t\t\t\t<div class=\"elementor-column elementor-col-100 elementor-top-column elementor-element elementor-element-b89307e\" data-id=\"b89307e\" data-element_type=\"column\">\n\t\t\t<div class=\"elementor-widget-wrap elementor-element-populated\">\n\t\t\t\t\t\t<div class=\"elementor-element elementor-element-7fc71e2 elementor-widget elementor-widget-heading\" data-id=\"7fc71e2\" data-element_type=\"widget\" data-widget_type=\"heading.default\">\n\t\t\t\t<div class=\"elementor-widget-container\">\n\t\t\t\t\t<h2 class=\"elementor-heading-title elementor-size-default\">Elmas Soket Sinterleme Kal\u0131plar\u0131<\/h2>\t\t\t\t<\/div>\n\t\t\t\t<\/div>\n\t\t\t\t<div class=\"elementor-element elementor-element-fa22eaa elementor-widget elementor-widget-text-editor\" data-id=\"fa22eaa\" data-element_type=\"widget\" data-widget_type=\"text-editor.default\">\n\t\t\t\t<div class=\"elementor-widget-container\">\n\t\t\t\t\t\t\t\t\t<p><strong>Ana Sayfa<\/strong> <i class=\"fas fa-arrow-right\"><\/i> <strong>\u00dcr\u00fcnler<\/strong><\/p>\t\t\t\t\t\t\t\t<\/div>\n\t\t\t\t<\/div>\n\t\t\t\t\t<\/div>\n\t\t<\/div>\n\t\t\t\t\t<\/div>\n\t\t<\/section>\n\t\t\t\t<section class=\"elementor-section elementor-top-section elementor-element elementor-element-a56396d elementor-section-boxed elementor-section-height-default elementor-section-height-default\" data-id=\"a56396d\" data-element_type=\"section\">\n\t\t\t\t\t\t<div class=\"elementor-container elementor-column-gap-default\">\n\t\t\t\t\t<div class=\"elementor-column elementor-col-50 elementor-top-column elementor-element elementor-element-aecda64\" data-id=\"aecda64\" data-element_type=\"column\" data-settings=\"{&quot;background_background&quot;:&quot;classic&quot;}\">\n\t\t\t<div class=\"elementor-widget-wrap elementor-element-populated\">\n\t\t\t\t\t\t<div class=\"elementor-element elementor-element-5b8e3bb elementor-widget elementor-widget-heading\" data-id=\"5b8e3bb\" data-element_type=\"widget\" data-widget_type=\"heading.default\">\n\t\t\t\t<div class=\"elementor-widget-container\">\n\t\t\t\t\t<h3 class=\"elementor-heading-title elementor-size-default\">\u00dcr\u00fcnler<\/h3>\t\t\t\t<\/div>\n\t\t\t\t<\/div>\n\t\t\t\t<div class=\"elementor-element elementor-element-2825ab1 elementor-widget elementor-widget-text-editor\" data-id=\"2825ab1\" data-element_type=\"widget\" data-widget_type=\"text-editor.default\">\n\t\t\t\t<div class=\"elementor-widget-container\">\n\t\t\t\t\t\t\t\t\t<p><span style=\"color: #333333;\"><strong><a style=\"color: #333333;\" href=\"http:\/\/teknikgrafit.com\/tr\/electrical-applications\/\">Elektrik Uygulamalar\u0131<\/a><\/strong><\/span><br \/><span style=\"color: #333333;\"><a style=\"color: #333333;\" href=\"http:\/\/teknikgrafit.com\/tr\/mechanical-applications\/\"><strong>Mekanik Uygulamalar<\/strong><\/a><br \/><strong><a style=\"color: #333333;\" href=\"http:\/\/teknikgrafit.com\/tr\/metallurgical-and-special-graphite\/\">Metalurjik Uygulamalar ve Uzmanlik \u00dcr\u00fcnleri<\/a><br \/><\/strong><a style=\"color: #333333;\" href=\"http:\/\/teknikgrafit.com\/tr\/metallurgical-and-special-graphite\/864-2\/\">S\u00fcrekli D\u00f6k\u00fcm Potalar\u0131 ve Kokilleri<\/a><br \/><a style=\"color: #333333;\" href=\"http:\/\/teknikgrafit.com\/tr\/metallurgical-and-special-graphite\/precious-metal-casting-dies-and-crucibles\/\">K\u0131ymetli D\u00f6k\u00fcm Pota ve Kal\u0131plar\u0131<\/a><br \/><a style=\"color: #333333;\" href=\"http:\/\/teknikgrafit.com\/tr\/metallurgical-and-special-graphite\/pressure-sintering-moulds\/\">Elmas Soket Sinterleme Kal\u0131plar\u0131<\/a><br \/><a style=\"color: #333333;\" href=\"http:\/\/teknikgrafit.com\/tr\/metallurgical-and-special-graphite\/glass-molding\/\">Cam End\u00fcstrisi Kal\u0131plar\u0131<\/a><br \/><a style=\"color: #333333;\" href=\"http:\/\/teknikgrafit.com\/tr\/metallurgical-and-special-graphite\/edm-materials-and-other-special-graphite-products\/\">Dalma Erozyon Kal\u0131p Malzemesi ve Di\u011fer \u00d6zel Grafitler<\/a><\/span><\/p>\t\t\t\t\t\t\t\t<\/div>\n\t\t\t\t<\/div>\n\t\t\t\t\t<\/div>\n\t\t<\/div>\n\t\t\t\t<div class=\"elementor-column elementor-col-50 elementor-top-column elementor-element elementor-element-95e3533\" data-id=\"95e3533\" data-element_type=\"column\">\n\t\t\t<div class=\"elementor-widget-wrap elementor-element-populated\">\n\t\t\t\t\t\t<div class=\"elementor-element elementor-element-0e37a83 elementor-widget elementor-widget-text-editor\" data-id=\"0e37a83\" data-element_type=\"widget\" data-widget_type=\"text-editor.default\">\n\t\t\t\t<div class=\"elementor-widget-container\">\n\t\t\t\t\t\t\t\t\t<p>Bas\u0131n\u00e7 alt\u0131nda sinterleme deyince, elmas tozunun muhtelif ba\u011flay\u0131c\u0131\nkar\u0131\u015f\u0131mlarla birlikte \u00f6zel kal\u0131plar i\u00e7inde y\u00fcksek is\u0131 ve bas\u0131n\u00e7 alt\u0131nda\ntutulmas\u0131 metodu ile kar\u015f\u0131la\u015f\u0131r\u0131z. Bu metodda y\u00fcksek s\u0131cakl\u0131klar s\u00f6z\nkonusu oldu\u011fundan sinterlenmenin i\u00e7inde olu\u015fturuldu\u011fu kal\u0131p\npar\u00e7alar\u0131n\u0131n grafit malzemeden imal edilmesi ka\u00e7\u0131n\u0131lmazd\u0131r. Elektrik\ndirenci metoduyla \u0131s\u0131tma sa\u011flayan tezgahlarda, yass\u0131 yada silindirik,\n\nmuhtelif \u00f6l\u00e7\u00fc ve formlarda sinterlenecek par\u00e7alar \u00fczerinde sa\u011flanacak\ny\u00fcksek \u0131s\u0131, sinterlenecek tozu i\u00e7inde bar\u0131nd\u0131racak grafit par\u00e7alardan\nolu\u015fturulan yuvalar \u00fczerinden ge\u00e7irilen elektrik ak\u0131m\u0131 sayesinde elde\nedilir.\nHedeflenen formlarda soket \u00f6l\u00e7\u00fcs\u00fcne g\u00f6re tasarlanm\u0131\u015f ince grafit\nplakalar, aralar\u0131nda elmas tozu yerle\u015ftirilecek bo\u015fluk b\u0131rakacak \u015fekilde bir\nsinterleme kal\u0131p bloku olu\u015fturacak \u015feklide gruplan\u0131r. Bu grafit bloku,\nbas\u0131n\u00e7l\u0131 sinterleme tezgah\u0131n\u0131n iki \u00e7enesi aras\u0131na yerle\u015ftirilerek \u00fczerinden\nge\u00e7irilen elektrik ak\u0131m\u0131 sayesinde y\u00fcksek s\u0131cakl\u0131\u011fa \u00e7\u0131kart\u0131larak, ara\nbo\u015fluklar\u0131na yerle\u015ftirilmi\u015f olan elmas tozunun sinterlenmesi sa\u011flan\u0131r.\nTeknik Grafit ltd olarak bu t\u00fcr sinterleme tezgahlar\u0131nda enerji t\u00fcketimini\nve, bas\u0131nca maruz b\u0131rak\u0131lan grafit plakalar\u0131n k\u0131r\u0131lmas\u0131 yoluyla malzeme\nkayb\u0131n\u0131 asgariye d\u00fc\u015f\u00fcrecek optimum \u015fartlar\u0131 sa\u011flayan grafit malzemeleri\nse\u00e7mek \u00fczere geni\u015f bir stok yelpazesine sahibiz. Konu ile ilgili 30 y\u0131l\u0131 a\u015fk\u0131n\n\u00e7al\u0131\u015fmalar\u0131m\u0131z\u0131n sa\u011flad\u0131\u011f\u0131 bilgi birikimizle, siz soket \u00fcreticilerine en uygun\n\u015fartlarda \u00e7al\u0131\u015facak ve s\u00fcrd\u00fcr\u00fclebilir kalitede bir \u00fcr\u00fcn elde edecek\nmalzemeleri sa\u011flamay\u0131 hedefliyoruz.\nHer t\u00fcr sorununuza cevap arama \u00e7abam\u0131zdan emin olarak, teknik ya da\ni\u015fletme konular\u0131nda firmam\u0131zla temas etmekten ka\u00e7\u0131nmaman\u0131z\u0131 rica eder,\n\u00fcr\u00fcnlerimizi kullanmaya karar verdi\u011finizde, uzun vadeli, g\u00fcvenilir bir ortak\nedindi\u011finizi bilmenizi isteriz.<\/p>\t\t\t\t\t\t\t\t<\/div>\n\t\t\t\t<\/div>\n\t\t\t\t\t<\/div>\n\t\t<\/div>\n\t\t\t\t\t<\/div>\n\t\t<\/section>\n\t\t\t\t<section class=\"elementor-section elementor-top-section elementor-element elementor-element-6985176 elementor-section-boxed elementor-section-height-default elementor-section-height-default\" data-id=\"6985176\" data-element_type=\"section\">\n\t\t\t\t\t\t<div class=\"elementor-container elementor-column-gap-no\">\n\t\t\t\t\t<div class=\"elementor-column elementor-col-100 elementor-top-column elementor-element elementor-element-920ad47\" data-id=\"920ad47\" data-element_type=\"column\">\n\t\t\t<div class=\"elementor-widget-wrap elementor-element-populated\">\n\t\t\t\t\t\t<section class=\"elementor-section elementor-inner-section elementor-element elementor-element-20d92bb elementor-section-boxed elementor-section-height-default elementor-section-height-default\" data-id=\"20d92bb\" data-element_type=\"section\">\n\t\t\t\t\t\t<div class=\"elementor-container elementor-column-gap-default\">\n\t\t\t\t\t<div class=\"elementor-column elementor-col-50 elementor-inner-column elementor-element elementor-element-2cadff3\" data-id=\"2cadff3\" data-element_type=\"column\">\n\t\t\t<div class=\"elementor-widget-wrap elementor-element-populated\">\n\t\t\t\t\t\t<div class=\"elementor-element elementor-element-0a5ad51 elementor-widget elementor-widget-image\" data-id=\"0a5ad51\" data-element_type=\"widget\" data-widget_type=\"image.default\">\n\t\t\t\t<div class=\"elementor-widget-container\">\n\t\t\t\t\t\t\t\t\t\t\t\t\t\t\t<img fetchpriority=\"high\" decoding=\"async\" width=\"763\" height=\"1024\" src=\"https:\/\/teknikgrafit.com\/wp-content\/uploads\/2020\/09\/3_3_ELMAS-SOKET-KALIP-VE-CAKILARI-2_clipped_rev_1-763x1024.png\" class=\"attachment-large size-large wp-image-1207\" alt=\"\" srcset=\"https:\/\/teknikgrafit.com\/wp-content\/uploads\/2020\/09\/3_3_ELMAS-SOKET-KALIP-VE-CAKILARI-2_clipped_rev_1-763x1024.png 763w, https:\/\/teknikgrafit.com\/wp-content\/uploads\/2020\/09\/3_3_ELMAS-SOKET-KALIP-VE-CAKILARI-2_clipped_rev_1-224x300.png 224w, https:\/\/teknikgrafit.com\/wp-content\/uploads\/2020\/09\/3_3_ELMAS-SOKET-KALIP-VE-CAKILARI-2_clipped_rev_1-768x1030.png 768w, https:\/\/teknikgrafit.com\/wp-content\/uploads\/2020\/09\/3_3_ELMAS-SOKET-KALIP-VE-CAKILARI-2_clipped_rev_1-1145x1536.png 1145w, https:\/\/teknikgrafit.com\/wp-content\/uploads\/2020\/09\/3_3_ELMAS-SOKET-KALIP-VE-CAKILARI-2_clipped_rev_1-1527x2048.png 1527w, https:\/\/teknikgrafit.com\/wp-content\/uploads\/2020\/09\/3_3_ELMAS-SOKET-KALIP-VE-CAKILARI-2_clipped_rev_1.png 1768w\" sizes=\"(max-width: 763px) 100vw, 763px\" \/>\t\t\t\t\t\t\t\t\t\t\t\t\t\t\t<\/div>\n\t\t\t\t<\/div>\n\t\t\t\t\t<\/div>\n\t\t<\/div>\n\t\t\t\t<div class=\"elementor-column elementor-col-50 elementor-inner-column elementor-element elementor-element-ab848f4\" data-id=\"ab848f4\" data-element_type=\"column\">\n\t\t\t<div class=\"elementor-widget-wrap elementor-element-populated\">\n\t\t\t\t\t\t<div class=\"elementor-element elementor-element-2f11c51 elementor-widget elementor-widget-image\" data-id=\"2f11c51\" data-element_type=\"widget\" data-widget_type=\"image.default\">\n\t\t\t\t<div class=\"elementor-widget-container\">\n\t\t\t\t\t\t\t\t\t\t\t\t\t\t\t<img decoding=\"async\" width=\"1024\" height=\"753\" src=\"https:\/\/teknikgrafit.com\/wp-content\/uploads\/2020\/09\/3_2_H_sinterleme-kalip-ve-pullari-1024x753.jpg\" class=\"attachment-large size-large wp-image-1105\" alt=\"\" srcset=\"https:\/\/teknikgrafit.com\/wp-content\/uploads\/2020\/09\/3_2_H_sinterleme-kalip-ve-pullari-1024x753.jpg 1024w, https:\/\/teknikgrafit.com\/wp-content\/uploads\/2020\/09\/3_2_H_sinterleme-kalip-ve-pullari-300x221.jpg 300w, https:\/\/teknikgrafit.com\/wp-content\/uploads\/2020\/09\/3_2_H_sinterleme-kalip-ve-pullari-768x565.jpg 768w, https:\/\/teknikgrafit.com\/wp-content\/uploads\/2020\/09\/3_2_H_sinterleme-kalip-ve-pullari-1536x1129.jpg 1536w, https:\/\/teknikgrafit.com\/wp-content\/uploads\/2020\/09\/3_2_H_sinterleme-kalip-ve-pullari-2048x1506.jpg 2048w\" sizes=\"(max-width: 1024px) 100vw, 1024px\" \/>\t\t\t\t\t\t\t\t\t\t\t\t\t\t\t<\/div>\n\t\t\t\t<\/div>\n\t\t\t\t\t<\/div>\n\t\t<\/div>\n\t\t\t\t\t<\/div>\n\t\t<\/section>\n\t\t\t\t\t<\/div>\n\t\t<\/div>\n\t\t\t\t\t<\/div>\n\t\t<\/section>\n\t\t\t\t<\/div>","protected":false},"excerpt":{"rendered":"<p>PRESSURE SINTERING MOULDS Home Products Products Electrical ApplicationsMechanical ApplicationsMetallurgical and Speciality GraphiteContinuous Casting DiesPrecious Metal Casting Dies and CruciblesPressure Sintering MouldsGlass MoldingEDM Materials and other Speciality Graphite Products Pressure sintering is the method of holding diamond powder in special moulds with various mixtures at high temperatures and under pressure. Since high temperatures are in equation, &hellip;<\/p>\n<p class=\"read-more\"> <a class=\"\" href=\"https:\/\/teknikgrafit.com\/tr\/metallurgical-and-special-graphite\/pressure-sintering-moulds\/\"> <span class=\"screen-reader-text\">Elmas Soket Sinterleme Kal\u0131plar\u0131<\/span> Read More &raquo;<\/a><\/p>","protected":false},"author":1,"featured_media":0,"parent":862,"menu_order":0,"comment_status":"closed","ping_status":"closed","template":"elementor_header_footer","meta":{"footnotes":""},"class_list":["post-868","page","type-page","status-publish","hentry"],"yoast_head":"<!-- This site is optimized with the Yoast SEO plugin v26.9 - https:\/\/yoast.com\/product\/yoast-seo-wordpress\/ -->\n<title>Pressure Sintering Moulds - Teknik Grafit | Expert in Graphite Manufacturing<\/title>\n<meta name=\"robots\" content=\"index, follow, max-snippet:-1, max-image-preview:large, max-video-preview:-1\" \/>\n<link rel=\"canonical\" href=\"https:\/\/teknikgrafit.com\/tr\/metallurgical-and-special-graphite\/pressure-sintering-moulds\/\" \/>\n<meta property=\"og:locale\" content=\"tr_TR\" \/>\n<meta property=\"og:type\" content=\"article\" \/>\n<meta property=\"og:title\" content=\"Pressure Sintering Moulds - Teknik Grafit | Expert in Graphite Manufacturing\" \/>\n<meta property=\"og:description\" content=\"PRESSURE SINTERING MOULDS Home Products Products Electrical ApplicationsMechanical ApplicationsMetallurgical and Speciality GraphiteContinuous Casting DiesPrecious Metal Casting Dies and CruciblesPressure Sintering MouldsGlass MoldingEDM Materials and other Speciality Graphite Products Pressure sintering is the method of holding diamond powder in special moulds with various mixtures at high temperatures and under pressure. Since high temperatures are in equation, &hellip; Pressure Sintering Moulds Read More &raquo;\" \/>\n<meta property=\"og:url\" content=\"https:\/\/teknikgrafit.com\/tr\/metallurgical-and-special-graphite\/pressure-sintering-moulds\/\" \/>\n<meta property=\"og:site_name\" content=\"Teknik Grafit | Expert in Graphite Manufacturing\" \/>\n<meta property=\"article:modified_time\" content=\"2020-10-01T09:53:02+00:00\" \/>\n<meta property=\"og:image\" content=\"http:\/\/teknikgrafit.com\/wp-content\/uploads\/2020\/09\/3_3_ELMAS-SOKET-KALIP-VE-CAKILARI-2_clipped_rev_1-763x1024.png\" \/>\n<meta name=\"twitter:card\" content=\"summary_large_image\" \/>\n<meta name=\"twitter:label1\" content=\"Tahmini okuma s\u00fcresi\" \/>\n\t<meta name=\"twitter:data1\" content=\"1 dakika\" \/>\n<script type=\"application\/ld+json\" class=\"yoast-schema-graph\">{\"@context\":\"https:\/\/schema.org\",\"@graph\":[{\"@type\":\"WebPage\",\"@id\":\"https:\/\/teknikgrafit.com\/tr\/metallurgical-and-special-graphite\/pressure-sintering-moulds\/\",\"url\":\"https:\/\/teknikgrafit.com\/tr\/metallurgical-and-special-graphite\/pressure-sintering-moulds\/\",\"name\":\"Pressure Sintering Moulds - Teknik Grafit | Expert in Graphite Manufacturing\",\"isPartOf\":{\"@id\":\"https:\/\/teknikgrafit.com\/#website\"},\"primaryImageOfPage\":{\"@id\":\"https:\/\/teknikgrafit.com\/tr\/metallurgical-and-special-graphite\/pressure-sintering-moulds\/#primaryimage\"},\"image\":{\"@id\":\"https:\/\/teknikgrafit.com\/tr\/metallurgical-and-special-graphite\/pressure-sintering-moulds\/#primaryimage\"},\"thumbnailUrl\":\"http:\/\/teknikgrafit.com\/wp-content\/uploads\/2020\/09\/3_3_ELMAS-SOKET-KALIP-VE-CAKILARI-2_clipped_rev_1-763x1024.png\",\"datePublished\":\"2020-09-07T17:59:21+00:00\",\"dateModified\":\"2020-10-01T09:53:02+00:00\",\"breadcrumb\":{\"@id\":\"https:\/\/teknikgrafit.com\/tr\/metallurgical-and-special-graphite\/pressure-sintering-moulds\/#breadcrumb\"},\"inLanguage\":\"tr\",\"potentialAction\":[{\"@type\":\"ReadAction\",\"target\":[\"https:\/\/teknikgrafit.com\/tr\/metallurgical-and-special-graphite\/pressure-sintering-moulds\/\"]}]},{\"@type\":\"ImageObject\",\"inLanguage\":\"tr\",\"@id\":\"https:\/\/teknikgrafit.com\/tr\/metallurgical-and-special-graphite\/pressure-sintering-moulds\/#primaryimage\",\"url\":\"http:\/\/teknikgrafit.com\/wp-content\/uploads\/2020\/09\/3_3_ELMAS-SOKET-KALIP-VE-CAKILARI-2_clipped_rev_1-763x1024.png\",\"contentUrl\":\"http:\/\/teknikgrafit.com\/wp-content\/uploads\/2020\/09\/3_3_ELMAS-SOKET-KALIP-VE-CAKILARI-2_clipped_rev_1-763x1024.png\"},{\"@type\":\"BreadcrumbList\",\"@id\":\"https:\/\/teknikgrafit.com\/tr\/metallurgical-and-special-graphite\/pressure-sintering-moulds\/#breadcrumb\",\"itemListElement\":[{\"@type\":\"ListItem\",\"position\":1,\"name\":\"Home\",\"item\":\"https:\/\/teknikgrafit.com\/\"},{\"@type\":\"ListItem\",\"position\":2,\"name\":\"Metallurgical and Speciality Graphite\",\"item\":\"https:\/\/teknikgrafit.com\/tr\/metallurgical-and-special-graphite\/\"},{\"@type\":\"ListItem\",\"position\":3,\"name\":\"Pressure Sintering Moulds\"}]},{\"@type\":\"WebSite\",\"@id\":\"https:\/\/teknikgrafit.com\/#website\",\"url\":\"https:\/\/teknikgrafit.com\/\",\"name\":\"Teknik Grafit | Expert in Graphite Manufacturing\",\"description\":\"\",\"publisher\":{\"@id\":\"https:\/\/teknikgrafit.com\/#organization\"},\"potentialAction\":[{\"@type\":\"SearchAction\",\"target\":{\"@type\":\"EntryPoint\",\"urlTemplate\":\"https:\/\/teknikgrafit.com\/?s={search_term_string}\"},\"query-input\":{\"@type\":\"PropertyValueSpecification\",\"valueRequired\":true,\"valueName\":\"search_term_string\"}}],\"inLanguage\":\"tr\"},{\"@type\":\"Organization\",\"@id\":\"https:\/\/teknikgrafit.com\/#organization\",\"name\":\"Teknik Grafit | Expert in Graphite Manufacturing\",\"url\":\"https:\/\/teknikgrafit.com\/\",\"logo\":{\"@type\":\"ImageObject\",\"inLanguage\":\"tr\",\"@id\":\"https:\/\/teknikgrafit.com\/#\/schema\/logo\/image\/\",\"url\":\"https:\/\/teknikgrafit.com\/wp-content\/uploads\/2020\/09\/cropped-logo_clipped_rev_1.png\",\"contentUrl\":\"https:\/\/teknikgrafit.com\/wp-content\/uploads\/2020\/09\/cropped-logo_clipped_rev_1.png\",\"width\":300,\"height\":113,\"caption\":\"Teknik Grafit | Expert in Graphite Manufacturing\"},\"image\":{\"@id\":\"https:\/\/teknikgrafit.com\/#\/schema\/logo\/image\/\"}}]}<\/script>\n<!-- \/ Yoast SEO plugin. -->","yoast_head_json":{"title":"Pressure Sintering Moulds - Teknik Grafit | Expert in Graphite Manufacturing","robots":{"index":"index","follow":"follow","max-snippet":"max-snippet:-1","max-image-preview":"max-image-preview:large","max-video-preview":"max-video-preview:-1"},"canonical":"https:\/\/teknikgrafit.com\/tr\/metallurgical-and-special-graphite\/pressure-sintering-moulds\/","og_locale":"tr_TR","og_type":"article","og_title":"Pressure Sintering Moulds - Teknik Grafit | Expert in Graphite Manufacturing","og_description":"PRESSURE SINTERING MOULDS Home Products Products Electrical ApplicationsMechanical ApplicationsMetallurgical and Speciality GraphiteContinuous Casting DiesPrecious Metal Casting Dies and CruciblesPressure Sintering MouldsGlass MoldingEDM Materials and other Speciality Graphite Products Pressure sintering is the method of holding diamond powder in special moulds with various mixtures at high temperatures and under pressure. Since high temperatures are in equation, &hellip; Pressure Sintering Moulds Read More &raquo;","og_url":"https:\/\/teknikgrafit.com\/tr\/metallurgical-and-special-graphite\/pressure-sintering-moulds\/","og_site_name":"Teknik Grafit | Expert in Graphite Manufacturing","article_modified_time":"2020-10-01T09:53:02+00:00","og_image":[{"url":"http:\/\/teknikgrafit.com\/wp-content\/uploads\/2020\/09\/3_3_ELMAS-SOKET-KALIP-VE-CAKILARI-2_clipped_rev_1-763x1024.png","type":"","width":"","height":""}],"twitter_card":"summary_large_image","twitter_misc":{"Tahmini okuma s\u00fcresi":"1 dakika"},"schema":{"@context":"https:\/\/schema.org","@graph":[{"@type":"WebPage","@id":"https:\/\/teknikgrafit.com\/tr\/metallurgical-and-special-graphite\/pressure-sintering-moulds\/","url":"https:\/\/teknikgrafit.com\/tr\/metallurgical-and-special-graphite\/pressure-sintering-moulds\/","name":"Pressure Sintering Moulds - Teknik Grafit | Expert in Graphite Manufacturing","isPartOf":{"@id":"https:\/\/teknikgrafit.com\/#website"},"primaryImageOfPage":{"@id":"https:\/\/teknikgrafit.com\/tr\/metallurgical-and-special-graphite\/pressure-sintering-moulds\/#primaryimage"},"image":{"@id":"https:\/\/teknikgrafit.com\/tr\/metallurgical-and-special-graphite\/pressure-sintering-moulds\/#primaryimage"},"thumbnailUrl":"http:\/\/teknikgrafit.com\/wp-content\/uploads\/2020\/09\/3_3_ELMAS-SOKET-KALIP-VE-CAKILARI-2_clipped_rev_1-763x1024.png","datePublished":"2020-09-07T17:59:21+00:00","dateModified":"2020-10-01T09:53:02+00:00","breadcrumb":{"@id":"https:\/\/teknikgrafit.com\/tr\/metallurgical-and-special-graphite\/pressure-sintering-moulds\/#breadcrumb"},"inLanguage":"tr","potentialAction":[{"@type":"ReadAction","target":["https:\/\/teknikgrafit.com\/tr\/metallurgical-and-special-graphite\/pressure-sintering-moulds\/"]}]},{"@type":"ImageObject","inLanguage":"tr","@id":"https:\/\/teknikgrafit.com\/tr\/metallurgical-and-special-graphite\/pressure-sintering-moulds\/#primaryimage","url":"http:\/\/teknikgrafit.com\/wp-content\/uploads\/2020\/09\/3_3_ELMAS-SOKET-KALIP-VE-CAKILARI-2_clipped_rev_1-763x1024.png","contentUrl":"http:\/\/teknikgrafit.com\/wp-content\/uploads\/2020\/09\/3_3_ELMAS-SOKET-KALIP-VE-CAKILARI-2_clipped_rev_1-763x1024.png"},{"@type":"BreadcrumbList","@id":"https:\/\/teknikgrafit.com\/tr\/metallurgical-and-special-graphite\/pressure-sintering-moulds\/#breadcrumb","itemListElement":[{"@type":"ListItem","position":1,"name":"Home","item":"https:\/\/teknikgrafit.com\/"},{"@type":"ListItem","position":2,"name":"Metallurgical and Speciality Graphite","item":"https:\/\/teknikgrafit.com\/tr\/metallurgical-and-special-graphite\/"},{"@type":"ListItem","position":3,"name":"Pressure Sintering Moulds"}]},{"@type":"WebSite","@id":"https:\/\/teknikgrafit.com\/#website","url":"https:\/\/teknikgrafit.com\/","name":"Teknik Grafit | Expert in Graphite Manufacturing","description":"","publisher":{"@id":"https:\/\/teknikgrafit.com\/#organization"},"potentialAction":[{"@type":"SearchAction","target":{"@type":"EntryPoint","urlTemplate":"https:\/\/teknikgrafit.com\/?s={search_term_string}"},"query-input":{"@type":"PropertyValueSpecification","valueRequired":true,"valueName":"search_term_string"}}],"inLanguage":"tr"},{"@type":"Organization","@id":"https:\/\/teknikgrafit.com\/#organization","name":"Teknik Grafit | Expert in Graphite Manufacturing","url":"https:\/\/teknikgrafit.com\/","logo":{"@type":"ImageObject","inLanguage":"tr","@id":"https:\/\/teknikgrafit.com\/#\/schema\/logo\/image\/","url":"https:\/\/teknikgrafit.com\/wp-content\/uploads\/2020\/09\/cropped-logo_clipped_rev_1.png","contentUrl":"https:\/\/teknikgrafit.com\/wp-content\/uploads\/2020\/09\/cropped-logo_clipped_rev_1.png","width":300,"height":113,"caption":"Teknik Grafit | Expert in Graphite Manufacturing"},"image":{"@id":"https:\/\/teknikgrafit.com\/#\/schema\/logo\/image\/"}}]}},"jetpack_sharing_enabled":true,"_links":{"self":[{"href":"https:\/\/teknikgrafit.com\/tr\/wp-json\/wp\/v2\/pages\/868","targetHints":{"allow":["GET"]}}],"collection":[{"href":"https:\/\/teknikgrafit.com\/tr\/wp-json\/wp\/v2\/pages"}],"about":[{"href":"https:\/\/teknikgrafit.com\/tr\/wp-json\/wp\/v2\/types\/page"}],"author":[{"embeddable":true,"href":"https:\/\/teknikgrafit.com\/tr\/wp-json\/wp\/v2\/users\/1"}],"replies":[{"embeddable":true,"href":"https:\/\/teknikgrafit.com\/tr\/wp-json\/wp\/v2\/comments?post=868"}],"version-history":[{"count":38,"href":"https:\/\/teknikgrafit.com\/tr\/wp-json\/wp\/v2\/pages\/868\/revisions"}],"predecessor-version":[{"id":1241,"href":"https:\/\/teknikgrafit.com\/tr\/wp-json\/wp\/v2\/pages\/868\/revisions\/1241"}],"up":[{"embeddable":true,"href":"https:\/\/teknikgrafit.com\/tr\/wp-json\/wp\/v2\/pages\/862"}],"wp:attachment":[{"href":"https:\/\/teknikgrafit.com\/tr\/wp-json\/wp\/v2\/media?parent=868"}],"curies":[{"name":"wp","href":"https:\/\/api.w.org\/{rel}","templated":true}]}}