{"id":864,"date":"2020-09-07T17:57:48","date_gmt":"2020-09-07T17:57:48","guid":{"rendered":"http:\/\/teknikgrafit.com\/?page_id=864"},"modified":"2024-07-18T14:21:48","modified_gmt":"2024-07-18T14:21:48","slug":"864-2","status":"publish","type":"page","link":"https:\/\/teknikgrafit.com\/tr\/metallurgical-and-special-graphite\/864-2\/","title":{"rendered":"S\u00fcrekli D\u00f6k\u00fcm Potalar\u0131 ve Kokilleri"},"content":{"rendered":"<div data-elementor-type=\"wp-page\" data-elementor-id=\"864\" class=\"elementor elementor-864\">\n\t\t\t\t\t\t<section class=\"elementor-section elementor-top-section elementor-element elementor-element-23def7f elementor-section-boxed elementor-section-height-default elementor-section-height-default\" data-id=\"23def7f\" data-element_type=\"section\">\n\t\t\t\t\t\t<div class=\"elementor-container elementor-column-gap-default\">\n\t\t\t\t\t<div class=\"elementor-column elementor-col-100 elementor-top-column elementor-element elementor-element-96d3c33\" data-id=\"96d3c33\" data-element_type=\"column\">\n\t\t\t<div class=\"elementor-widget-wrap elementor-element-populated\">\n\t\t\t\t\t\t<div class=\"elementor-element elementor-element-899e51e elementor-widget elementor-widget-heading\" data-id=\"899e51e\" data-element_type=\"widget\" data-widget_type=\"heading.default\">\n\t\t\t\t<div class=\"elementor-widget-container\">\n\t\t\t\t\t<h2 class=\"elementor-heading-title elementor-size-default\">S\u00fcrekli D\u00f6k\u00fcm Potalar\u0131 ve Kokilleri<\/h2>\t\t\t\t<\/div>\n\t\t\t\t<\/div>\n\t\t\t\t\t<\/div>\n\t\t<\/div>\n\t\t\t\t\t<\/div>\n\t\t<\/section>\n\t\t\t\t<section class=\"elementor-section elementor-top-section elementor-element elementor-element-b00b365 elementor-section-boxed elementor-section-height-default elementor-section-height-default\" data-id=\"b00b365\" data-element_type=\"section\">\n\t\t\t\t\t\t<div class=\"elementor-container elementor-column-gap-default\">\n\t\t\t\t\t<div class=\"elementor-column elementor-col-100 elementor-top-column elementor-element elementor-element-45223d5\" data-id=\"45223d5\" data-element_type=\"column\">\n\t\t\t<div class=\"elementor-widget-wrap elementor-element-populated\">\n\t\t\t\t\t\t<section class=\"elementor-section elementor-inner-section elementor-element elementor-element-d64c1da elementor-section-boxed elementor-section-height-default elementor-section-height-default\" data-id=\"d64c1da\" data-element_type=\"section\">\n\t\t\t\t\t\t<div class=\"elementor-container elementor-column-gap-default\">\n\t\t\t\t\t<div class=\"elementor-column elementor-col-50 elementor-inner-column elementor-element elementor-element-e4c1956\" data-id=\"e4c1956\" data-element_type=\"column\">\n\t\t\t<div class=\"elementor-widget-wrap elementor-element-populated\">\n\t\t\t\t\t\t<div class=\"elementor-element elementor-element-da90f12 elementor-widget elementor-widget-text-editor\" data-id=\"da90f12\" data-element_type=\"widget\" data-widget_type=\"text-editor.default\">\n\t\t\t\t<div class=\"elementor-widget-container\">\n\t\t\t\t\t\t\t\t\t<p>Demir ve demir-d\u0131\u015f\u0131 metallerin s\u00fcrekli d\u00f6k\u00fcm\u00fc, Bu metodunun, kesintisiz\n\u00fcretim avantaj\u0131 sunmas\u0131 ve optimum malzeme kalitesi sa\u011flamas\u0131\nnedeniyle, yayg\u0131n olarak kullan\u0131lan bir imalat y\u00f6ntemidir. Y\u00fcksek mekanik\nmukavemeti, \u0130yi kayma \u00f6zellikleri, Y\u00fcksek s\u0131cakl\u0131klara dayan\u0131m\u0131, Y\u00fcksek\nsafl\u0131k derecesi, Oksidasyona direnci, Y\u00fcksek termal \u015fok direnci, Y\u00fcksek\nkorozyon direnci, Y\u00fcksek \u0131s\u0131l iletkenli\u011fi sayesinde Grafit, bu d\u00f6k\u00fcm\nsisteminin ana par\u00e7as\u0131 olan s\u00fcrekli d\u00f6k\u00fcm kal\u0131plar\u0131n\u0131n imalat\u0131nda\nvazge\u00e7ilemez bir hammaddedir.\nYass\u0131 yada k\u00fct\u00fck formunda, \u00e7e\u015fitli boyutlarda s\u00fcrekli d\u00f6k\u00fclecek\nmalzemenin t\u00fcr\u00fc ve kullan\u0131lacak y\u00f6nteme uygun olarak, farkl\u0131\nuygulamalar\u0131n \u00f6zel gereksinimlerini kar\u015f\u0131layan geni\u015f bir grafit hammadde\nyelpazesi mevcuttur. Istenilen kriterlere en uygun kal\u0131p hammaddesinin\ntayini, derin bir tecr\u00fcbeye dayan\u0131r. Firmam\u0131z elemanlar\u0131 bu konuda\noptimum \u00e7\u00f6z\u00fcmleri \u00fcretebilecek 30 y\u0131l\u0131 a\u015fk\u0131n bir bilgi birikimiyle\ndonat\u0131lm\u0131\u015flard\u0131r.<\/p>\t\t\t\t\t\t\t\t<\/div>\n\t\t\t\t<\/div>\n\t\t\t\t\t<\/div>\n\t\t<\/div>\n\t\t\t\t<div class=\"elementor-column elementor-col-50 elementor-inner-column elementor-element elementor-element-7357408\" data-id=\"7357408\" data-element_type=\"column\">\n\t\t\t<div class=\"elementor-widget-wrap elementor-element-populated\">\n\t\t\t\t\t\t<div class=\"elementor-element elementor-element-be14853 elementor-widget elementor-widget-image\" data-id=\"be14853\" data-element_type=\"widget\" data-widget_type=\"image.default\">\n\t\t\t\t<div class=\"elementor-widget-container\">\n\t\t\t\t\t\t\t\t\t\t\t\t\t\t\t<img fetchpriority=\"high\" decoding=\"async\" width=\"1024\" height=\"768\" src=\"https:\/\/teknikgrafit.com\/wp-content\/uploads\/2020\/07\/7_Potalar-1024x768.jpg\" class=\"attachment-large size-large wp-image-503\" alt=\"\" srcset=\"https:\/\/teknikgrafit.com\/wp-content\/uploads\/2020\/07\/7_Potalar-1024x768.jpg 1024w, https:\/\/teknikgrafit.com\/wp-content\/uploads\/2020\/07\/7_Potalar-300x225.jpg 300w, https:\/\/teknikgrafit.com\/wp-content\/uploads\/2020\/07\/7_Potalar-768x576.jpg 768w, https:\/\/teknikgrafit.com\/wp-content\/uploads\/2020\/07\/7_Potalar-1536x1152.jpg 1536w\" sizes=\"(max-width: 1024px) 100vw, 1024px\" \/>\t\t\t\t\t\t\t\t\t\t\t\t\t\t\t<\/div>\n\t\t\t\t<\/div>\n\t\t\t\t\t<\/div>\n\t\t<\/div>\n\t\t\t\t\t<\/div>\n\t\t<\/section>\n\t\t\t\t\t<\/div>\n\t\t<\/div>\n\t\t\t\t\t<\/div>\n\t\t<\/section>\n\t\t\t\t<section class=\"elementor-section elementor-top-section elementor-element elementor-element-4970f20 elementor-section-boxed elementor-section-height-default elementor-section-height-default\" data-id=\"4970f20\" data-element_type=\"section\">\n\t\t\t\t\t\t<div class=\"elementor-container elementor-column-gap-default\">\n\t\t\t\t\t<div class=\"elementor-column elementor-col-100 elementor-top-column elementor-element elementor-element-1f13297\" data-id=\"1f13297\" data-element_type=\"column\">\n\t\t\t<div class=\"elementor-widget-wrap elementor-element-populated\">\n\t\t\t\t\t\t<section class=\"elementor-section elementor-inner-section elementor-element elementor-element-4c91983 elementor-section-boxed elementor-section-height-default elementor-section-height-default\" data-id=\"4c91983\" data-element_type=\"section\">\n\t\t\t\t\t\t<div class=\"elementor-container elementor-column-gap-default\">\n\t\t\t\t\t<div class=\"elementor-column elementor-col-50 elementor-inner-column elementor-element elementor-element-d6eecd0\" data-id=\"d6eecd0\" data-element_type=\"column\">\n\t\t\t<div class=\"elementor-widget-wrap elementor-element-populated\">\n\t\t\t\t\t\t<div class=\"elementor-element elementor-element-63ac38f elementor-widget elementor-widget-image\" data-id=\"63ac38f\" data-element_type=\"widget\" data-widget_type=\"image.default\">\n\t\t\t\t<div class=\"elementor-widget-container\">\n\t\t\t\t\t\t\t\t\t\t\t\t\t\t\t<img decoding=\"async\" width=\"450\" height=\"600\" src=\"https:\/\/teknikgrafit.com\/wp-content\/uploads\/2020\/07\/rsz_1rsz_7_potalar_d.jpg\" class=\"attachment-large size-large wp-image-533\" alt=\"\" srcset=\"https:\/\/teknikgrafit.com\/wp-content\/uploads\/2020\/07\/rsz_1rsz_7_potalar_d.jpg 450w, https:\/\/teknikgrafit.com\/wp-content\/uploads\/2020\/07\/rsz_1rsz_7_potalar_d-225x300.jpg 225w\" sizes=\"(max-width: 450px) 100vw, 450px\" \/>\t\t\t\t\t\t\t\t\t\t\t\t\t\t\t<\/div>\n\t\t\t\t<\/div>\n\t\t\t\t\t<\/div>\n\t\t<\/div>\n\t\t\t\t<div class=\"elementor-column elementor-col-50 elementor-inner-column elementor-element elementor-element-05c3713\" data-id=\"05c3713\" data-element_type=\"column\">\n\t\t\t<div class=\"elementor-widget-wrap elementor-element-populated\">\n\t\t\t\t\t\t<div class=\"elementor-element elementor-element-1d6c2f9 elementor-widget elementor-widget-image\" data-id=\"1d6c2f9\" data-element_type=\"widget\" data-widget_type=\"image.default\">\n\t\t\t\t<div class=\"elementor-widget-container\">\n\t\t\t\t\t\t\t\t\t\t\t\t\t\t\t<img decoding=\"async\" width=\"768\" height=\"1024\" src=\"https:\/\/teknikgrafit.com\/wp-content\/uploads\/2020\/07\/7_Potalar_b-768x1024.jpg\" class=\"attachment-large size-large wp-image-501\" alt=\"\" srcset=\"https:\/\/teknikgrafit.com\/wp-content\/uploads\/2020\/07\/7_Potalar_b-768x1024.jpg 768w, https:\/\/teknikgrafit.com\/wp-content\/uploads\/2020\/07\/7_Potalar_b-225x300.jpg 225w, https:\/\/teknikgrafit.com\/wp-content\/uploads\/2020\/07\/7_Potalar_b-1152x1536.jpg 1152w, https:\/\/teknikgrafit.com\/wp-content\/uploads\/2020\/07\/7_Potalar_b.jpg 1536w\" sizes=\"(max-width: 768px) 100vw, 768px\" \/>\t\t\t\t\t\t\t\t\t\t\t\t\t\t\t<\/div>\n\t\t\t\t<\/div>\n\t\t\t\t\t<\/div>\n\t\t<\/div>\n\t\t\t\t\t<\/div>\n\t\t<\/section>\n\t\t\t\t\t<\/div>\n\t\t<\/div>\n\t\t\t\t\t<\/div>\n\t\t<\/section>\n\t\t\t\t<\/div>","protected":false},"excerpt":{"rendered":"<p>Continuous Casting Dies Graphite, due to its efficiency in high temperatures and endurance to oxidation, is an essential raw material for continuous casting. There is a wide range of graphite grades,flat or billet, and each one of them are specifically manufactured for different types of materials that are used in continuous casting. Choosing the appropriate &hellip;<\/p>\n<p class=\"read-more\"> <a class=\"\" href=\"https:\/\/teknikgrafit.com\/tr\/metallurgical-and-special-graphite\/864-2\/\"> <span class=\"screen-reader-text\">S\u00fcrekli D\u00f6k\u00fcm Potalar\u0131 ve Kokilleri<\/span> Read More &raquo;<\/a><\/p>","protected":false},"author":1,"featured_media":0,"parent":862,"menu_order":0,"comment_status":"closed","ping_status":"closed","template":"","meta":{"footnotes":""},"class_list":["post-864","page","type-page","status-publish","hentry"],"yoast_head":"<!-- This site is optimized with the Yoast SEO plugin v26.9 - https:\/\/yoast.com\/product\/yoast-seo-wordpress\/ -->\n<title>Continuous Casting Dies - Teknik Grafit | Expert in Graphite Manufacturing<\/title>\n<meta name=\"robots\" content=\"index, follow, max-snippet:-1, max-image-preview:large, max-video-preview:-1\" \/>\n<link rel=\"canonical\" href=\"https:\/\/teknikgrafit.com\/tr\/metallurgical-and-special-graphite\/864-2\/\" \/>\n<meta property=\"og:locale\" content=\"tr_TR\" \/>\n<meta property=\"og:type\" content=\"article\" \/>\n<meta property=\"og:title\" content=\"Continuous Casting Dies - Teknik Grafit | Expert in Graphite Manufacturing\" \/>\n<meta property=\"og:description\" content=\"Continuous Casting Dies Graphite, due to its efficiency in high temperatures and endurance to oxidation, is an essential raw material for continuous casting. There is a wide range of graphite grades,flat or billet, and each one of them are specifically manufactured for different types of materials that are used in continuous casting. Choosing the appropriate &hellip; Continuous Casting Dies Read More &raquo;\" \/>\n<meta property=\"og:url\" content=\"https:\/\/teknikgrafit.com\/tr\/metallurgical-and-special-graphite\/864-2\/\" \/>\n<meta property=\"og:site_name\" content=\"Teknik Grafit | Expert in Graphite Manufacturing\" \/>\n<meta property=\"article:modified_time\" content=\"2024-07-18T14:21:48+00:00\" \/>\n<meta property=\"og:image\" content=\"http:\/\/teknikgrafit.com\/wp-content\/uploads\/2020\/07\/7_Potalar-1024x768.jpg\" \/>\n<meta name=\"twitter:card\" content=\"summary_large_image\" \/>\n<meta name=\"twitter:label1\" content=\"Tahmini okuma s\u00fcresi\" \/>\n\t<meta name=\"twitter:data1\" content=\"1 dakika\" \/>\n<script type=\"application\/ld+json\" class=\"yoast-schema-graph\">{\"@context\":\"https:\/\/schema.org\",\"@graph\":[{\"@type\":\"WebPage\",\"@id\":\"https:\/\/teknikgrafit.com\/tr\/metallurgical-and-special-graphite\/864-2\/\",\"url\":\"https:\/\/teknikgrafit.com\/tr\/metallurgical-and-special-graphite\/864-2\/\",\"name\":\"Continuous Casting Dies - Teknik Grafit | Expert in Graphite Manufacturing\",\"isPartOf\":{\"@id\":\"http:\/\/teknikgrafit.com\/#website\"},\"primaryImageOfPage\":{\"@id\":\"https:\/\/teknikgrafit.com\/tr\/metallurgical-and-special-graphite\/864-2\/#primaryimage\"},\"image\":{\"@id\":\"https:\/\/teknikgrafit.com\/tr\/metallurgical-and-special-graphite\/864-2\/#primaryimage\"},\"thumbnailUrl\":\"http:\/\/teknikgrafit.com\/wp-content\/uploads\/2020\/07\/7_Potalar-1024x768.jpg\",\"datePublished\":\"2020-09-07T17:57:48+00:00\",\"dateModified\":\"2024-07-18T14:21:48+00:00\",\"breadcrumb\":{\"@id\":\"https:\/\/teknikgrafit.com\/tr\/metallurgical-and-special-graphite\/864-2\/#breadcrumb\"},\"inLanguage\":\"tr\",\"potentialAction\":[{\"@type\":\"ReadAction\",\"target\":[\"https:\/\/teknikgrafit.com\/tr\/metallurgical-and-special-graphite\/864-2\/\"]}]},{\"@type\":\"ImageObject\",\"inLanguage\":\"tr\",\"@id\":\"https:\/\/teknikgrafit.com\/tr\/metallurgical-and-special-graphite\/864-2\/#primaryimage\",\"url\":\"http:\/\/teknikgrafit.com\/wp-content\/uploads\/2020\/07\/7_Potalar-1024x768.jpg\",\"contentUrl\":\"http:\/\/teknikgrafit.com\/wp-content\/uploads\/2020\/07\/7_Potalar-1024x768.jpg\"},{\"@type\":\"BreadcrumbList\",\"@id\":\"https:\/\/teknikgrafit.com\/tr\/metallurgical-and-special-graphite\/864-2\/#breadcrumb\",\"itemListElement\":[{\"@type\":\"ListItem\",\"position\":1,\"name\":\"Home\",\"item\":\"http:\/\/teknikgrafit.com\/\"},{\"@type\":\"ListItem\",\"position\":2,\"name\":\"Metallurgical and Speciality Graphite\",\"item\":\"http:\/\/teknikgrafit.com\/tr\/metallurgical-and-special-graphite\/\"},{\"@type\":\"ListItem\",\"position\":3,\"name\":\"Continuous Casting Dies\"}]},{\"@type\":\"WebSite\",\"@id\":\"http:\/\/teknikgrafit.com\/#website\",\"url\":\"http:\/\/teknikgrafit.com\/\",\"name\":\"Teknik Grafit | Expert in Graphite Manufacturing\",\"description\":\"\",\"publisher\":{\"@id\":\"http:\/\/teknikgrafit.com\/#organization\"},\"potentialAction\":[{\"@type\":\"SearchAction\",\"target\":{\"@type\":\"EntryPoint\",\"urlTemplate\":\"http:\/\/teknikgrafit.com\/?s={search_term_string}\"},\"query-input\":{\"@type\":\"PropertyValueSpecification\",\"valueRequired\":true,\"valueName\":\"search_term_string\"}}],\"inLanguage\":\"tr\"},{\"@type\":\"Organization\",\"@id\":\"http:\/\/teknikgrafit.com\/#organization\",\"name\":\"Teknik Grafit | Expert in Graphite Manufacturing\",\"url\":\"http:\/\/teknikgrafit.com\/\",\"logo\":{\"@type\":\"ImageObject\",\"inLanguage\":\"tr\",\"@id\":\"http:\/\/teknikgrafit.com\/#\/schema\/logo\/image\/\",\"url\":\"https:\/\/teknikgrafit.com\/wp-content\/uploads\/2020\/09\/cropped-logo_clipped_rev_1.png\",\"contentUrl\":\"https:\/\/teknikgrafit.com\/wp-content\/uploads\/2020\/09\/cropped-logo_clipped_rev_1.png\",\"width\":300,\"height\":113,\"caption\":\"Teknik Grafit | Expert in Graphite Manufacturing\"},\"image\":{\"@id\":\"http:\/\/teknikgrafit.com\/#\/schema\/logo\/image\/\"}}]}<\/script>\n<!-- \/ Yoast SEO plugin. -->","yoast_head_json":{"title":"Continuous Casting Dies - Teknik Grafit | Expert in Graphite Manufacturing","robots":{"index":"index","follow":"follow","max-snippet":"max-snippet:-1","max-image-preview":"max-image-preview:large","max-video-preview":"max-video-preview:-1"},"canonical":"https:\/\/teknikgrafit.com\/tr\/metallurgical-and-special-graphite\/864-2\/","og_locale":"tr_TR","og_type":"article","og_title":"Continuous Casting Dies - Teknik Grafit | Expert in Graphite Manufacturing","og_description":"Continuous Casting Dies Graphite, due to its efficiency in high temperatures and endurance to oxidation, is an essential raw material for continuous casting. There is a wide range of graphite grades,flat or billet, and each one of them are specifically manufactured for different types of materials that are used in continuous casting. Choosing the appropriate &hellip; Continuous Casting Dies Read More &raquo;","og_url":"https:\/\/teknikgrafit.com\/tr\/metallurgical-and-special-graphite\/864-2\/","og_site_name":"Teknik Grafit | Expert in Graphite Manufacturing","article_modified_time":"2024-07-18T14:21:48+00:00","og_image":[{"url":"http:\/\/teknikgrafit.com\/wp-content\/uploads\/2020\/07\/7_Potalar-1024x768.jpg","type":"","width":"","height":""}],"twitter_card":"summary_large_image","twitter_misc":{"Tahmini okuma s\u00fcresi":"1 dakika"},"schema":{"@context":"https:\/\/schema.org","@graph":[{"@type":"WebPage","@id":"https:\/\/teknikgrafit.com\/tr\/metallurgical-and-special-graphite\/864-2\/","url":"https:\/\/teknikgrafit.com\/tr\/metallurgical-and-special-graphite\/864-2\/","name":"Continuous Casting Dies - Teknik Grafit | Expert in Graphite Manufacturing","isPartOf":{"@id":"http:\/\/teknikgrafit.com\/#website"},"primaryImageOfPage":{"@id":"https:\/\/teknikgrafit.com\/tr\/metallurgical-and-special-graphite\/864-2\/#primaryimage"},"image":{"@id":"https:\/\/teknikgrafit.com\/tr\/metallurgical-and-special-graphite\/864-2\/#primaryimage"},"thumbnailUrl":"http:\/\/teknikgrafit.com\/wp-content\/uploads\/2020\/07\/7_Potalar-1024x768.jpg","datePublished":"2020-09-07T17:57:48+00:00","dateModified":"2024-07-18T14:21:48+00:00","breadcrumb":{"@id":"https:\/\/teknikgrafit.com\/tr\/metallurgical-and-special-graphite\/864-2\/#breadcrumb"},"inLanguage":"tr","potentialAction":[{"@type":"ReadAction","target":["https:\/\/teknikgrafit.com\/tr\/metallurgical-and-special-graphite\/864-2\/"]}]},{"@type":"ImageObject","inLanguage":"tr","@id":"https:\/\/teknikgrafit.com\/tr\/metallurgical-and-special-graphite\/864-2\/#primaryimage","url":"http:\/\/teknikgrafit.com\/wp-content\/uploads\/2020\/07\/7_Potalar-1024x768.jpg","contentUrl":"http:\/\/teknikgrafit.com\/wp-content\/uploads\/2020\/07\/7_Potalar-1024x768.jpg"},{"@type":"BreadcrumbList","@id":"https:\/\/teknikgrafit.com\/tr\/metallurgical-and-special-graphite\/864-2\/#breadcrumb","itemListElement":[{"@type":"ListItem","position":1,"name":"Home","item":"http:\/\/teknikgrafit.com\/"},{"@type":"ListItem","position":2,"name":"Metallurgical and Speciality Graphite","item":"http:\/\/teknikgrafit.com\/tr\/metallurgical-and-special-graphite\/"},{"@type":"ListItem","position":3,"name":"Continuous Casting Dies"}]},{"@type":"WebSite","@id":"http:\/\/teknikgrafit.com\/#website","url":"http:\/\/teknikgrafit.com\/","name":"Teknik Grafit | Expert in Graphite Manufacturing","description":"","publisher":{"@id":"http:\/\/teknikgrafit.com\/#organization"},"potentialAction":[{"@type":"SearchAction","target":{"@type":"EntryPoint","urlTemplate":"http:\/\/teknikgrafit.com\/?s={search_term_string}"},"query-input":{"@type":"PropertyValueSpecification","valueRequired":true,"valueName":"search_term_string"}}],"inLanguage":"tr"},{"@type":"Organization","@id":"http:\/\/teknikgrafit.com\/#organization","name":"Teknik Grafit | Expert in Graphite Manufacturing","url":"http:\/\/teknikgrafit.com\/","logo":{"@type":"ImageObject","inLanguage":"tr","@id":"http:\/\/teknikgrafit.com\/#\/schema\/logo\/image\/","url":"https:\/\/teknikgrafit.com\/wp-content\/uploads\/2020\/09\/cropped-logo_clipped_rev_1.png","contentUrl":"https:\/\/teknikgrafit.com\/wp-content\/uploads\/2020\/09\/cropped-logo_clipped_rev_1.png","width":300,"height":113,"caption":"Teknik Grafit | Expert in Graphite Manufacturing"},"image":{"@id":"http:\/\/teknikgrafit.com\/#\/schema\/logo\/image\/"}}]}},"jetpack_sharing_enabled":true,"_links":{"self":[{"href":"https:\/\/teknikgrafit.com\/tr\/wp-json\/wp\/v2\/pages\/864","targetHints":{"allow":["GET"]}}],"collection":[{"href":"https:\/\/teknikgrafit.com\/tr\/wp-json\/wp\/v2\/pages"}],"about":[{"href":"https:\/\/teknikgrafit.com\/tr\/wp-json\/wp\/v2\/types\/page"}],"author":[{"embeddable":true,"href":"https:\/\/teknikgrafit.com\/tr\/wp-json\/wp\/v2\/users\/1"}],"replies":[{"embeddable":true,"href":"https:\/\/teknikgrafit.com\/tr\/wp-json\/wp\/v2\/comments?post=864"}],"version-history":[{"count":6,"href":"https:\/\/teknikgrafit.com\/tr\/wp-json\/wp\/v2\/pages\/864\/revisions"}],"predecessor-version":[{"id":1259,"href":"https:\/\/teknikgrafit.com\/tr\/wp-json\/wp\/v2\/pages\/864\/revisions\/1259"}],"up":[{"embeddable":true,"href":"https:\/\/teknikgrafit.com\/tr\/wp-json\/wp\/v2\/pages\/862"}],"wp:attachment":[{"href":"https:\/\/teknikgrafit.com\/tr\/wp-json\/wp\/v2\/media?parent=864"}],"curies":[{"name":"wp","href":"https:\/\/api.w.org\/{rel}","templated":true}]}}