{"id":672,"date":"2020-08-25T10:39:18","date_gmt":"2020-08-25T10:39:18","guid":{"rendered":"http:\/\/teknikgrafit.com\/?page_id=672"},"modified":"2020-09-07T17:49:17","modified_gmt":"2020-09-07T17:49:17","slug":"fiber-guiding-rollers","status":"publish","type":"page","link":"https:\/\/teknikgrafit.com\/tr\/mechanical-applications\/fiber-guiding-rollers\/","title":{"rendered":"Elyaf K\u0131lavuzlama Rulolar\u0131"},"content":{"rendered":"<div data-elementor-type=\"wp-page\" data-elementor-id=\"672\" class=\"elementor elementor-672\">\n\t\t\t\t\t\t<section class=\"elementor-section elementor-top-section elementor-element elementor-element-27199b3 elementor-section-boxed elementor-section-height-default elementor-section-height-default\" data-id=\"27199b3\" data-element_type=\"section\">\n\t\t\t\t\t\t<div class=\"elementor-container elementor-column-gap-default\">\n\t\t\t\t\t<div class=\"elementor-column elementor-col-100 elementor-top-column elementor-element elementor-element-3b5bcc0\" data-id=\"3b5bcc0\" data-element_type=\"column\">\n\t\t\t<div class=\"elementor-widget-wrap elementor-element-populated\">\n\t\t\t\t\t\t<div class=\"elementor-element elementor-element-55fa1ae elementor-widget elementor-widget-heading\" data-id=\"55fa1ae\" data-element_type=\"widget\" data-widget_type=\"heading.default\">\n\t\t\t\t<div class=\"elementor-widget-container\">\n\t\t\t\t\t<h2 class=\"elementor-heading-title elementor-size-default\">Elyaf K\u0131lavuzlama Rulolar\u0131<\/h2>\t\t\t\t<\/div>\n\t\t\t\t<\/div>\n\t\t\t\t\t<\/div>\n\t\t<\/div>\n\t\t\t\t\t<\/div>\n\t\t<\/section>\n\t\t\t\t<section class=\"elementor-section elementor-top-section elementor-element elementor-element-d26979f elementor-section-boxed elementor-section-height-default elementor-section-height-default\" data-id=\"d26979f\" data-element_type=\"section\">\n\t\t\t\t\t\t<div class=\"elementor-container elementor-column-gap-default\">\n\t\t\t\t\t<div class=\"elementor-column elementor-col-100 elementor-top-column elementor-element elementor-element-e248ecf\" data-id=\"e248ecf\" data-element_type=\"column\">\n\t\t\t<div class=\"elementor-widget-wrap elementor-element-populated\">\n\t\t\t\t\t\t<div class=\"elementor-element elementor-element-2cef7c3 elementor-widget elementor-widget-text-editor\" data-id=\"2cef7c3\" data-element_type=\"widget\" data-widget_type=\"text-editor.default\">\n\t\t\t\t<div class=\"elementor-widget-container\">\n\t\t\t\t\t\t\t\t\t<p>Cam end\u00fcstrisi gibi y\u00fcksek s\u0131cakl\u0131kta \u00e7ekilen cam elyaf\u0131n\u0131n zedelenmeden\n\u00e7ekilebilmesi i\u00e7in elyaf k\u0131lavuzlanmas\u0131nda kullan\u0131lan sistemlerde grafit\ns\u0131cakl\u0131\u011fa ve \u0131s\u0131l \u015foklara mukavemeti ve ya\u011flay\u0131c\u0131 \u00f6zelli\u011fi nedeniyle en uygun\nse\u00e7enektir.<\/p>\t\t\t\t\t\t\t\t<\/div>\n\t\t\t\t<\/div>\n\t\t\t\t\t<\/div>\n\t\t<\/div>\n\t\t\t\t\t<\/div>\n\t\t<\/section>\n\t\t\t\t<section class=\"elementor-section elementor-top-section elementor-element elementor-element-172de9b elementor-section-boxed elementor-section-height-default elementor-section-height-default\" data-id=\"172de9b\" data-element_type=\"section\">\n\t\t\t\t\t\t<div class=\"elementor-container elementor-column-gap-default\">\n\t\t\t\t\t<div class=\"elementor-column elementor-col-100 elementor-top-column elementor-element elementor-element-c9ee41e\" data-id=\"c9ee41e\" data-element_type=\"column\">\n\t\t\t<div class=\"elementor-widget-wrap elementor-element-populated\">\n\t\t\t\t\t\t<div class=\"elementor-element elementor-element-acfc289 elementor-widget elementor-widget-image\" data-id=\"acfc289\" data-element_type=\"widget\" data-widget_type=\"image.default\">\n\t\t\t\t<div class=\"elementor-widget-container\">\n\t\t\t\t\t\t\t\t\t\t\t\t\t\t\t<img fetchpriority=\"high\" decoding=\"async\" width=\"778\" height=\"583\" src=\"https:\/\/teknikgrafit.com\/wp-content\/uploads\/2020\/07\/5_Mekanik-d\u00f6ner_elemanlar-1.jpg\" class=\"attachment-large size-large wp-image-507\" alt=\"\" srcset=\"https:\/\/teknikgrafit.com\/wp-content\/uploads\/2020\/07\/5_Mekanik-d\u00f6ner_elemanlar-1.jpg 778w, https:\/\/teknikgrafit.com\/wp-content\/uploads\/2020\/07\/5_Mekanik-d\u00f6ner_elemanlar-1-300x225.jpg 300w, https:\/\/teknikgrafit.com\/wp-content\/uploads\/2020\/07\/5_Mekanik-d\u00f6ner_elemanlar-1-768x576.jpg 768w\" sizes=\"(max-width: 778px) 100vw, 778px\" \/>\t\t\t\t\t\t\t\t\t\t\t\t\t\t\t<\/div>\n\t\t\t\t<\/div>\n\t\t\t\t\t<\/div>\n\t\t<\/div>\n\t\t\t\t\t<\/div>\n\t\t<\/section>\n\t\t\t\t<\/div>","protected":false},"excerpt":{"rendered":"<p>Fiber Guiding Rollers Graphite is the best solution for industries that need to draw materials at high temperatures without harming the object.<\/p>","protected":false},"author":1,"featured_media":0,"parent":601,"menu_order":0,"comment_status":"closed","ping_status":"closed","template":"","meta":{"footnotes":""},"class_list":["post-672","page","type-page","status-publish","hentry"],"yoast_head":"<!-- This site is optimized with the Yoast SEO plugin v26.9 - https:\/\/yoast.com\/product\/yoast-seo-wordpress\/ -->\n<title>Fiber Guiding Rollers - Teknik Grafit | Expert in Graphite Manufacturing<\/title>\n<meta name=\"robots\" content=\"index, follow, max-snippet:-1, max-image-preview:large, max-video-preview:-1\" \/>\n<link rel=\"canonical\" href=\"http:\/\/teknikgrafit.com\/tr\/mechanical-applications\/fiber-guiding-rollers\/\" \/>\n<meta property=\"og:locale\" content=\"tr_TR\" \/>\n<meta property=\"og:type\" content=\"article\" \/>\n<meta property=\"og:title\" content=\"Fiber Guiding Rollers - Teknik Grafit | Expert in Graphite Manufacturing\" \/>\n<meta property=\"og:description\" content=\"Fiber Guiding Rollers Graphite is the best solution for industries that need to draw materials at high temperatures without harming the object.\" \/>\n<meta property=\"og:url\" content=\"http:\/\/teknikgrafit.com\/tr\/mechanical-applications\/fiber-guiding-rollers\/\" \/>\n<meta property=\"og:site_name\" content=\"Teknik Grafit | Expert in Graphite Manufacturing\" \/>\n<meta property=\"article:modified_time\" content=\"2020-09-07T17:49:17+00:00\" \/>\n<meta name=\"twitter:card\" content=\"summary_large_image\" \/>\n<script type=\"application\/ld+json\" class=\"yoast-schema-graph\">{\"@context\":\"https:\/\/schema.org\",\"@graph\":[{\"@type\":\"WebPage\",\"@id\":\"http:\/\/teknikgrafit.com\/mechanical-applications\/fiber-guiding-rollers\/\",\"url\":\"http:\/\/teknikgrafit.com\/mechanical-applications\/fiber-guiding-rollers\/\",\"name\":\"Fiber Guiding Rollers - Teknik Grafit | Expert in Graphite Manufacturing\",\"isPartOf\":{\"@id\":\"http:\/\/teknikgrafit.com\/#website\"},\"datePublished\":\"2020-08-25T10:39:18+00:00\",\"dateModified\":\"2020-09-07T17:49:17+00:00\",\"breadcrumb\":{\"@id\":\"http:\/\/teknikgrafit.com\/mechanical-applications\/fiber-guiding-rollers\/#breadcrumb\"},\"inLanguage\":\"tr\",\"potentialAction\":[{\"@type\":\"ReadAction\",\"target\":[\"http:\/\/teknikgrafit.com\/mechanical-applications\/fiber-guiding-rollers\/\"]}]},{\"@type\":\"BreadcrumbList\",\"@id\":\"http:\/\/teknikgrafit.com\/mechanical-applications\/fiber-guiding-rollers\/#breadcrumb\",\"itemListElement\":[{\"@type\":\"ListItem\",\"position\":1,\"name\":\"Home\",\"item\":\"http:\/\/teknikgrafit.com\/\"},{\"@type\":\"ListItem\",\"position\":2,\"name\":\"Mechanical Applications\",\"item\":\"http:\/\/teknikgrafit.com\/mechanical-applications\/\"},{\"@type\":\"ListItem\",\"position\":3,\"name\":\"Fiber Guiding Rollers\"}]},{\"@type\":\"WebSite\",\"@id\":\"http:\/\/teknikgrafit.com\/#website\",\"url\":\"http:\/\/teknikgrafit.com\/\",\"name\":\"Teknik Grafit | Expert in Graphite Manufacturing\",\"description\":\"\",\"publisher\":{\"@id\":\"http:\/\/teknikgrafit.com\/#organization\"},\"potentialAction\":[{\"@type\":\"SearchAction\",\"target\":{\"@type\":\"EntryPoint\",\"urlTemplate\":\"http:\/\/teknikgrafit.com\/?s={search_term_string}\"},\"query-input\":{\"@type\":\"PropertyValueSpecification\",\"valueRequired\":true,\"valueName\":\"search_term_string\"}}],\"inLanguage\":\"tr\"},{\"@type\":\"Organization\",\"@id\":\"http:\/\/teknikgrafit.com\/#organization\",\"name\":\"Teknik Grafit | Expert in Graphite Manufacturing\",\"url\":\"http:\/\/teknikgrafit.com\/\",\"logo\":{\"@type\":\"ImageObject\",\"inLanguage\":\"tr\",\"@id\":\"http:\/\/teknikgrafit.com\/#\/schema\/logo\/image\/\",\"url\":\"https:\/\/teknikgrafit.com\/wp-content\/uploads\/2020\/09\/cropped-logo_clipped_rev_1.png\",\"contentUrl\":\"https:\/\/teknikgrafit.com\/wp-content\/uploads\/2020\/09\/cropped-logo_clipped_rev_1.png\",\"width\":300,\"height\":113,\"caption\":\"Teknik Grafit | Expert in Graphite Manufacturing\"},\"image\":{\"@id\":\"http:\/\/teknikgrafit.com\/#\/schema\/logo\/image\/\"}}]}<\/script>\n<!-- \/ Yoast SEO plugin. -->","yoast_head_json":{"title":"Fiber Guiding Rollers - Teknik Grafit | Expert in Graphite Manufacturing","robots":{"index":"index","follow":"follow","max-snippet":"max-snippet:-1","max-image-preview":"max-image-preview:large","max-video-preview":"max-video-preview:-1"},"canonical":"http:\/\/teknikgrafit.com\/tr\/mechanical-applications\/fiber-guiding-rollers\/","og_locale":"tr_TR","og_type":"article","og_title":"Fiber Guiding Rollers - Teknik Grafit | Expert in Graphite Manufacturing","og_description":"Fiber Guiding Rollers Graphite is the best solution for industries that need to draw materials at high temperatures without harming the object.","og_url":"http:\/\/teknikgrafit.com\/tr\/mechanical-applications\/fiber-guiding-rollers\/","og_site_name":"Teknik Grafit | Expert in Graphite Manufacturing","article_modified_time":"2020-09-07T17:49:17+00:00","twitter_card":"summary_large_image","schema":{"@context":"https:\/\/schema.org","@graph":[{"@type":"WebPage","@id":"http:\/\/teknikgrafit.com\/mechanical-applications\/fiber-guiding-rollers\/","url":"http:\/\/teknikgrafit.com\/mechanical-applications\/fiber-guiding-rollers\/","name":"Fiber Guiding Rollers - Teknik Grafit | Expert in Graphite Manufacturing","isPartOf":{"@id":"http:\/\/teknikgrafit.com\/#website"},"datePublished":"2020-08-25T10:39:18+00:00","dateModified":"2020-09-07T17:49:17+00:00","breadcrumb":{"@id":"http:\/\/teknikgrafit.com\/mechanical-applications\/fiber-guiding-rollers\/#breadcrumb"},"inLanguage":"tr","potentialAction":[{"@type":"ReadAction","target":["http:\/\/teknikgrafit.com\/mechanical-applications\/fiber-guiding-rollers\/"]}]},{"@type":"BreadcrumbList","@id":"http:\/\/teknikgrafit.com\/mechanical-applications\/fiber-guiding-rollers\/#breadcrumb","itemListElement":[{"@type":"ListItem","position":1,"name":"Home","item":"http:\/\/teknikgrafit.com\/"},{"@type":"ListItem","position":2,"name":"Mechanical Applications","item":"http:\/\/teknikgrafit.com\/mechanical-applications\/"},{"@type":"ListItem","position":3,"name":"Fiber Guiding Rollers"}]},{"@type":"WebSite","@id":"http:\/\/teknikgrafit.com\/#website","url":"http:\/\/teknikgrafit.com\/","name":"Teknik Grafit | Expert in Graphite Manufacturing","description":"","publisher":{"@id":"http:\/\/teknikgrafit.com\/#organization"},"potentialAction":[{"@type":"SearchAction","target":{"@type":"EntryPoint","urlTemplate":"http:\/\/teknikgrafit.com\/?s={search_term_string}"},"query-input":{"@type":"PropertyValueSpecification","valueRequired":true,"valueName":"search_term_string"}}],"inLanguage":"tr"},{"@type":"Organization","@id":"http:\/\/teknikgrafit.com\/#organization","name":"Teknik Grafit | Expert in Graphite Manufacturing","url":"http:\/\/teknikgrafit.com\/","logo":{"@type":"ImageObject","inLanguage":"tr","@id":"http:\/\/teknikgrafit.com\/#\/schema\/logo\/image\/","url":"https:\/\/teknikgrafit.com\/wp-content\/uploads\/2020\/09\/cropped-logo_clipped_rev_1.png","contentUrl":"https:\/\/teknikgrafit.com\/wp-content\/uploads\/2020\/09\/cropped-logo_clipped_rev_1.png","width":300,"height":113,"caption":"Teknik Grafit | Expert in Graphite Manufacturing"},"image":{"@id":"http:\/\/teknikgrafit.com\/#\/schema\/logo\/image\/"}}]}},"jetpack_sharing_enabled":true,"_links":{"self":[{"href":"https:\/\/teknikgrafit.com\/tr\/wp-json\/wp\/v2\/pages\/672","targetHints":{"allow":["GET"]}}],"collection":[{"href":"https:\/\/teknikgrafit.com\/tr\/wp-json\/wp\/v2\/pages"}],"about":[{"href":"https:\/\/teknikgrafit.com\/tr\/wp-json\/wp\/v2\/types\/page"}],"author":[{"embeddable":true,"href":"https:\/\/teknikgrafit.com\/tr\/wp-json\/wp\/v2\/users\/1"}],"replies":[{"embeddable":true,"href":"https:\/\/teknikgrafit.com\/tr\/wp-json\/wp\/v2\/comments?post=672"}],"version-history":[{"count":3,"href":"https:\/\/teknikgrafit.com\/tr\/wp-json\/wp\/v2\/pages\/672\/revisions"}],"predecessor-version":[{"id":861,"href":"https:\/\/teknikgrafit.com\/tr\/wp-json\/wp\/v2\/pages\/672\/revisions\/861"}],"up":[{"embeddable":true,"href":"https:\/\/teknikgrafit.com\/tr\/wp-json\/wp\/v2\/pages\/601"}],"wp:attachment":[{"href":"https:\/\/teknikgrafit.com\/tr\/wp-json\/wp\/v2\/media?parent=672"}],"curies":[{"name":"wp","href":"https:\/\/api.w.org\/{rel}","templated":true}]}}