{"id":670,"date":"2020-08-25T10:38:55","date_gmt":"2020-08-25T10:38:55","guid":{"rendered":"http:\/\/teknikgrafit.com\/?page_id=670"},"modified":"2020-09-28T21:15:37","modified_gmt":"2020-09-28T21:15:37","slug":"piston-rod-rings","status":"publish","type":"page","link":"https:\/\/teknikgrafit.com\/tr\/mechanical-applications\/piston-rod-rings\/","title":{"rendered":"Piston \u00c7ubu\u011fu Segmanlar\u0131"},"content":{"rendered":"<div data-elementor-type=\"wp-page\" data-elementor-id=\"670\" class=\"elementor elementor-670\">\n\t\t\t\t\t\t<section class=\"elementor-section elementor-top-section elementor-element elementor-element-bf997c9 elementor-section-boxed elementor-section-height-default elementor-section-height-default\" data-id=\"bf997c9\" data-element_type=\"section\">\n\t\t\t\t\t\t<div class=\"elementor-container elementor-column-gap-default\">\n\t\t\t\t\t<div class=\"elementor-column elementor-col-100 elementor-top-column elementor-element elementor-element-e55155e\" data-id=\"e55155e\" data-element_type=\"column\">\n\t\t\t<div class=\"elementor-widget-wrap elementor-element-populated\">\n\t\t\t\t\t\t<div class=\"elementor-element elementor-element-21b084e elementor-widget elementor-widget-heading\" data-id=\"21b084e\" data-element_type=\"widget\" data-widget_type=\"heading.default\">\n\t\t\t\t<div class=\"elementor-widget-container\">\n\t\t\t\t\t<h2 class=\"elementor-heading-title elementor-size-default\">Piston \u00c7ubu\u011fu Segmanlar\u0131<\/h2>\t\t\t\t<\/div>\n\t\t\t\t<\/div>\n\t\t\t\t\t<\/div>\n\t\t<\/div>\n\t\t\t\t\t<\/div>\n\t\t<\/section>\n\t\t\t\t<section class=\"elementor-section elementor-top-section elementor-element elementor-element-b49a47b elementor-section-boxed elementor-section-height-default elementor-section-height-default\" data-id=\"b49a47b\" data-element_type=\"section\">\n\t\t\t\t\t\t<div class=\"elementor-container elementor-column-gap-default\">\n\t\t\t\t\t<div class=\"elementor-column elementor-col-100 elementor-top-column elementor-element elementor-element-50e2530\" data-id=\"50e2530\" data-element_type=\"column\">\n\t\t\t<div class=\"elementor-widget-wrap elementor-element-populated\">\n\t\t\t\t\t\t<div class=\"elementor-element elementor-element-9e497af elementor-widget elementor-widget-text-editor\" data-id=\"9e497af\" data-element_type=\"widget\" data-widget_type=\"text-editor.default\">\n\t\t\t\t<div class=\"elementor-widget-container\">\n\t\t\t\t\t\t\t\t\t<p>\u015eaft ve Piston \u00e7ubu\u011fu segmanlar\u0131, piston \u00e7ubuklar\u0131n\u0131n eksenel hareketi\ns\u0131ras\u0131nda s\u0131zd\u0131rmazl\u0131\u011f\u0131n sa\u011flanmas\u0131nda kullan\u0131l\u0131r. Par\u00e7al\u0131 olarak imal edilen\nsegmanlar, \u00e7oklu kullan\u0131larak ilave eksenel s\u0131zd\u0131rmazl\u0131k sa\u011flan\u0131r.\nSegmentler. pimler ve \u00e7evre yaylar\u0131 ile bir arada tutulur ve \u00e7o\u011funlukla\nomuzlar sayesinde birbiri \u00fczerine bindirilerek s\u0131zd\u0131rmazl\u0131k desteklenir.<\/p>\t\t\t\t\t\t\t\t<\/div>\n\t\t\t\t<\/div>\n\t\t\t\t\t<\/div>\n\t\t<\/div>\n\t\t\t\t\t<\/div>\n\t\t<\/section>\n\t\t\t\t<section class=\"elementor-section elementor-top-section elementor-element elementor-element-6c33454 elementor-section-boxed elementor-section-height-default elementor-section-height-default\" data-id=\"6c33454\" data-element_type=\"section\">\n\t\t\t\t\t\t<div class=\"elementor-container elementor-column-gap-default\">\n\t\t\t\t\t<div class=\"elementor-column elementor-col-100 elementor-top-column elementor-element elementor-element-d71a1c4\" data-id=\"d71a1c4\" data-element_type=\"column\">\n\t\t\t<div class=\"elementor-widget-wrap elementor-element-populated\">\n\t\t\t\t\t\t\t<\/div>\n\t\t<\/div>\n\t\t\t\t\t<\/div>\n\t\t<\/section>\n\t\t\t\t<section class=\"elementor-section elementor-top-section elementor-element elementor-element-90d21ce elementor-section-boxed elementor-section-height-default elementor-section-height-default\" data-id=\"90d21ce\" data-element_type=\"section\">\n\t\t\t\t\t\t<div class=\"elementor-container elementor-column-gap-default\">\n\t\t\t\t\t<div class=\"elementor-column elementor-col-100 elementor-top-column elementor-element elementor-element-151252e\" data-id=\"151252e\" data-element_type=\"column\">\n\t\t\t<div class=\"elementor-widget-wrap elementor-element-populated\">\n\t\t\t\t\t\t<div class=\"elementor-element elementor-element-3d08d17 elementor-widget elementor-widget-image\" data-id=\"3d08d17\" data-element_type=\"widget\" data-widget_type=\"image.default\">\n\t\t\t\t<div class=\"elementor-widget-container\">\n\t\t\t\t\t\t\t\t\t\t\t\t\t\t\t<img fetchpriority=\"high\" decoding=\"async\" width=\"768\" height=\"547\" src=\"https:\/\/teknikgrafit.com\/wp-content\/uploads\/2020\/09\/2_6_Piston-cubugu-segmanlari-parcali-salmastralar-768x547.jpg\" class=\"attachment-medium_large size-medium_large wp-image-1056\" alt=\"\" srcset=\"https:\/\/teknikgrafit.com\/wp-content\/uploads\/2020\/09\/2_6_Piston-cubugu-segmanlari-parcali-salmastralar-768x547.jpg 768w, https:\/\/teknikgrafit.com\/wp-content\/uploads\/2020\/09\/2_6_Piston-cubugu-segmanlari-parcali-salmastralar-300x213.jpg 300w, https:\/\/teknikgrafit.com\/wp-content\/uploads\/2020\/09\/2_6_Piston-cubugu-segmanlari-parcali-salmastralar-1024x729.jpg 1024w, https:\/\/teknikgrafit.com\/wp-content\/uploads\/2020\/09\/2_6_Piston-cubugu-segmanlari-parcali-salmastralar-1536x1093.jpg 1536w, https:\/\/teknikgrafit.com\/wp-content\/uploads\/2020\/09\/2_6_Piston-cubugu-segmanlari-parcali-salmastralar-2048x1457.jpg 2048w\" sizes=\"(max-width: 768px) 100vw, 768px\" \/>\t\t\t\t\t\t\t\t\t\t\t\t\t\t\t<\/div>\n\t\t\t\t<\/div>\n\t\t\t\t\t<\/div>\n\t\t<\/div>\n\t\t\t\t\t<\/div>\n\t\t<\/section>\n\t\t\t\t<\/div>","protected":false},"excerpt":{"rendered":"<p>Piston Rod Rings Piston rod rings are used for sealing during piston rods&#8217; axial movement. Segments that are produced as sectional can be operated together so that there is more axial sealing.<\/p>","protected":false},"author":1,"featured_media":0,"parent":601,"menu_order":0,"comment_status":"closed","ping_status":"closed","template":"","meta":{"footnotes":""},"class_list":["post-670","page","type-page","status-publish","hentry"],"yoast_head":"<!-- This site is optimized with the Yoast SEO plugin v26.9 - https:\/\/yoast.com\/product\/yoast-seo-wordpress\/ -->\n<title>Piston Rod Rings - Teknik Grafit | Expert in Graphite Manufacturing<\/title>\n<meta name=\"robots\" content=\"index, follow, max-snippet:-1, max-image-preview:large, max-video-preview:-1\" \/>\n<link rel=\"canonical\" href=\"https:\/\/teknikgrafit.com\/tr\/mechanical-applications\/piston-rod-rings\/\" \/>\n<meta property=\"og:locale\" content=\"tr_TR\" \/>\n<meta property=\"og:type\" content=\"article\" \/>\n<meta property=\"og:title\" content=\"Piston Rod Rings - Teknik Grafit | Expert in Graphite Manufacturing\" \/>\n<meta property=\"og:description\" content=\"Piston Rod Rings Piston rod rings are used for sealing during piston rods&#8217; axial movement. Segments that are produced as sectional can be operated together so that there is more axial sealing.\" \/>\n<meta property=\"og:url\" content=\"https:\/\/teknikgrafit.com\/tr\/mechanical-applications\/piston-rod-rings\/\" \/>\n<meta property=\"og:site_name\" content=\"Teknik Grafit | Expert in Graphite Manufacturing\" \/>\n<meta property=\"article:modified_time\" content=\"2020-09-28T21:15:37+00:00\" \/>\n<meta property=\"og:image\" content=\"http:\/\/teknikgrafit.com\/wp-content\/uploads\/2020\/09\/2_6_Piston-cubugu-segmanlari-parcali-salmastralar-768x547.jpg\" \/>\n<meta name=\"twitter:card\" content=\"summary_large_image\" \/>\n<script type=\"application\/ld+json\" class=\"yoast-schema-graph\">{\"@context\":\"https:\/\/schema.org\",\"@graph\":[{\"@type\":\"WebPage\",\"@id\":\"https:\/\/teknikgrafit.com\/mechanical-applications\/piston-rod-rings\/\",\"url\":\"https:\/\/teknikgrafit.com\/mechanical-applications\/piston-rod-rings\/\",\"name\":\"Piston Rod Rings - Teknik Grafit | Expert in Graphite Manufacturing\",\"isPartOf\":{\"@id\":\"http:\/\/teknikgrafit.com\/#website\"},\"primaryImageOfPage\":{\"@id\":\"https:\/\/teknikgrafit.com\/mechanical-applications\/piston-rod-rings\/#primaryimage\"},\"image\":{\"@id\":\"https:\/\/teknikgrafit.com\/mechanical-applications\/piston-rod-rings\/#primaryimage\"},\"thumbnailUrl\":\"http:\/\/teknikgrafit.com\/wp-content\/uploads\/2020\/09\/2_6_Piston-cubugu-segmanlari-parcali-salmastralar-768x547.jpg\",\"datePublished\":\"2020-08-25T10:38:55+00:00\",\"dateModified\":\"2020-09-28T21:15:37+00:00\",\"breadcrumb\":{\"@id\":\"https:\/\/teknikgrafit.com\/mechanical-applications\/piston-rod-rings\/#breadcrumb\"},\"inLanguage\":\"tr\",\"potentialAction\":[{\"@type\":\"ReadAction\",\"target\":[\"https:\/\/teknikgrafit.com\/mechanical-applications\/piston-rod-rings\/\"]}]},{\"@type\":\"ImageObject\",\"inLanguage\":\"tr\",\"@id\":\"https:\/\/teknikgrafit.com\/mechanical-applications\/piston-rod-rings\/#primaryimage\",\"url\":\"http:\/\/teknikgrafit.com\/wp-content\/uploads\/2020\/09\/2_6_Piston-cubugu-segmanlari-parcali-salmastralar-768x547.jpg\",\"contentUrl\":\"http:\/\/teknikgrafit.com\/wp-content\/uploads\/2020\/09\/2_6_Piston-cubugu-segmanlari-parcali-salmastralar-768x547.jpg\"},{\"@type\":\"BreadcrumbList\",\"@id\":\"https:\/\/teknikgrafit.com\/mechanical-applications\/piston-rod-rings\/#breadcrumb\",\"itemListElement\":[{\"@type\":\"ListItem\",\"position\":1,\"name\":\"Home\",\"item\":\"http:\/\/teknikgrafit.com\/\"},{\"@type\":\"ListItem\",\"position\":2,\"name\":\"Mechanical Applications\",\"item\":\"http:\/\/teknikgrafit.com\/mechanical-applications\/\"},{\"@type\":\"ListItem\",\"position\":3,\"name\":\"Piston Rod Rings\"}]},{\"@type\":\"WebSite\",\"@id\":\"http:\/\/teknikgrafit.com\/#website\",\"url\":\"http:\/\/teknikgrafit.com\/\",\"name\":\"Teknik Grafit | Expert in Graphite Manufacturing\",\"description\":\"\",\"publisher\":{\"@id\":\"http:\/\/teknikgrafit.com\/#organization\"},\"potentialAction\":[{\"@type\":\"SearchAction\",\"target\":{\"@type\":\"EntryPoint\",\"urlTemplate\":\"http:\/\/teknikgrafit.com\/?s={search_term_string}\"},\"query-input\":{\"@type\":\"PropertyValueSpecification\",\"valueRequired\":true,\"valueName\":\"search_term_string\"}}],\"inLanguage\":\"tr\"},{\"@type\":\"Organization\",\"@id\":\"http:\/\/teknikgrafit.com\/#organization\",\"name\":\"Teknik Grafit | Expert in Graphite Manufacturing\",\"url\":\"http:\/\/teknikgrafit.com\/\",\"logo\":{\"@type\":\"ImageObject\",\"inLanguage\":\"tr\",\"@id\":\"http:\/\/teknikgrafit.com\/#\/schema\/logo\/image\/\",\"url\":\"https:\/\/teknikgrafit.com\/wp-content\/uploads\/2020\/09\/cropped-logo_clipped_rev_1.png\",\"contentUrl\":\"https:\/\/teknikgrafit.com\/wp-content\/uploads\/2020\/09\/cropped-logo_clipped_rev_1.png\",\"width\":300,\"height\":113,\"caption\":\"Teknik Grafit | Expert in Graphite Manufacturing\"},\"image\":{\"@id\":\"http:\/\/teknikgrafit.com\/#\/schema\/logo\/image\/\"}}]}<\/script>\n<!-- \/ Yoast SEO plugin. -->","yoast_head_json":{"title":"Piston Rod Rings - Teknik Grafit | Expert in Graphite Manufacturing","robots":{"index":"index","follow":"follow","max-snippet":"max-snippet:-1","max-image-preview":"max-image-preview:large","max-video-preview":"max-video-preview:-1"},"canonical":"https:\/\/teknikgrafit.com\/tr\/mechanical-applications\/piston-rod-rings\/","og_locale":"tr_TR","og_type":"article","og_title":"Piston Rod Rings - Teknik Grafit | Expert in Graphite Manufacturing","og_description":"Piston Rod Rings Piston rod rings are used for sealing during piston rods&#8217; axial movement. Segments that are produced as sectional can be operated together so that there is more axial sealing.","og_url":"https:\/\/teknikgrafit.com\/tr\/mechanical-applications\/piston-rod-rings\/","og_site_name":"Teknik Grafit | Expert in Graphite Manufacturing","article_modified_time":"2020-09-28T21:15:37+00:00","og_image":[{"url":"http:\/\/teknikgrafit.com\/wp-content\/uploads\/2020\/09\/2_6_Piston-cubugu-segmanlari-parcali-salmastralar-768x547.jpg","type":"","width":"","height":""}],"twitter_card":"summary_large_image","schema":{"@context":"https:\/\/schema.org","@graph":[{"@type":"WebPage","@id":"https:\/\/teknikgrafit.com\/mechanical-applications\/piston-rod-rings\/","url":"https:\/\/teknikgrafit.com\/mechanical-applications\/piston-rod-rings\/","name":"Piston Rod Rings - Teknik Grafit | Expert in Graphite Manufacturing","isPartOf":{"@id":"http:\/\/teknikgrafit.com\/#website"},"primaryImageOfPage":{"@id":"https:\/\/teknikgrafit.com\/mechanical-applications\/piston-rod-rings\/#primaryimage"},"image":{"@id":"https:\/\/teknikgrafit.com\/mechanical-applications\/piston-rod-rings\/#primaryimage"},"thumbnailUrl":"http:\/\/teknikgrafit.com\/wp-content\/uploads\/2020\/09\/2_6_Piston-cubugu-segmanlari-parcali-salmastralar-768x547.jpg","datePublished":"2020-08-25T10:38:55+00:00","dateModified":"2020-09-28T21:15:37+00:00","breadcrumb":{"@id":"https:\/\/teknikgrafit.com\/mechanical-applications\/piston-rod-rings\/#breadcrumb"},"inLanguage":"tr","potentialAction":[{"@type":"ReadAction","target":["https:\/\/teknikgrafit.com\/mechanical-applications\/piston-rod-rings\/"]}]},{"@type":"ImageObject","inLanguage":"tr","@id":"https:\/\/teknikgrafit.com\/mechanical-applications\/piston-rod-rings\/#primaryimage","url":"http:\/\/teknikgrafit.com\/wp-content\/uploads\/2020\/09\/2_6_Piston-cubugu-segmanlari-parcali-salmastralar-768x547.jpg","contentUrl":"http:\/\/teknikgrafit.com\/wp-content\/uploads\/2020\/09\/2_6_Piston-cubugu-segmanlari-parcali-salmastralar-768x547.jpg"},{"@type":"BreadcrumbList","@id":"https:\/\/teknikgrafit.com\/mechanical-applications\/piston-rod-rings\/#breadcrumb","itemListElement":[{"@type":"ListItem","position":1,"name":"Home","item":"http:\/\/teknikgrafit.com\/"},{"@type":"ListItem","position":2,"name":"Mechanical Applications","item":"http:\/\/teknikgrafit.com\/mechanical-applications\/"},{"@type":"ListItem","position":3,"name":"Piston Rod Rings"}]},{"@type":"WebSite","@id":"http:\/\/teknikgrafit.com\/#website","url":"http:\/\/teknikgrafit.com\/","name":"Teknik Grafit | Expert in Graphite Manufacturing","description":"","publisher":{"@id":"http:\/\/teknikgrafit.com\/#organization"},"potentialAction":[{"@type":"SearchAction","target":{"@type":"EntryPoint","urlTemplate":"http:\/\/teknikgrafit.com\/?s={search_term_string}"},"query-input":{"@type":"PropertyValueSpecification","valueRequired":true,"valueName":"search_term_string"}}],"inLanguage":"tr"},{"@type":"Organization","@id":"http:\/\/teknikgrafit.com\/#organization","name":"Teknik Grafit | Expert in Graphite Manufacturing","url":"http:\/\/teknikgrafit.com\/","logo":{"@type":"ImageObject","inLanguage":"tr","@id":"http:\/\/teknikgrafit.com\/#\/schema\/logo\/image\/","url":"https:\/\/teknikgrafit.com\/wp-content\/uploads\/2020\/09\/cropped-logo_clipped_rev_1.png","contentUrl":"https:\/\/teknikgrafit.com\/wp-content\/uploads\/2020\/09\/cropped-logo_clipped_rev_1.png","width":300,"height":113,"caption":"Teknik Grafit | Expert in Graphite Manufacturing"},"image":{"@id":"http:\/\/teknikgrafit.com\/#\/schema\/logo\/image\/"}}]}},"jetpack_sharing_enabled":true,"_links":{"self":[{"href":"https:\/\/teknikgrafit.com\/tr\/wp-json\/wp\/v2\/pages\/670","targetHints":{"allow":["GET"]}}],"collection":[{"href":"https:\/\/teknikgrafit.com\/tr\/wp-json\/wp\/v2\/pages"}],"about":[{"href":"https:\/\/teknikgrafit.com\/tr\/wp-json\/wp\/v2\/types\/page"}],"author":[{"embeddable":true,"href":"https:\/\/teknikgrafit.com\/tr\/wp-json\/wp\/v2\/users\/1"}],"replies":[{"embeddable":true,"href":"https:\/\/teknikgrafit.com\/tr\/wp-json\/wp\/v2\/comments?post=670"}],"version-history":[{"count":4,"href":"https:\/\/teknikgrafit.com\/tr\/wp-json\/wp\/v2\/pages\/670\/revisions"}],"predecessor-version":[{"id":1099,"href":"https:\/\/teknikgrafit.com\/tr\/wp-json\/wp\/v2\/pages\/670\/revisions\/1099"}],"up":[{"embeddable":true,"href":"https:\/\/teknikgrafit.com\/tr\/wp-json\/wp\/v2\/pages\/601"}],"wp:attachment":[{"href":"https:\/\/teknikgrafit.com\/tr\/wp-json\/wp\/v2\/media?parent=670"}],"curies":[{"name":"wp","href":"https:\/\/api.w.org\/{rel}","templated":true}]}}