{"id":668,"date":"2020-08-25T10:38:25","date_gmt":"2020-08-25T10:38:25","guid":{"rendered":"http:\/\/teknikgrafit.com\/?page_id=668"},"modified":"2020-09-28T21:15:02","modified_gmt":"2020-09-28T21:15:02","slug":"motion-flow-control-discs-ball-valve-seals","status":"publish","type":"page","link":"https:\/\/teknikgrafit.com\/tr\/mechanical-applications\/motion-flow-control-discs-ball-valve-seals\/","title":{"rendered":"Debi Ayar Diskleri"},"content":{"rendered":"<div data-elementor-type=\"wp-page\" data-elementor-id=\"668\" class=\"elementor elementor-668\">\n\t\t\t\t\t\t<section class=\"elementor-section elementor-top-section elementor-element elementor-element-3152e3d elementor-section-boxed elementor-section-height-default elementor-section-height-default\" data-id=\"3152e3d\" data-element_type=\"section\">\n\t\t\t\t\t\t<div class=\"elementor-container elementor-column-gap-default\">\n\t\t\t\t\t<div class=\"elementor-column elementor-col-100 elementor-top-column elementor-element elementor-element-1f0981b\" data-id=\"1f0981b\" data-element_type=\"column\">\n\t\t\t<div class=\"elementor-widget-wrap elementor-element-populated\">\n\t\t\t\t\t\t<div class=\"elementor-element elementor-element-a491c97 elementor-widget elementor-widget-heading\" data-id=\"a491c97\" data-element_type=\"widget\" data-widget_type=\"heading.default\">\n\t\t\t\t<div class=\"elementor-widget-container\">\n\t\t\t\t\t<h2 class=\"elementor-heading-title elementor-size-default\">Debi Ayar Diskleri<\/h2>\t\t\t\t<\/div>\n\t\t\t\t<\/div>\n\t\t\t\t\t<\/div>\n\t\t<\/div>\n\t\t\t\t\t<\/div>\n\t\t<\/section>\n\t\t\t\t<section class=\"elementor-section elementor-top-section elementor-element elementor-element-d152380 elementor-section-boxed elementor-section-height-default elementor-section-height-default\" data-id=\"d152380\" data-element_type=\"section\">\n\t\t\t\t\t\t<div class=\"elementor-container elementor-column-gap-default\">\n\t\t\t\t\t<div class=\"elementor-column elementor-col-100 elementor-top-column elementor-element elementor-element-d5dcc54\" data-id=\"d5dcc54\" data-element_type=\"column\">\n\t\t\t<div class=\"elementor-widget-wrap elementor-element-populated\">\n\t\t\t\t\t\t<section class=\"elementor-section elementor-inner-section elementor-element elementor-element-f94cc5f elementor-section-boxed elementor-section-height-default elementor-section-height-default\" data-id=\"f94cc5f\" data-element_type=\"section\">\n\t\t\t\t\t\t<div class=\"elementor-container elementor-column-gap-default\">\n\t\t\t\t\t<div class=\"elementor-column elementor-col-50 elementor-inner-column elementor-element elementor-element-36f67ef\" data-id=\"36f67ef\" data-element_type=\"column\">\n\t\t\t<div class=\"elementor-widget-wrap elementor-element-populated\">\n\t\t\t\t\t\t<div class=\"elementor-element elementor-element-eae4849 elementor-widget elementor-widget-text-editor\" data-id=\"eae4849\" data-element_type=\"widget\" data-widget_type=\"text-editor.default\">\n\t\t\t\t<div class=\"elementor-widget-container\">\n\t\t\t\t\t\t\t\t\t<p>Debi ayar diskleri otomatik \u00fcretim s\u00fcre\u00e7lerinde s\u0131v\u0131 yada gazlar\u0131n ak\u0131\u015f\u0131n\u0131\nd\u00fczenler. Daha ziyade sigara \u00fcretim ekipmanlar\u0131 ve paketleme\nmakinelerinde kullan\u0131l\u0131rlar. Bu t\u00fcr \u00e7al\u0131\u015fma \u015fartlar\u0131 alt\u0131nda s\u00fcreklili\u011fi olmayan\nd\u00f6nme hareketi genellikle ya\u011flay\u0131c\u0131 s\u0131v\u0131lar vas\u0131tas\u0131yla bir hidrodinamik\nya\u011flama ve s\u0131zd\u0131rmazl\u0131k filmi olu\u015fturamaz. Dolay\u0131s\u0131yla ya\u011flay\u0131c\u0131\nkullan\u0131lamayan bu t\u00fcr ayg\u0131tlarda kendinden ya\u011flama ve s\u0131zd\u0131rmazl\u0131k\nyapabilen grafit kullan\u0131m\u0131, bu dezavantaj\u0131 ortadan kald\u0131r\u0131r.\nKarbon\/grafitten yap\u0131lan vana k\u00fcresel contalar\u0131, y\u00fcksek s\u0131cakl\u0131ktan dolay\u0131\ndi\u011fer malzemelerin bozuldu\u011fu ya da kimyasal etkile\u015fimi olan ak\u0131\u015fkanlarla\ntemasta oldu\u011fu durumlarda s\u0131cak gazlar\u0131, buharlar\u0131 yada metallerle\nkimyasal etkile\u015fimi olan ak\u0131\u015fkanlar\u0131n debilerini kontrol eden ayg\u0131tlarda\ns\u0131zd\u0131rmazl\u0131k sa\u011flamada kullan\u0131l\u0131r. petro-kimya end\u00fcstrisinde, rafinerilerde\nve yang\u0131n durumunda contan\u0131n i\u015flevselli\u011fini korumas\u0131 gereken gemilerde ve\npetrol tankerlerinde kullan\u0131l\u0131rlar.<\/p>\t\t\t\t\t\t\t\t<\/div>\n\t\t\t\t<\/div>\n\t\t\t\t\t<\/div>\n\t\t<\/div>\n\t\t\t\t<div class=\"elementor-column elementor-col-50 elementor-inner-column elementor-element elementor-element-9bf5e2e\" data-id=\"9bf5e2e\" data-element_type=\"column\">\n\t\t\t<div class=\"elementor-widget-wrap elementor-element-populated\">\n\t\t\t\t\t\t<div class=\"elementor-element elementor-element-cf30082 elementor-widget elementor-widget-image\" data-id=\"cf30082\" data-element_type=\"widget\" data-widget_type=\"image.default\">\n\t\t\t\t<div class=\"elementor-widget-container\">\n\t\t\t\t\t\t\t\t\t\t\t\t\t\t\t<img fetchpriority=\"high\" decoding=\"async\" width=\"778\" height=\"583\" src=\"https:\/\/teknikgrafit.com\/wp-content\/uploads\/2020\/07\/5_Mekanik-d\u00f6ner_elemanlar-1.jpg\" class=\"attachment-large size-large wp-image-507\" alt=\"\" srcset=\"https:\/\/teknikgrafit.com\/wp-content\/uploads\/2020\/07\/5_Mekanik-d\u00f6ner_elemanlar-1.jpg 778w, https:\/\/teknikgrafit.com\/wp-content\/uploads\/2020\/07\/5_Mekanik-d\u00f6ner_elemanlar-1-300x225.jpg 300w, https:\/\/teknikgrafit.com\/wp-content\/uploads\/2020\/07\/5_Mekanik-d\u00f6ner_elemanlar-1-768x576.jpg 768w\" sizes=\"(max-width: 778px) 100vw, 778px\" \/>\t\t\t\t\t\t\t\t\t\t\t\t\t\t\t<\/div>\n\t\t\t\t<\/div>\n\t\t\t\t\t<\/div>\n\t\t<\/div>\n\t\t\t\t\t<\/div>\n\t\t<\/section>\n\t\t\t\t\t<\/div>\n\t\t<\/div>\n\t\t\t\t\t<\/div>\n\t\t<\/section>\n\t\t\t\t<section class=\"elementor-section elementor-top-section elementor-element elementor-element-3e70705 elementor-section-boxed elementor-section-height-default elementor-section-height-default\" data-id=\"3e70705\" data-element_type=\"section\">\n\t\t\t\t\t\t<div class=\"elementor-container elementor-column-gap-default\">\n\t\t\t\t\t<div class=\"elementor-column elementor-col-100 elementor-top-column elementor-element elementor-element-8b1009d\" data-id=\"8b1009d\" data-element_type=\"column\">\n\t\t\t<div class=\"elementor-widget-wrap elementor-element-populated\">\n\t\t\t\t\t\t<section class=\"elementor-section elementor-inner-section elementor-element elementor-element-7f627d9 elementor-section-boxed elementor-section-height-default elementor-section-height-default\" data-id=\"7f627d9\" data-element_type=\"section\">\n\t\t\t\t\t\t<div class=\"elementor-container elementor-column-gap-default\">\n\t\t\t\t\t<div class=\"elementor-column elementor-col-50 elementor-inner-column elementor-element elementor-element-a323f2a\" data-id=\"a323f2a\" data-element_type=\"column\">\n\t\t\t<div class=\"elementor-widget-wrap elementor-element-populated\">\n\t\t\t\t\t\t<div class=\"elementor-element elementor-element-b689ae1 elementor-widget elementor-widget-image\" data-id=\"b689ae1\" data-element_type=\"widget\" data-widget_type=\"image.default\">\n\t\t\t\t<div class=\"elementor-widget-container\">\n\t\t\t\t\t\t\t\t\t\t\t\t\t\t\t<img decoding=\"async\" width=\"1024\" height=\"768\" src=\"https:\/\/teknikgrafit.com\/wp-content\/uploads\/2020\/09\/2__MEKANIK-UYGULAMALAR-genel-1024x768.jpg\" class=\"attachment-large size-large wp-image-1042\" alt=\"\" srcset=\"https:\/\/teknikgrafit.com\/wp-content\/uploads\/2020\/09\/2__MEKANIK-UYGULAMALAR-genel-1024x768.jpg 1024w, https:\/\/teknikgrafit.com\/wp-content\/uploads\/2020\/09\/2__MEKANIK-UYGULAMALAR-genel-300x225.jpg 300w, https:\/\/teknikgrafit.com\/wp-content\/uploads\/2020\/09\/2__MEKANIK-UYGULAMALAR-genel-768x576.jpg 768w\" sizes=\"(max-width: 1024px) 100vw, 1024px\" \/>\t\t\t\t\t\t\t\t\t\t\t\t\t\t\t<\/div>\n\t\t\t\t<\/div>\n\t\t\t\t\t<\/div>\n\t\t<\/div>\n\t\t\t\t<div class=\"elementor-column elementor-col-50 elementor-inner-column elementor-element elementor-element-1db6318\" data-id=\"1db6318\" data-element_type=\"column\">\n\t\t\t<div class=\"elementor-widget-wrap\">\n\t\t\t\t\t\t\t<\/div>\n\t\t<\/div>\n\t\t\t\t\t<\/div>\n\t\t<\/section>\n\t\t\t\t\t<\/div>\n\t\t<\/div>\n\t\t\t\t\t<\/div>\n\t\t<\/section>\n\t\t\t\t<\/div>","protected":false},"excerpt":{"rendered":"<p>Motion\/Flow controlled discs\/Ball Valve Seals Motion and flow controlled discs are used to flow liquid and gas in automatic production lines mostly in cigarette production and packaging machines. It is not possible to use lubricants in their environments therefore self-lubricant graphite is used to remove this disadvantage. Made from carbon\/graphite, ball valve discs are used &hellip;<\/p>\n<p class=\"read-more\"> <a class=\"\" href=\"https:\/\/teknikgrafit.com\/tr\/mechanical-applications\/motion-flow-control-discs-ball-valve-seals\/\"> <span class=\"screen-reader-text\">Debi Ayar Diskleri<\/span> Read More &raquo;<\/a><\/p>","protected":false},"author":1,"featured_media":0,"parent":601,"menu_order":0,"comment_status":"closed","ping_status":"closed","template":"","meta":{"footnotes":""},"class_list":["post-668","page","type-page","status-publish","hentry"],"yoast_head":"<!-- This site is optimized with the Yoast SEO plugin v26.9 - https:\/\/yoast.com\/product\/yoast-seo-wordpress\/ -->\n<title>Motion Flow Control Discs\/Ball Valve Seals - Teknik Grafit | Expert in Graphite Manufacturing<\/title>\n<meta name=\"robots\" content=\"index, follow, max-snippet:-1, max-image-preview:large, max-video-preview:-1\" \/>\n<link rel=\"canonical\" href=\"http:\/\/teknikgrafit.com\/tr\/mechanical-applications\/motion-flow-control-discs-ball-valve-seals\/\" \/>\n<meta property=\"og:locale\" content=\"tr_TR\" \/>\n<meta property=\"og:type\" content=\"article\" \/>\n<meta property=\"og:title\" content=\"Motion Flow Control Discs\/Ball Valve Seals - Teknik Grafit | Expert in Graphite Manufacturing\" \/>\n<meta property=\"og:description\" content=\"Motion\/Flow controlled discs\/Ball Valve Seals Motion and flow controlled discs are used to flow liquid and gas in automatic production lines mostly in cigarette production and packaging machines. It is not possible to use lubricants in their environments therefore self-lubricant graphite is used to remove this disadvantage. Made from carbon\/graphite, ball valve discs are used &hellip; Motion Flow Control Discs\/Ball Valve Seals Read More &raquo;\" \/>\n<meta property=\"og:url\" content=\"http:\/\/teknikgrafit.com\/tr\/mechanical-applications\/motion-flow-control-discs-ball-valve-seals\/\" \/>\n<meta property=\"og:site_name\" content=\"Teknik Grafit | Expert in Graphite Manufacturing\" \/>\n<meta property=\"article:modified_time\" content=\"2020-09-28T21:15:02+00:00\" \/>\n<meta property=\"og:image\" content=\"http:\/\/teknikgrafit.com\/wp-content\/uploads\/2020\/09\/2__MEKANIK-UYGULAMALAR-genel-1024x768.jpg\" \/>\n<meta name=\"twitter:card\" content=\"summary_large_image\" \/>\n<script type=\"application\/ld+json\" class=\"yoast-schema-graph\">{\"@context\":\"https:\/\/schema.org\",\"@graph\":[{\"@type\":\"WebPage\",\"@id\":\"http:\/\/teknikgrafit.com\/tr\/mechanical-applications\/motion-flow-control-discs-ball-valve-seals\/\",\"url\":\"http:\/\/teknikgrafit.com\/tr\/mechanical-applications\/motion-flow-control-discs-ball-valve-seals\/\",\"name\":\"Motion Flow Control Discs\/Ball Valve Seals - Teknik Grafit | Expert in Graphite Manufacturing\",\"isPartOf\":{\"@id\":\"http:\/\/teknikgrafit.com\/#website\"},\"primaryImageOfPage\":{\"@id\":\"http:\/\/teknikgrafit.com\/tr\/mechanical-applications\/motion-flow-control-discs-ball-valve-seals\/#primaryimage\"},\"image\":{\"@id\":\"http:\/\/teknikgrafit.com\/tr\/mechanical-applications\/motion-flow-control-discs-ball-valve-seals\/#primaryimage\"},\"thumbnailUrl\":\"http:\/\/teknikgrafit.com\/wp-content\/uploads\/2020\/09\/2__MEKANIK-UYGULAMALAR-genel-1024x768.jpg\",\"datePublished\":\"2020-08-25T10:38:25+00:00\",\"dateModified\":\"2020-09-28T21:15:02+00:00\",\"breadcrumb\":{\"@id\":\"http:\/\/teknikgrafit.com\/tr\/mechanical-applications\/motion-flow-control-discs-ball-valve-seals\/#breadcrumb\"},\"inLanguage\":\"tr\",\"potentialAction\":[{\"@type\":\"ReadAction\",\"target\":[\"http:\/\/teknikgrafit.com\/tr\/mechanical-applications\/motion-flow-control-discs-ball-valve-seals\/\"]}]},{\"@type\":\"ImageObject\",\"inLanguage\":\"tr\",\"@id\":\"http:\/\/teknikgrafit.com\/tr\/mechanical-applications\/motion-flow-control-discs-ball-valve-seals\/#primaryimage\",\"url\":\"http:\/\/teknikgrafit.com\/wp-content\/uploads\/2020\/09\/2__MEKANIK-UYGULAMALAR-genel-1024x768.jpg\",\"contentUrl\":\"http:\/\/teknikgrafit.com\/wp-content\/uploads\/2020\/09\/2__MEKANIK-UYGULAMALAR-genel-1024x768.jpg\"},{\"@type\":\"BreadcrumbList\",\"@id\":\"http:\/\/teknikgrafit.com\/tr\/mechanical-applications\/motion-flow-control-discs-ball-valve-seals\/#breadcrumb\",\"itemListElement\":[{\"@type\":\"ListItem\",\"position\":1,\"name\":\"Home\",\"item\":\"http:\/\/teknikgrafit.com\/\"},{\"@type\":\"ListItem\",\"position\":2,\"name\":\"Mechanical Applications\",\"item\":\"http:\/\/teknikgrafit.com\/mechanical-applications\/\"},{\"@type\":\"ListItem\",\"position\":3,\"name\":\"Motion Flow Control Discs\/Ball Valve Seals\"}]},{\"@type\":\"WebSite\",\"@id\":\"http:\/\/teknikgrafit.com\/#website\",\"url\":\"http:\/\/teknikgrafit.com\/\",\"name\":\"Teknik Grafit | Expert in Graphite Manufacturing\",\"description\":\"\",\"publisher\":{\"@id\":\"http:\/\/teknikgrafit.com\/#organization\"},\"potentialAction\":[{\"@type\":\"SearchAction\",\"target\":{\"@type\":\"EntryPoint\",\"urlTemplate\":\"http:\/\/teknikgrafit.com\/?s={search_term_string}\"},\"query-input\":{\"@type\":\"PropertyValueSpecification\",\"valueRequired\":true,\"valueName\":\"search_term_string\"}}],\"inLanguage\":\"tr\"},{\"@type\":\"Organization\",\"@id\":\"http:\/\/teknikgrafit.com\/#organization\",\"name\":\"Teknik Grafit | Expert in Graphite Manufacturing\",\"url\":\"http:\/\/teknikgrafit.com\/\",\"logo\":{\"@type\":\"ImageObject\",\"inLanguage\":\"tr\",\"@id\":\"http:\/\/teknikgrafit.com\/#\/schema\/logo\/image\/\",\"url\":\"https:\/\/teknikgrafit.com\/wp-content\/uploads\/2020\/09\/cropped-logo_clipped_rev_1.png\",\"contentUrl\":\"https:\/\/teknikgrafit.com\/wp-content\/uploads\/2020\/09\/cropped-logo_clipped_rev_1.png\",\"width\":300,\"height\":113,\"caption\":\"Teknik Grafit | Expert in Graphite Manufacturing\"},\"image\":{\"@id\":\"http:\/\/teknikgrafit.com\/#\/schema\/logo\/image\/\"}}]}<\/script>\n<!-- \/ Yoast SEO plugin. -->","yoast_head_json":{"title":"Motion Flow Control Discs\/Ball Valve Seals - Teknik Grafit | Expert in Graphite Manufacturing","robots":{"index":"index","follow":"follow","max-snippet":"max-snippet:-1","max-image-preview":"max-image-preview:large","max-video-preview":"max-video-preview:-1"},"canonical":"http:\/\/teknikgrafit.com\/tr\/mechanical-applications\/motion-flow-control-discs-ball-valve-seals\/","og_locale":"tr_TR","og_type":"article","og_title":"Motion Flow Control Discs\/Ball Valve Seals - Teknik Grafit | Expert in Graphite Manufacturing","og_description":"Motion\/Flow controlled discs\/Ball Valve Seals Motion and flow controlled discs are used to flow liquid and gas in automatic production lines mostly in cigarette production and packaging machines. It is not possible to use lubricants in their environments therefore self-lubricant graphite is used to remove this disadvantage. Made from carbon\/graphite, ball valve discs are used &hellip; Motion Flow Control Discs\/Ball Valve Seals Read More &raquo;","og_url":"http:\/\/teknikgrafit.com\/tr\/mechanical-applications\/motion-flow-control-discs-ball-valve-seals\/","og_site_name":"Teknik Grafit | Expert in Graphite Manufacturing","article_modified_time":"2020-09-28T21:15:02+00:00","og_image":[{"url":"http:\/\/teknikgrafit.com\/wp-content\/uploads\/2020\/09\/2__MEKANIK-UYGULAMALAR-genel-1024x768.jpg","type":"","width":"","height":""}],"twitter_card":"summary_large_image","schema":{"@context":"https:\/\/schema.org","@graph":[{"@type":"WebPage","@id":"http:\/\/teknikgrafit.com\/tr\/mechanical-applications\/motion-flow-control-discs-ball-valve-seals\/","url":"http:\/\/teknikgrafit.com\/tr\/mechanical-applications\/motion-flow-control-discs-ball-valve-seals\/","name":"Motion Flow Control Discs\/Ball Valve Seals - Teknik Grafit | Expert in Graphite Manufacturing","isPartOf":{"@id":"http:\/\/teknikgrafit.com\/#website"},"primaryImageOfPage":{"@id":"http:\/\/teknikgrafit.com\/tr\/mechanical-applications\/motion-flow-control-discs-ball-valve-seals\/#primaryimage"},"image":{"@id":"http:\/\/teknikgrafit.com\/tr\/mechanical-applications\/motion-flow-control-discs-ball-valve-seals\/#primaryimage"},"thumbnailUrl":"http:\/\/teknikgrafit.com\/wp-content\/uploads\/2020\/09\/2__MEKANIK-UYGULAMALAR-genel-1024x768.jpg","datePublished":"2020-08-25T10:38:25+00:00","dateModified":"2020-09-28T21:15:02+00:00","breadcrumb":{"@id":"http:\/\/teknikgrafit.com\/tr\/mechanical-applications\/motion-flow-control-discs-ball-valve-seals\/#breadcrumb"},"inLanguage":"tr","potentialAction":[{"@type":"ReadAction","target":["http:\/\/teknikgrafit.com\/tr\/mechanical-applications\/motion-flow-control-discs-ball-valve-seals\/"]}]},{"@type":"ImageObject","inLanguage":"tr","@id":"http:\/\/teknikgrafit.com\/tr\/mechanical-applications\/motion-flow-control-discs-ball-valve-seals\/#primaryimage","url":"http:\/\/teknikgrafit.com\/wp-content\/uploads\/2020\/09\/2__MEKANIK-UYGULAMALAR-genel-1024x768.jpg","contentUrl":"http:\/\/teknikgrafit.com\/wp-content\/uploads\/2020\/09\/2__MEKANIK-UYGULAMALAR-genel-1024x768.jpg"},{"@type":"BreadcrumbList","@id":"http:\/\/teknikgrafit.com\/tr\/mechanical-applications\/motion-flow-control-discs-ball-valve-seals\/#breadcrumb","itemListElement":[{"@type":"ListItem","position":1,"name":"Home","item":"http:\/\/teknikgrafit.com\/"},{"@type":"ListItem","position":2,"name":"Mechanical Applications","item":"http:\/\/teknikgrafit.com\/mechanical-applications\/"},{"@type":"ListItem","position":3,"name":"Motion Flow Control Discs\/Ball Valve Seals"}]},{"@type":"WebSite","@id":"http:\/\/teknikgrafit.com\/#website","url":"http:\/\/teknikgrafit.com\/","name":"Teknik Grafit | Expert in Graphite Manufacturing","description":"","publisher":{"@id":"http:\/\/teknikgrafit.com\/#organization"},"potentialAction":[{"@type":"SearchAction","target":{"@type":"EntryPoint","urlTemplate":"http:\/\/teknikgrafit.com\/?s={search_term_string}"},"query-input":{"@type":"PropertyValueSpecification","valueRequired":true,"valueName":"search_term_string"}}],"inLanguage":"tr"},{"@type":"Organization","@id":"http:\/\/teknikgrafit.com\/#organization","name":"Teknik Grafit | Expert in Graphite Manufacturing","url":"http:\/\/teknikgrafit.com\/","logo":{"@type":"ImageObject","inLanguage":"tr","@id":"http:\/\/teknikgrafit.com\/#\/schema\/logo\/image\/","url":"https:\/\/teknikgrafit.com\/wp-content\/uploads\/2020\/09\/cropped-logo_clipped_rev_1.png","contentUrl":"https:\/\/teknikgrafit.com\/wp-content\/uploads\/2020\/09\/cropped-logo_clipped_rev_1.png","width":300,"height":113,"caption":"Teknik Grafit | Expert in Graphite Manufacturing"},"image":{"@id":"http:\/\/teknikgrafit.com\/#\/schema\/logo\/image\/"}}]}},"jetpack_sharing_enabled":true,"_links":{"self":[{"href":"https:\/\/teknikgrafit.com\/tr\/wp-json\/wp\/v2\/pages\/668","targetHints":{"allow":["GET"]}}],"collection":[{"href":"https:\/\/teknikgrafit.com\/tr\/wp-json\/wp\/v2\/pages"}],"about":[{"href":"https:\/\/teknikgrafit.com\/tr\/wp-json\/wp\/v2\/types\/page"}],"author":[{"embeddable":true,"href":"https:\/\/teknikgrafit.com\/tr\/wp-json\/wp\/v2\/users\/1"}],"replies":[{"embeddable":true,"href":"https:\/\/teknikgrafit.com\/tr\/wp-json\/wp\/v2\/comments?post=668"}],"version-history":[{"count":6,"href":"https:\/\/teknikgrafit.com\/tr\/wp-json\/wp\/v2\/pages\/668\/revisions"}],"predecessor-version":[{"id":1098,"href":"https:\/\/teknikgrafit.com\/tr\/wp-json\/wp\/v2\/pages\/668\/revisions\/1098"}],"up":[{"embeddable":true,"href":"https:\/\/teknikgrafit.com\/tr\/wp-json\/wp\/v2\/pages\/601"}],"wp:attachment":[{"href":"https:\/\/teknikgrafit.com\/tr\/wp-json\/wp\/v2\/media?parent=668"}],"curies":[{"name":"wp","href":"https:\/\/api.w.org\/{rel}","templated":true}]}}