{"id":666,"date":"2020-08-25T10:37:37","date_gmt":"2020-08-25T10:37:37","guid":{"rendered":"http:\/\/teknikgrafit.com\/?page_id=666"},"modified":"2020-09-28T21:14:04","modified_gmt":"2020-09-28T21:14:04","slug":"rotary-joints-for-steam","status":"publish","type":"page","link":"https:\/\/teknikgrafit.com\/tr\/mechanical-applications\/rotary-joints-for-steam\/","title":{"rendered":"Buhar D\u00f6ner Eklemleri"},"content":{"rendered":"<div data-elementor-type=\"wp-page\" data-elementor-id=\"666\" class=\"elementor elementor-666\">\n\t\t\t\t\t\t<section class=\"elementor-section elementor-top-section elementor-element elementor-element-330162b elementor-section-boxed elementor-section-height-default elementor-section-height-default\" data-id=\"330162b\" data-element_type=\"section\">\n\t\t\t\t\t\t<div class=\"elementor-container elementor-column-gap-default\">\n\t\t\t\t\t<div class=\"elementor-column elementor-col-100 elementor-top-column elementor-element elementor-element-2b45ead\" data-id=\"2b45ead\" data-element_type=\"column\">\n\t\t\t<div class=\"elementor-widget-wrap elementor-element-populated\">\n\t\t\t\t\t\t<div class=\"elementor-element elementor-element-9b1f070 elementor-widget elementor-widget-heading\" data-id=\"9b1f070\" data-element_type=\"widget\" data-widget_type=\"heading.default\">\n\t\t\t\t<div class=\"elementor-widget-container\">\n\t\t\t\t\t<h2 class=\"elementor-heading-title elementor-size-default\">Buhar D\u00f6ner Eklemleri<\/h2>\t\t\t\t<\/div>\n\t\t\t\t<\/div>\n\t\t\t\t\t<\/div>\n\t\t<\/div>\n\t\t\t\t\t<\/div>\n\t\t<\/section>\n\t\t\t\t<section class=\"elementor-section elementor-top-section elementor-element elementor-element-bf6fdf5 elementor-section-boxed elementor-section-height-default elementor-section-height-default\" data-id=\"bf6fdf5\" data-element_type=\"section\">\n\t\t\t\t\t\t<div class=\"elementor-container elementor-column-gap-default\">\n\t\t\t\t\t<div class=\"elementor-column elementor-col-100 elementor-top-column elementor-element elementor-element-91fba42\" data-id=\"91fba42\" data-element_type=\"column\">\n\t\t\t<div class=\"elementor-widget-wrap elementor-element-populated\">\n\t\t\t\t\t\t\t<\/div>\n\t\t<\/div>\n\t\t\t\t\t<\/div>\n\t\t<\/section>\n\t\t\t\t<section class=\"elementor-section elementor-top-section elementor-element elementor-element-8d742ac elementor-section-boxed elementor-section-height-default elementor-section-height-default\" data-id=\"8d742ac\" data-element_type=\"section\">\n\t\t\t\t\t\t<div class=\"elementor-container elementor-column-gap-default\">\n\t\t\t\t\t<div class=\"elementor-column elementor-col-100 elementor-top-column elementor-element elementor-element-20998bb\" data-id=\"20998bb\" data-element_type=\"column\">\n\t\t\t<div class=\"elementor-widget-wrap elementor-element-populated\">\n\t\t\t\t\t\t<section class=\"elementor-section elementor-inner-section elementor-element elementor-element-7e250d5 elementor-section-boxed elementor-section-height-default elementor-section-height-default\" data-id=\"7e250d5\" data-element_type=\"section\">\n\t\t\t\t\t\t<div class=\"elementor-container elementor-column-gap-default\">\n\t\t\t\t\t<div class=\"elementor-column elementor-col-50 elementor-inner-column elementor-element elementor-element-99ace05\" data-id=\"99ace05\" data-element_type=\"column\">\n\t\t\t<div class=\"elementor-widget-wrap elementor-element-populated\">\n\t\t\t\t\t\t<div class=\"elementor-element elementor-element-76fb07b elementor-widget elementor-widget-text-editor\" data-id=\"76fb07b\" data-element_type=\"widget\" data-widget_type=\"text-editor.default\">\n\t\t\t\t<div class=\"elementor-widget-container\">\n\t\t\t\t\t\t\t\t\t<p>Buhar ba\u011flant\u0131lar\u0131, bir buhar borusu ile \u015faft, veya silindirik bir d\u00f6ner aksam\naras\u0131ndaki s\u0131zd\u0131rmazl\u0131k elemanlar\u0131d\u0131r. Buhar ba\u011flant\u0131lar\u0131, \u0131slak, kar\u0131\u015f\u0131k ve\nkuru \u00e7al\u0131\u015fma dahil olmak \u00fczere bilinen t\u00fcm \u00e7al\u0131\u015fma ko\u015fullar\u0131 alt\u0131nda su,\nbuhar veya ya\u011flar\u0131n s\u0131zd\u0131rmazl\u0131\u011f\u0131n\u0131 sa\u011flad\u0131\u011f\u0131 gibi, sal\u0131n\u0131m, salg\u0131 ve\nyuvarlanma hareketinin s\u0131z\u0131nt\u0131 \u00fczerine etkilerini engeller. Bu i\u015flev bir yay ile\ns\u0131zd\u0131rmazl\u0131k y\u00fczeyine bast\u0131r\u0131lan i\u00e7b\u00fckey veya d\u0131\u015fb\u00fckey bir grafit conta\ny\u00fczeyi ile elde edilir.<\/p>\t\t\t\t\t\t\t\t<\/div>\n\t\t\t\t<\/div>\n\t\t\t\t\t<\/div>\n\t\t<\/div>\n\t\t\t\t<div class=\"elementor-column elementor-col-50 elementor-inner-column elementor-element elementor-element-c8e10e2\" data-id=\"c8e10e2\" data-element_type=\"column\">\n\t\t\t<div class=\"elementor-widget-wrap elementor-element-populated\">\n\t\t\t\t\t\t<div class=\"elementor-element elementor-element-4fccf63 elementor-widget elementor-widget-image\" data-id=\"4fccf63\" data-element_type=\"widget\" data-widget_type=\"image.default\">\n\t\t\t\t<div class=\"elementor-widget-container\">\n\t\t\t\t\t\t\t\t\t\t\t\t\t\t\t<img fetchpriority=\"high\" decoding=\"async\" width=\"1024\" height=\"768\" src=\"https:\/\/teknikgrafit.com\/wp-content\/uploads\/2020\/09\/2_4_Buhar-SIZDIRMAZLIK-CONTALARI-1024x768.jpg\" class=\"attachment-large size-large wp-image-1039\" alt=\"\" srcset=\"https:\/\/teknikgrafit.com\/wp-content\/uploads\/2020\/09\/2_4_Buhar-SIZDIRMAZLIK-CONTALARI-1024x768.jpg 1024w, https:\/\/teknikgrafit.com\/wp-content\/uploads\/2020\/09\/2_4_Buhar-SIZDIRMAZLIK-CONTALARI-300x225.jpg 300w, https:\/\/teknikgrafit.com\/wp-content\/uploads\/2020\/09\/2_4_Buhar-SIZDIRMAZLIK-CONTALARI-768x576.jpg 768w, https:\/\/teknikgrafit.com\/wp-content\/uploads\/2020\/09\/2_4_Buhar-SIZDIRMAZLIK-CONTALARI-1536x1152.jpg 1536w, https:\/\/teknikgrafit.com\/wp-content\/uploads\/2020\/09\/2_4_Buhar-SIZDIRMAZLIK-CONTALARI-2048x1536.jpg 2048w\" sizes=\"(max-width: 1024px) 100vw, 1024px\" \/>\t\t\t\t\t\t\t\t\t\t\t\t\t\t\t<\/div>\n\t\t\t\t<\/div>\n\t\t\t\t\t<\/div>\n\t\t<\/div>\n\t\t\t\t\t<\/div>\n\t\t<\/section>\n\t\t\t\t\t<\/div>\n\t\t<\/div>\n\t\t\t\t\t<\/div>\n\t\t<\/section>\n\t\t\t\t<section class=\"elementor-section elementor-top-section elementor-element elementor-element-567fb20 elementor-section-boxed elementor-section-height-default elementor-section-height-default\" data-id=\"567fb20\" data-element_type=\"section\">\n\t\t\t\t\t\t<div class=\"elementor-container elementor-column-gap-default\">\n\t\t\t\t\t<div class=\"elementor-column elementor-col-100 elementor-top-column elementor-element elementor-element-4624cec\" data-id=\"4624cec\" data-element_type=\"column\">\n\t\t\t<div class=\"elementor-widget-wrap elementor-element-populated\">\n\t\t\t\t\t\t\t<\/div>\n\t\t<\/div>\n\t\t\t\t\t<\/div>\n\t\t<\/section>\n\t\t\t\t<section class=\"elementor-section elementor-top-section elementor-element elementor-element-1c79f2c elementor-section-boxed elementor-section-height-default elementor-section-height-default\" data-id=\"1c79f2c\" data-element_type=\"section\">\n\t\t\t\t\t\t<div class=\"elementor-container elementor-column-gap-default\">\n\t\t\t\t\t<div class=\"elementor-column elementor-col-100 elementor-top-column elementor-element elementor-element-942aa3f\" data-id=\"942aa3f\" data-element_type=\"column\">\n\t\t\t<div class=\"elementor-widget-wrap elementor-element-populated\">\n\t\t\t\t\t\t<div class=\"elementor-element elementor-element-46bc159 elementor-widget elementor-widget-image\" data-id=\"46bc159\" data-element_type=\"widget\" data-widget_type=\"image.default\">\n\t\t\t\t<div class=\"elementor-widget-container\">\n\t\t\t\t\t\t\t\t\t\t\t\t\t\t\t<img decoding=\"async\" width=\"778\" height=\"583\" src=\"https:\/\/teknikgrafit.com\/wp-content\/uploads\/2020\/07\/5_Mekanik-d\u00f6ner_elemanlar-1.jpg\" class=\"attachment-large size-large wp-image-507\" alt=\"\" srcset=\"https:\/\/teknikgrafit.com\/wp-content\/uploads\/2020\/07\/5_Mekanik-d\u00f6ner_elemanlar-1.jpg 778w, https:\/\/teknikgrafit.com\/wp-content\/uploads\/2020\/07\/5_Mekanik-d\u00f6ner_elemanlar-1-300x225.jpg 300w, https:\/\/teknikgrafit.com\/wp-content\/uploads\/2020\/07\/5_Mekanik-d\u00f6ner_elemanlar-1-768x576.jpg 768w\" sizes=\"(max-width: 778px) 100vw, 778px\" \/>\t\t\t\t\t\t\t\t\t\t\t\t\t\t\t<\/div>\n\t\t\t\t<\/div>\n\t\t\t\t\t<\/div>\n\t\t<\/div>\n\t\t\t\t\t<\/div>\n\t\t<\/section>\n\t\t\t\t<\/div>","protected":false},"excerpt":{"rendered":"<p>Rotary Joints For Steam Steam joints are the seal elements between a steam pipe and a shaft on a rotary part. As they are known for retaining steam and oils in dry, wet and mixed conditions, they also prevent the oscillation and rolling movements to cause a leak. Such functions are formed by suppressing either &hellip;<\/p>\n<p class=\"read-more\"> <a class=\"\" href=\"https:\/\/teknikgrafit.com\/tr\/mechanical-applications\/rotary-joints-for-steam\/\"> <span class=\"screen-reader-text\">Buhar D\u00f6ner Eklemleri<\/span> Read More &raquo;<\/a><\/p>","protected":false},"author":1,"featured_media":0,"parent":601,"menu_order":0,"comment_status":"closed","ping_status":"closed","template":"","meta":{"footnotes":""},"class_list":["post-666","page","type-page","status-publish","hentry"],"yoast_head":"<!-- This site is optimized with the Yoast SEO plugin v26.9 - https:\/\/yoast.com\/product\/yoast-seo-wordpress\/ -->\n<title>Rotary Joints for Steam - Teknik Grafit | Expert in Graphite Manufacturing<\/title>\n<meta name=\"robots\" content=\"index, follow, max-snippet:-1, max-image-preview:large, max-video-preview:-1\" \/>\n<link rel=\"canonical\" href=\"https:\/\/teknikgrafit.com\/tr\/mechanical-applications\/rotary-joints-for-steam\/\" \/>\n<meta property=\"og:locale\" content=\"tr_TR\" \/>\n<meta property=\"og:type\" content=\"article\" \/>\n<meta property=\"og:title\" content=\"Rotary Joints for Steam - Teknik Grafit | Expert in Graphite Manufacturing\" \/>\n<meta property=\"og:description\" content=\"Rotary Joints For Steam Steam joints are the seal elements between a steam pipe and a shaft on a rotary part. As they are known for retaining steam and oils in dry, wet and mixed conditions, they also prevent the oscillation and rolling movements to cause a leak. Such functions are formed by suppressing either &hellip; Rotary Joints for Steam Read More &raquo;\" \/>\n<meta property=\"og:url\" content=\"https:\/\/teknikgrafit.com\/tr\/mechanical-applications\/rotary-joints-for-steam\/\" \/>\n<meta property=\"og:site_name\" content=\"Teknik Grafit | Expert in Graphite Manufacturing\" \/>\n<meta property=\"article:modified_time\" content=\"2020-09-28T21:14:04+00:00\" \/>\n<meta property=\"og:image\" content=\"http:\/\/teknikgrafit.com\/wp-content\/uploads\/2020\/09\/2_4_Buhar-SIZDIRMAZLIK-CONTALARI-1024x768.jpg\" \/>\n<meta name=\"twitter:card\" content=\"summary_large_image\" \/>\n<script type=\"application\/ld+json\" class=\"yoast-schema-graph\">{\"@context\":\"https:\/\/schema.org\",\"@graph\":[{\"@type\":\"WebPage\",\"@id\":\"https:\/\/teknikgrafit.com\/mechanical-applications\/rotary-joints-for-steam\/\",\"url\":\"https:\/\/teknikgrafit.com\/mechanical-applications\/rotary-joints-for-steam\/\",\"name\":\"Rotary Joints for Steam - Teknik Grafit | Expert in Graphite Manufacturing\",\"isPartOf\":{\"@id\":\"http:\/\/teknikgrafit.com\/#website\"},\"primaryImageOfPage\":{\"@id\":\"https:\/\/teknikgrafit.com\/mechanical-applications\/rotary-joints-for-steam\/#primaryimage\"},\"image\":{\"@id\":\"https:\/\/teknikgrafit.com\/mechanical-applications\/rotary-joints-for-steam\/#primaryimage\"},\"thumbnailUrl\":\"http:\/\/teknikgrafit.com\/wp-content\/uploads\/2020\/09\/2_4_Buhar-SIZDIRMAZLIK-CONTALARI-1024x768.jpg\",\"datePublished\":\"2020-08-25T10:37:37+00:00\",\"dateModified\":\"2020-09-28T21:14:04+00:00\",\"breadcrumb\":{\"@id\":\"https:\/\/teknikgrafit.com\/mechanical-applications\/rotary-joints-for-steam\/#breadcrumb\"},\"inLanguage\":\"tr\",\"potentialAction\":[{\"@type\":\"ReadAction\",\"target\":[\"https:\/\/teknikgrafit.com\/mechanical-applications\/rotary-joints-for-steam\/\"]}]},{\"@type\":\"ImageObject\",\"inLanguage\":\"tr\",\"@id\":\"https:\/\/teknikgrafit.com\/mechanical-applications\/rotary-joints-for-steam\/#primaryimage\",\"url\":\"http:\/\/teknikgrafit.com\/wp-content\/uploads\/2020\/09\/2_4_Buhar-SIZDIRMAZLIK-CONTALARI-1024x768.jpg\",\"contentUrl\":\"http:\/\/teknikgrafit.com\/wp-content\/uploads\/2020\/09\/2_4_Buhar-SIZDIRMAZLIK-CONTALARI-1024x768.jpg\"},{\"@type\":\"BreadcrumbList\",\"@id\":\"https:\/\/teknikgrafit.com\/mechanical-applications\/rotary-joints-for-steam\/#breadcrumb\",\"itemListElement\":[{\"@type\":\"ListItem\",\"position\":1,\"name\":\"Home\",\"item\":\"http:\/\/teknikgrafit.com\/\"},{\"@type\":\"ListItem\",\"position\":2,\"name\":\"Mechanical Applications\",\"item\":\"http:\/\/teknikgrafit.com\/mechanical-applications\/\"},{\"@type\":\"ListItem\",\"position\":3,\"name\":\"Rotary Joints for Steam\"}]},{\"@type\":\"WebSite\",\"@id\":\"http:\/\/teknikgrafit.com\/#website\",\"url\":\"http:\/\/teknikgrafit.com\/\",\"name\":\"Teknik Grafit | Expert in Graphite Manufacturing\",\"description\":\"\",\"publisher\":{\"@id\":\"http:\/\/teknikgrafit.com\/#organization\"},\"potentialAction\":[{\"@type\":\"SearchAction\",\"target\":{\"@type\":\"EntryPoint\",\"urlTemplate\":\"http:\/\/teknikgrafit.com\/?s={search_term_string}\"},\"query-input\":{\"@type\":\"PropertyValueSpecification\",\"valueRequired\":true,\"valueName\":\"search_term_string\"}}],\"inLanguage\":\"tr\"},{\"@type\":\"Organization\",\"@id\":\"http:\/\/teknikgrafit.com\/#organization\",\"name\":\"Teknik Grafit | Expert in Graphite Manufacturing\",\"url\":\"http:\/\/teknikgrafit.com\/\",\"logo\":{\"@type\":\"ImageObject\",\"inLanguage\":\"tr\",\"@id\":\"http:\/\/teknikgrafit.com\/#\/schema\/logo\/image\/\",\"url\":\"https:\/\/teknikgrafit.com\/wp-content\/uploads\/2020\/09\/cropped-logo_clipped_rev_1.png\",\"contentUrl\":\"https:\/\/teknikgrafit.com\/wp-content\/uploads\/2020\/09\/cropped-logo_clipped_rev_1.png\",\"width\":300,\"height\":113,\"caption\":\"Teknik Grafit | Expert in Graphite Manufacturing\"},\"image\":{\"@id\":\"http:\/\/teknikgrafit.com\/#\/schema\/logo\/image\/\"}}]}<\/script>\n<!-- \/ Yoast SEO plugin. -->","yoast_head_json":{"title":"Rotary Joints for Steam - Teknik Grafit | Expert in Graphite Manufacturing","robots":{"index":"index","follow":"follow","max-snippet":"max-snippet:-1","max-image-preview":"max-image-preview:large","max-video-preview":"max-video-preview:-1"},"canonical":"https:\/\/teknikgrafit.com\/tr\/mechanical-applications\/rotary-joints-for-steam\/","og_locale":"tr_TR","og_type":"article","og_title":"Rotary Joints for Steam - Teknik Grafit | Expert in Graphite Manufacturing","og_description":"Rotary Joints For Steam Steam joints are the seal elements between a steam pipe and a shaft on a rotary part. As they are known for retaining steam and oils in dry, wet and mixed conditions, they also prevent the oscillation and rolling movements to cause a leak. Such functions are formed by suppressing either &hellip; Rotary Joints for Steam Read More &raquo;","og_url":"https:\/\/teknikgrafit.com\/tr\/mechanical-applications\/rotary-joints-for-steam\/","og_site_name":"Teknik Grafit | Expert in Graphite Manufacturing","article_modified_time":"2020-09-28T21:14:04+00:00","og_image":[{"url":"http:\/\/teknikgrafit.com\/wp-content\/uploads\/2020\/09\/2_4_Buhar-SIZDIRMAZLIK-CONTALARI-1024x768.jpg","type":"","width":"","height":""}],"twitter_card":"summary_large_image","schema":{"@context":"https:\/\/schema.org","@graph":[{"@type":"WebPage","@id":"https:\/\/teknikgrafit.com\/mechanical-applications\/rotary-joints-for-steam\/","url":"https:\/\/teknikgrafit.com\/mechanical-applications\/rotary-joints-for-steam\/","name":"Rotary Joints for Steam - Teknik Grafit | Expert in Graphite Manufacturing","isPartOf":{"@id":"http:\/\/teknikgrafit.com\/#website"},"primaryImageOfPage":{"@id":"https:\/\/teknikgrafit.com\/mechanical-applications\/rotary-joints-for-steam\/#primaryimage"},"image":{"@id":"https:\/\/teknikgrafit.com\/mechanical-applications\/rotary-joints-for-steam\/#primaryimage"},"thumbnailUrl":"http:\/\/teknikgrafit.com\/wp-content\/uploads\/2020\/09\/2_4_Buhar-SIZDIRMAZLIK-CONTALARI-1024x768.jpg","datePublished":"2020-08-25T10:37:37+00:00","dateModified":"2020-09-28T21:14:04+00:00","breadcrumb":{"@id":"https:\/\/teknikgrafit.com\/mechanical-applications\/rotary-joints-for-steam\/#breadcrumb"},"inLanguage":"tr","potentialAction":[{"@type":"ReadAction","target":["https:\/\/teknikgrafit.com\/mechanical-applications\/rotary-joints-for-steam\/"]}]},{"@type":"ImageObject","inLanguage":"tr","@id":"https:\/\/teknikgrafit.com\/mechanical-applications\/rotary-joints-for-steam\/#primaryimage","url":"http:\/\/teknikgrafit.com\/wp-content\/uploads\/2020\/09\/2_4_Buhar-SIZDIRMAZLIK-CONTALARI-1024x768.jpg","contentUrl":"http:\/\/teknikgrafit.com\/wp-content\/uploads\/2020\/09\/2_4_Buhar-SIZDIRMAZLIK-CONTALARI-1024x768.jpg"},{"@type":"BreadcrumbList","@id":"https:\/\/teknikgrafit.com\/mechanical-applications\/rotary-joints-for-steam\/#breadcrumb","itemListElement":[{"@type":"ListItem","position":1,"name":"Home","item":"http:\/\/teknikgrafit.com\/"},{"@type":"ListItem","position":2,"name":"Mechanical Applications","item":"http:\/\/teknikgrafit.com\/mechanical-applications\/"},{"@type":"ListItem","position":3,"name":"Rotary Joints for Steam"}]},{"@type":"WebSite","@id":"http:\/\/teknikgrafit.com\/#website","url":"http:\/\/teknikgrafit.com\/","name":"Teknik Grafit | Expert in Graphite Manufacturing","description":"","publisher":{"@id":"http:\/\/teknikgrafit.com\/#organization"},"potentialAction":[{"@type":"SearchAction","target":{"@type":"EntryPoint","urlTemplate":"http:\/\/teknikgrafit.com\/?s={search_term_string}"},"query-input":{"@type":"PropertyValueSpecification","valueRequired":true,"valueName":"search_term_string"}}],"inLanguage":"tr"},{"@type":"Organization","@id":"http:\/\/teknikgrafit.com\/#organization","name":"Teknik Grafit | Expert in Graphite Manufacturing","url":"http:\/\/teknikgrafit.com\/","logo":{"@type":"ImageObject","inLanguage":"tr","@id":"http:\/\/teknikgrafit.com\/#\/schema\/logo\/image\/","url":"https:\/\/teknikgrafit.com\/wp-content\/uploads\/2020\/09\/cropped-logo_clipped_rev_1.png","contentUrl":"https:\/\/teknikgrafit.com\/wp-content\/uploads\/2020\/09\/cropped-logo_clipped_rev_1.png","width":300,"height":113,"caption":"Teknik Grafit | Expert in Graphite Manufacturing"},"image":{"@id":"http:\/\/teknikgrafit.com\/#\/schema\/logo\/image\/"}}]}},"jetpack_sharing_enabled":true,"_links":{"self":[{"href":"https:\/\/teknikgrafit.com\/tr\/wp-json\/wp\/v2\/pages\/666","targetHints":{"allow":["GET"]}}],"collection":[{"href":"https:\/\/teknikgrafit.com\/tr\/wp-json\/wp\/v2\/pages"}],"about":[{"href":"https:\/\/teknikgrafit.com\/tr\/wp-json\/wp\/v2\/types\/page"}],"author":[{"embeddable":true,"href":"https:\/\/teknikgrafit.com\/tr\/wp-json\/wp\/v2\/users\/1"}],"replies":[{"embeddable":true,"href":"https:\/\/teknikgrafit.com\/tr\/wp-json\/wp\/v2\/comments?post=666"}],"version-history":[{"count":6,"href":"https:\/\/teknikgrafit.com\/tr\/wp-json\/wp\/v2\/pages\/666\/revisions"}],"predecessor-version":[{"id":1097,"href":"https:\/\/teknikgrafit.com\/tr\/wp-json\/wp\/v2\/pages\/666\/revisions\/1097"}],"up":[{"embeddable":true,"href":"https:\/\/teknikgrafit.com\/tr\/wp-json\/wp\/v2\/pages\/601"}],"wp:attachment":[{"href":"https:\/\/teknikgrafit.com\/tr\/wp-json\/wp\/v2\/media?parent=666"}],"curies":[{"name":"wp","href":"https:\/\/api.w.org\/{rel}","templated":true}]}}