{"id":664,"date":"2020-08-25T10:37:10","date_gmt":"2020-08-25T10:37:10","guid":{"rendered":"http:\/\/teknikgrafit.com\/?page_id=664"},"modified":"2020-09-28T21:12:26","modified_gmt":"2020-09-28T21:12:26","slug":"vanes-for-vacuum-pumps","status":"publish","type":"page","link":"https:\/\/teknikgrafit.com\/tr\/mechanical-applications\/vanes-for-vacuum-pumps\/","title":{"rendered":"Vakum Pompa Paletleri"},"content":{"rendered":"<div data-elementor-type=\"wp-page\" data-elementor-id=\"664\" class=\"elementor elementor-664\">\n\t\t\t\t\t\t<section class=\"elementor-section elementor-top-section elementor-element elementor-element-73ddb36 elementor-section-boxed elementor-section-height-default elementor-section-height-default\" data-id=\"73ddb36\" data-element_type=\"section\">\n\t\t\t\t\t\t<div class=\"elementor-container elementor-column-gap-default\">\n\t\t\t\t\t<div class=\"elementor-column elementor-col-100 elementor-top-column elementor-element elementor-element-e155c0f\" data-id=\"e155c0f\" data-element_type=\"column\">\n\t\t\t<div class=\"elementor-widget-wrap elementor-element-populated\">\n\t\t\t\t\t\t<div class=\"elementor-element elementor-element-0959dca elementor-widget elementor-widget-heading\" data-id=\"0959dca\" data-element_type=\"widget\" data-widget_type=\"heading.default\">\n\t\t\t\t<div class=\"elementor-widget-container\">\n\t\t\t\t\t<h2 class=\"elementor-heading-title elementor-size-default\">Vakum Pompa Paletleri<\/h2>\t\t\t\t<\/div>\n\t\t\t\t<\/div>\n\t\t\t\t\t<\/div>\n\t\t<\/div>\n\t\t\t\t\t<\/div>\n\t\t<\/section>\n\t\t\t\t<section class=\"elementor-section elementor-top-section elementor-element elementor-element-1e15c57 elementor-section-boxed elementor-section-height-default elementor-section-height-default\" data-id=\"1e15c57\" data-element_type=\"section\">\n\t\t\t\t\t\t<div class=\"elementor-container elementor-column-gap-default\">\n\t\t\t\t\t<div class=\"elementor-column elementor-col-50 elementor-top-column elementor-element elementor-element-cc4e475\" data-id=\"cc4e475\" data-element_type=\"column\">\n\t\t\t<div class=\"elementor-widget-wrap elementor-element-populated\">\n\t\t\t\t\t\t<div class=\"elementor-element elementor-element-9f40069 elementor-widget elementor-widget-text-editor\" data-id=\"9f40069\" data-element_type=\"widget\" data-widget_type=\"text-editor.default\">\n\t\t\t\t<div class=\"elementor-widget-container\">\n\t\t\t\t\t\t\t\t\t<p>Matbaa, ambalaj, ve benzeri bas\u0131n\u00e7l\u0131 hava yada vakum kullanan sekt\u00f6rlerde\nvakum pompalar\u0131 ve kompres\u00f6rlerde rotor yar\u0131klar\u0131nda \u00e7al\u0131\u015fan bas\u0131n\u00e7\nyarat\u0131c\u0131 kayar elemanlara palet denir. Pompalar\u0131n kullan\u0131m yerine g\u00f6re kuru\n\u00e7al\u0131\u015fmas\u0131 gerekti\u011finde kuru s\u00fcrtmenin engellenmesi amac\u0131yla kendinden\nya\u011flay\u0131c\u0131 ve kay\u0131c\u0131 \u00f6zelli\u011fi bulunan grafit t\u00fcrevi paletler kullan\u0131l\u0131r.\nYa\u011flanman\u0131n sa\u011flanmas\u0131 i\u00e7in \u00e7al\u0131\u015fma\ns\u00fcresince ya\u011f deste\u011fi verilen\npompalarda ise elastikiyeti ve k\u0131r\u0131lma\nmukavemeti \u00f6zel olarak tasarlanm\u0131\u015f\nfiber komposit paletler\nkullan\u0131lmaktad\u0131r.\nTeknik Grafit ltd. bas\u0131n\u00e7l\u0131 hava ve\nvakum sekt\u00f6r\u00fcnde, grafit ya da fiber esasl\u0131 her t\u00fcrl\u00fc palet \u00fcretimi\nkonusunda kendisine \u00f6zel bir yer edinmi\u015ftir. Her iki t\u00fcrde de gerek \u00fclkemiz\ngerekse yurtd\u0131\u015f\u0131 ihtiya\u00e7lar\u0131 kar\u015f\u0131lamak \u00fczere 25 y\u0131l\u0131 a\u015fk\u0131n tecr\u00fcbemizin \u0131\u015f\u0131\u011f\u0131\nalt\u0131nda, \u00e7al\u0131\u015fma ko\u015fullar\u0131na en uygun kar\u015f\u0131l\u0131k verebilecek malzemeleri\nstoklar\u0131m\u0131zda tutarak, imalat\u00e7\u0131\/distrib\u00fct\u00f6r\/son t\u00fcketici, t\u00fcm\nm\u00fc\u015fterilerimizin ihtiya\u00e7lar\u0131na en h\u0131zl\u0131 \u015fekilde kar\u015f\u0131l\u0131k verebilmekteyiz.\n\u00dclkemizde, \u00f6zellikle S\u00fct end\u00fcstri sekt\u00f6r\u00fcn\u00fcn sayg\u0131n firmalar\u0131yla uzun y\u0131llara\ndayanan teknik dayan\u0131\u015fma ve zaman\u0131nda yap\u0131lan teknolojik yat\u0131r\u0131mlar\u0131m\u0131z\nsayesinde, orijinal ya da yedek par\u00e7a t\u00fcm palet ihtiya\u00e7lar\u0131n\u0131 kar\u015f\u0131lamak\n\n\u00fczere, karbografit \/ grafit \/ fiber t\u00fcrevi 6 farkl\u0131 hammaye yay\u0131l\u0131 geni\u015f \u00fcr\u00fcn\nyelpazemizle g\u00fcvenilir bir ortak olarak hizmetinizdeyiz. Her t\u00fcrl\u00fc palet\nsipari\u015finizi, olu\u015fan stoklar\u0131m\u0131z sayesinde, en k\u0131sa s\u00fcrede ve istenilen en\nuygun kalitede kar\u015f\u0131layabile\u011fimiz \u00fcr\u00fcnlerimizden memnun kalaca\u011f\u0131n\u0131z\u0131\numuyoruz.\nFirmam\u0131z\u0131n bu sekt\u00f6rdeki \u00fcr\u00fcnleri, \u00f6zellikle seyyar s\u00fct sa\u011fma makinalar\u0131 ve\nsa\u011f\u0131m odalar\u0131\/tesisleri vakum sistemleri ile matbaa, ambalaj, depolama,\notomotiv, t\u0131p ve laboratuar pn\u00f6matik sistemleri gibi, d\u00f6nel kompres\u00f6rler\nve vakum pompalar\u0131n\u0131n hakim oldu\u011fu alanlarda yo\u011funla\u015fm\u0131\u015ft\u0131r.\nYan tabloda, s\u00fct end\u00fcstrisinde yayg\u0131n olarak kullan\u0131lan \u00f6l\u00e7\u00fcleri i\u00e7eren\n\u00fcretim yelpazemiz listelenmi\u015ftir. Bir di\u011fer tablo ise end\u00fcstriyel tip vakum\npompalar\u0131n\u0131n en yayg\u0131n palet \u00f6l\u00e7\u00fclerini \u00f6zetlemektedir.\nTeknik Grafit ltd \u015fti. olarak, standard \u00f6l\u00e7\u00fclerdeki paletlerin yan\u0131 s\u0131ra,\nsipari\u015finiz \u00fczerine, istenilen her t\u00fcr, form ve \u00f6l\u00e7\u00fcde palet ihtiya\u00e7lar\u0131n\u0131z\u0131\n\u00fcretecek teknolojimiz, tezgah donan\u0131m\u0131z ve bilgi birikimimizle, de\u011ferli\nsipari\u015flerinizi beklemekteyiz.<\/p>\t\t\t\t\t\t\t\t<\/div>\n\t\t\t\t<\/div>\n\t\t\t\t<div class=\"elementor-element elementor-element-0f5c3c3 elementor-widget elementor-widget-image\" data-id=\"0f5c3c3\" data-element_type=\"widget\" data-widget_type=\"image.default\">\n\t\t\t\t<div class=\"elementor-widget-container\">\n\t\t\t\t\t\t\t\t\t\t\t\t<figure class=\"wp-caption\">\n\t\t\t\t\t\t\t\t\t\t<img decoding=\"async\" src=\"https:\/\/teknikgrafit.com\/wp-content\/plugins\/elementor\/assets\/images\/placeholder.png\" title=\"\" alt=\"\" loading=\"lazy\" \/>\t\t\t\t\t\t\t\t\t\t\t<figcaption class=\"widget-image-caption wp-caption-text\">Vacuum pump table<\/figcaption>\n\t\t\t\t\t\t\t\t\t\t<\/figure>\n\t\t\t\t\t\t\t\t\t<\/div>\n\t\t\t\t<\/div>\n\t\t\t\t\t<\/div>\n\t\t<\/div>\n\t\t\t\t<div class=\"elementor-column elementor-col-50 elementor-top-column elementor-element elementor-element-a045105\" data-id=\"a045105\" data-element_type=\"column\">\n\t\t\t<div class=\"elementor-widget-wrap elementor-element-populated\">\n\t\t\t\t\t\t<div class=\"elementor-element elementor-element-559acd3 elementor-widget elementor-widget-image\" data-id=\"559acd3\" data-element_type=\"widget\" data-widget_type=\"image.default\">\n\t\t\t\t<div class=\"elementor-widget-container\">\n\t\t\t\t\t\t\t\t\t\t\t\t\t\t\t<img fetchpriority=\"high\" decoding=\"async\" width=\"567\" height=\"378\" src=\"https:\/\/teknikgrafit.com\/wp-content\/uploads\/2020\/07\/6_Paletler-1.jpg\" class=\"attachment-large size-large wp-image-506\" alt=\"\" srcset=\"https:\/\/teknikgrafit.com\/wp-content\/uploads\/2020\/07\/6_Paletler-1.jpg 567w, https:\/\/teknikgrafit.com\/wp-content\/uploads\/2020\/07\/6_Paletler-1-300x200.jpg 300w\" sizes=\"(max-width: 567px) 100vw, 567px\" \/>\t\t\t\t\t\t\t\t\t\t\t\t\t\t\t<\/div>\n\t\t\t\t<\/div>\n\t\t\t\t<div class=\"elementor-element elementor-element-7d65c0e elementor-widget elementor-widget-image\" data-id=\"7d65c0e\" data-element_type=\"widget\" data-widget_type=\"image.default\">\n\t\t\t\t<div class=\"elementor-widget-container\">\n\t\t\t\t\t\t\t\t\t\t\t\t<figure class=\"wp-caption\">\n\t\t\t\t\t\t\t\t\t\t<img decoding=\"async\" src=\"https:\/\/teknikgrafit.com\/wp-content\/plugins\/elementor\/assets\/images\/placeholder.png\" title=\"\" alt=\"\" loading=\"lazy\" \/>\t\t\t\t\t\t\t\t\t\t\t<figcaption class=\"widget-image-caption wp-caption-text\">MILKING SIZE TABLE<\/figcaption>\n\t\t\t\t\t\t\t\t\t\t<\/figure>\n\t\t\t\t\t\t\t\t\t<\/div>\n\t\t\t\t<\/div>\n\t\t\t\t<div class=\"elementor-element elementor-element-4224d2c elementor-widget elementor-widget-image\" data-id=\"4224d2c\" data-element_type=\"widget\" data-widget_type=\"image.default\">\n\t\t\t\t<div class=\"elementor-widget-container\">\n\t\t\t\t\t\t\t\t\t\t\t\t\t\t\t<img decoding=\"async\" width=\"295\" height=\"302\" src=\"https:\/\/teknikgrafit.com\/wp-content\/uploads\/2020\/07\/6_Paletler_b.jpg\" class=\"attachment-2048x2048 size-2048x2048 wp-image-504\" alt=\"\" srcset=\"https:\/\/teknikgrafit.com\/wp-content\/uploads\/2020\/07\/6_Paletler_b.jpg 295w, https:\/\/teknikgrafit.com\/wp-content\/uploads\/2020\/07\/6_Paletler_b-293x300.jpg 293w\" sizes=\"(max-width: 295px) 100vw, 295px\" \/>\t\t\t\t\t\t\t\t\t\t\t\t\t\t\t<\/div>\n\t\t\t\t<\/div>\n\t\t\t\t\t<\/div>\n\t\t<\/div>\n\t\t\t\t\t<\/div>\n\t\t<\/section>\n\t\t\t\t<section class=\"elementor-section elementor-top-section elementor-element elementor-element-4479ce2 elementor-section-boxed elementor-section-height-default elementor-section-height-default\" data-id=\"4479ce2\" data-element_type=\"section\">\n\t\t\t\t\t\t<div class=\"elementor-container elementor-column-gap-default\">\n\t\t\t\t\t<div class=\"elementor-column elementor-col-100 elementor-top-column elementor-element elementor-element-c804a6c\" data-id=\"c804a6c\" data-element_type=\"column\">\n\t\t\t<div class=\"elementor-widget-wrap elementor-element-populated\">\n\t\t\t\t\t\t<section class=\"elementor-section elementor-inner-section elementor-element elementor-element-f7840e1 elementor-section-boxed elementor-section-height-default elementor-section-height-default\" data-id=\"f7840e1\" data-element_type=\"section\">\n\t\t\t\t\t\t<div class=\"elementor-container elementor-column-gap-default\">\n\t\t\t\t\t<div class=\"elementor-column elementor-col-50 elementor-inner-column elementor-element elementor-element-c3af77c\" data-id=\"c3af77c\" data-element_type=\"column\">\n\t\t\t<div class=\"elementor-widget-wrap elementor-element-populated\">\n\t\t\t\t\t\t<div class=\"elementor-element elementor-element-a9b26c7 elementor-widget elementor-widget-image\" data-id=\"a9b26c7\" data-element_type=\"widget\" data-widget_type=\"image.default\">\n\t\t\t\t<div class=\"elementor-widget-container\">\n\t\t\t\t\t\t\t\t\t\t\t\t\t\t\t<img decoding=\"async\" width=\"768\" height=\"571\" src=\"https:\/\/teknikgrafit.com\/wp-content\/uploads\/2020\/07\/6_Paletler_a-768x571.jpg\" class=\"attachment-medium_large size-medium_large wp-image-505\" alt=\"\" srcset=\"https:\/\/teknikgrafit.com\/wp-content\/uploads\/2020\/07\/6_Paletler_a-768x571.jpg 768w, https:\/\/teknikgrafit.com\/wp-content\/uploads\/2020\/07\/6_Paletler_a-300x223.jpg 300w, https:\/\/teknikgrafit.com\/wp-content\/uploads\/2020\/07\/6_Paletler_a-1024x761.jpg 1024w, https:\/\/teknikgrafit.com\/wp-content\/uploads\/2020\/07\/6_Paletler_a.jpg 1502w\" sizes=\"(max-width: 768px) 100vw, 768px\" \/>\t\t\t\t\t\t\t\t\t\t\t\t\t\t\t<\/div>\n\t\t\t\t<\/div>\n\t\t\t\t\t<\/div>\n\t\t<\/div>\n\t\t\t\t<div class=\"elementor-column elementor-col-50 elementor-inner-column elementor-element elementor-element-6d0d0ab\" data-id=\"6d0d0ab\" data-element_type=\"column\">\n\t\t\t<div class=\"elementor-widget-wrap elementor-element-populated\">\n\t\t\t\t\t\t<div class=\"elementor-element elementor-element-25c6411 elementor-widget elementor-widget-image\" data-id=\"25c6411\" data-element_type=\"widget\" data-widget_type=\"image.default\">\n\t\t\t\t<div class=\"elementor-widget-container\">\n\t\t\t\t\t\t\t\t\t\t\t\t\t\t\t<img loading=\"lazy\" decoding=\"async\" width=\"2048\" height=\"1193\" src=\"https:\/\/teknikgrafit.com\/wp-content\/uploads\/2020\/09\/2_3B2_Vakum-pompa-fiber-kompozit-paletleri-2048x1193.jpg\" class=\"attachment-2048x2048 size-2048x2048 wp-image-1091\" alt=\"\" srcset=\"https:\/\/teknikgrafit.com\/wp-content\/uploads\/2020\/09\/2_3B2_Vakum-pompa-fiber-kompozit-paletleri-2048x1193.jpg 2048w, https:\/\/teknikgrafit.com\/wp-content\/uploads\/2020\/09\/2_3B2_Vakum-pompa-fiber-kompozit-paletleri-300x175.jpg 300w, https:\/\/teknikgrafit.com\/wp-content\/uploads\/2020\/09\/2_3B2_Vakum-pompa-fiber-kompozit-paletleri-1024x596.jpg 1024w, https:\/\/teknikgrafit.com\/wp-content\/uploads\/2020\/09\/2_3B2_Vakum-pompa-fiber-kompozit-paletleri-768x447.jpg 768w, https:\/\/teknikgrafit.com\/wp-content\/uploads\/2020\/09\/2_3B2_Vakum-pompa-fiber-kompozit-paletleri-1536x894.jpg 1536w\" sizes=\"(max-width: 2048px) 100vw, 2048px\" \/>\t\t\t\t\t\t\t\t\t\t\t\t\t\t\t<\/div>\n\t\t\t\t<\/div>\n\t\t\t\t\t<\/div>\n\t\t<\/div>\n\t\t\t\t\t<\/div>\n\t\t<\/section>\n\t\t\t\t\t<\/div>\n\t\t<\/div>\n\t\t\t\t\t<\/div>\n\t\t<\/section>\n\t\t\t\t<\/div>","protected":false},"excerpt":{"rendered":"<p>Vanes for Vacuum Pumps Printing, packaging and similar industries that use compressed air or vacuums need sliding components in order to create pressure on their vacuum pumps and compressors. Such components are called &#8220;vanes&#8221;. Depending on vacuums&#8217; place of usage, vanes are benefited both in dry and lubricated environments.In dry systems, in order to prevent &hellip;<\/p>\n<p class=\"read-more\"> <a class=\"\" href=\"https:\/\/teknikgrafit.com\/tr\/mechanical-applications\/vanes-for-vacuum-pumps\/\"> <span class=\"screen-reader-text\">Vakum Pompa Paletleri<\/span> Read More &raquo;<\/a><\/p>","protected":false},"author":1,"featured_media":0,"parent":601,"menu_order":0,"comment_status":"closed","ping_status":"closed","template":"","meta":{"footnotes":""},"class_list":["post-664","page","type-page","status-publish","hentry"],"yoast_head":"<!-- This site is optimized with the Yoast SEO plugin v26.9 - https:\/\/yoast.com\/product\/yoast-seo-wordpress\/ -->\n<title>Vanes for Vacuum Pumps - Teknik Grafit | Expert in Graphite Manufacturing<\/title>\n<meta name=\"robots\" content=\"index, follow, max-snippet:-1, max-image-preview:large, max-video-preview:-1\" \/>\n<link rel=\"canonical\" href=\"http:\/\/teknikgrafit.com\/tr\/mechanical-applications\/vanes-for-vacuum-pumps\/\" \/>\n<meta property=\"og:locale\" content=\"tr_TR\" \/>\n<meta property=\"og:type\" content=\"article\" \/>\n<meta property=\"og:title\" content=\"Vanes for Vacuum Pumps - Teknik Grafit | Expert in Graphite Manufacturing\" \/>\n<meta property=\"og:description\" content=\"Vanes for Vacuum Pumps Printing, packaging and similar industries that use compressed air or vacuums need sliding components in order to create pressure on their vacuum pumps and compressors. Such components are called &#8220;vanes&#8221;. Depending on vacuums&#8217; place of usage, vanes are benefited both in dry and lubricated environments.In dry systems, in order to prevent &hellip; Vanes for Vacuum Pumps Read More &raquo;\" \/>\n<meta property=\"og:url\" content=\"http:\/\/teknikgrafit.com\/tr\/mechanical-applications\/vanes-for-vacuum-pumps\/\" \/>\n<meta property=\"og:site_name\" content=\"Teknik Grafit | Expert in Graphite Manufacturing\" \/>\n<meta property=\"article:modified_time\" content=\"2020-09-28T21:12:26+00:00\" \/>\n<meta property=\"og:image\" content=\"http:\/\/teknikgrafit.com\/wp-content\/plugins\/elementor\/assets\/images\/placeholder.png\" \/>\n<meta name=\"twitter:card\" content=\"summary_large_image\" \/>\n<meta name=\"twitter:label1\" content=\"Tahmini okuma s\u00fcresi\" \/>\n\t<meta name=\"twitter:data1\" content=\"1 dakika\" \/>\n<script type=\"application\/ld+json\" class=\"yoast-schema-graph\">{\"@context\":\"https:\/\/schema.org\",\"@graph\":[{\"@type\":\"WebPage\",\"@id\":\"http:\/\/teknikgrafit.com\/mechanical-applications\/vanes-for-vacuum-pumps\/\",\"url\":\"http:\/\/teknikgrafit.com\/mechanical-applications\/vanes-for-vacuum-pumps\/\",\"name\":\"Vanes for Vacuum Pumps - Teknik Grafit | Expert in Graphite Manufacturing\",\"isPartOf\":{\"@id\":\"http:\/\/teknikgrafit.com\/#website\"},\"primaryImageOfPage\":{\"@id\":\"http:\/\/teknikgrafit.com\/mechanical-applications\/vanes-for-vacuum-pumps\/#primaryimage\"},\"image\":{\"@id\":\"http:\/\/teknikgrafit.com\/mechanical-applications\/vanes-for-vacuum-pumps\/#primaryimage\"},\"thumbnailUrl\":\"http:\/\/teknikgrafit.com\/wp-content\/plugins\/elementor\/assets\/images\/placeholder.png\",\"datePublished\":\"2020-08-25T10:37:10+00:00\",\"dateModified\":\"2020-09-28T21:12:26+00:00\",\"breadcrumb\":{\"@id\":\"http:\/\/teknikgrafit.com\/mechanical-applications\/vanes-for-vacuum-pumps\/#breadcrumb\"},\"inLanguage\":\"tr\",\"potentialAction\":[{\"@type\":\"ReadAction\",\"target\":[\"http:\/\/teknikgrafit.com\/mechanical-applications\/vanes-for-vacuum-pumps\/\"]}]},{\"@type\":\"ImageObject\",\"inLanguage\":\"tr\",\"@id\":\"http:\/\/teknikgrafit.com\/mechanical-applications\/vanes-for-vacuum-pumps\/#primaryimage\",\"url\":\"http:\/\/teknikgrafit.com\/wp-content\/plugins\/elementor\/assets\/images\/placeholder.png\",\"contentUrl\":\"http:\/\/teknikgrafit.com\/wp-content\/plugins\/elementor\/assets\/images\/placeholder.png\"},{\"@type\":\"BreadcrumbList\",\"@id\":\"http:\/\/teknikgrafit.com\/mechanical-applications\/vanes-for-vacuum-pumps\/#breadcrumb\",\"itemListElement\":[{\"@type\":\"ListItem\",\"position\":1,\"name\":\"Home\",\"item\":\"http:\/\/teknikgrafit.com\/\"},{\"@type\":\"ListItem\",\"position\":2,\"name\":\"Mechanical Applications\",\"item\":\"http:\/\/teknikgrafit.com\/mechanical-applications\/\"},{\"@type\":\"ListItem\",\"position\":3,\"name\":\"Vanes for Vacuum Pumps\"}]},{\"@type\":\"WebSite\",\"@id\":\"http:\/\/teknikgrafit.com\/#website\",\"url\":\"http:\/\/teknikgrafit.com\/\",\"name\":\"Teknik Grafit | Expert in Graphite Manufacturing\",\"description\":\"\",\"publisher\":{\"@id\":\"http:\/\/teknikgrafit.com\/#organization\"},\"potentialAction\":[{\"@type\":\"SearchAction\",\"target\":{\"@type\":\"EntryPoint\",\"urlTemplate\":\"http:\/\/teknikgrafit.com\/?s={search_term_string}\"},\"query-input\":{\"@type\":\"PropertyValueSpecification\",\"valueRequired\":true,\"valueName\":\"search_term_string\"}}],\"inLanguage\":\"tr\"},{\"@type\":\"Organization\",\"@id\":\"http:\/\/teknikgrafit.com\/#organization\",\"name\":\"Teknik Grafit | Expert in Graphite Manufacturing\",\"url\":\"http:\/\/teknikgrafit.com\/\",\"logo\":{\"@type\":\"ImageObject\",\"inLanguage\":\"tr\",\"@id\":\"http:\/\/teknikgrafit.com\/#\/schema\/logo\/image\/\",\"url\":\"https:\/\/teknikgrafit.com\/wp-content\/uploads\/2020\/09\/cropped-logo_clipped_rev_1.png\",\"contentUrl\":\"https:\/\/teknikgrafit.com\/wp-content\/uploads\/2020\/09\/cropped-logo_clipped_rev_1.png\",\"width\":300,\"height\":113,\"caption\":\"Teknik Grafit | Expert in Graphite Manufacturing\"},\"image\":{\"@id\":\"http:\/\/teknikgrafit.com\/#\/schema\/logo\/image\/\"}}]}<\/script>\n<!-- \/ Yoast SEO plugin. -->","yoast_head_json":{"title":"Vanes for Vacuum Pumps - Teknik Grafit | Expert in Graphite Manufacturing","robots":{"index":"index","follow":"follow","max-snippet":"max-snippet:-1","max-image-preview":"max-image-preview:large","max-video-preview":"max-video-preview:-1"},"canonical":"http:\/\/teknikgrafit.com\/tr\/mechanical-applications\/vanes-for-vacuum-pumps\/","og_locale":"tr_TR","og_type":"article","og_title":"Vanes for Vacuum Pumps - Teknik Grafit | Expert in Graphite Manufacturing","og_description":"Vanes for Vacuum Pumps Printing, packaging and similar industries that use compressed air or vacuums need sliding components in order to create pressure on their vacuum pumps and compressors. Such components are called &#8220;vanes&#8221;. Depending on vacuums&#8217; place of usage, vanes are benefited both in dry and lubricated environments.In dry systems, in order to prevent &hellip; Vanes for Vacuum Pumps Read More &raquo;","og_url":"http:\/\/teknikgrafit.com\/tr\/mechanical-applications\/vanes-for-vacuum-pumps\/","og_site_name":"Teknik Grafit | Expert in Graphite Manufacturing","article_modified_time":"2020-09-28T21:12:26+00:00","og_image":[{"url":"http:\/\/teknikgrafit.com\/wp-content\/plugins\/elementor\/assets\/images\/placeholder.png","type":"","width":"","height":""}],"twitter_card":"summary_large_image","twitter_misc":{"Tahmini okuma s\u00fcresi":"1 dakika"},"schema":{"@context":"https:\/\/schema.org","@graph":[{"@type":"WebPage","@id":"http:\/\/teknikgrafit.com\/mechanical-applications\/vanes-for-vacuum-pumps\/","url":"http:\/\/teknikgrafit.com\/mechanical-applications\/vanes-for-vacuum-pumps\/","name":"Vanes for Vacuum Pumps - Teknik Grafit | Expert in Graphite Manufacturing","isPartOf":{"@id":"http:\/\/teknikgrafit.com\/#website"},"primaryImageOfPage":{"@id":"http:\/\/teknikgrafit.com\/mechanical-applications\/vanes-for-vacuum-pumps\/#primaryimage"},"image":{"@id":"http:\/\/teknikgrafit.com\/mechanical-applications\/vanes-for-vacuum-pumps\/#primaryimage"},"thumbnailUrl":"http:\/\/teknikgrafit.com\/wp-content\/plugins\/elementor\/assets\/images\/placeholder.png","datePublished":"2020-08-25T10:37:10+00:00","dateModified":"2020-09-28T21:12:26+00:00","breadcrumb":{"@id":"http:\/\/teknikgrafit.com\/mechanical-applications\/vanes-for-vacuum-pumps\/#breadcrumb"},"inLanguage":"tr","potentialAction":[{"@type":"ReadAction","target":["http:\/\/teknikgrafit.com\/mechanical-applications\/vanes-for-vacuum-pumps\/"]}]},{"@type":"ImageObject","inLanguage":"tr","@id":"http:\/\/teknikgrafit.com\/mechanical-applications\/vanes-for-vacuum-pumps\/#primaryimage","url":"http:\/\/teknikgrafit.com\/wp-content\/plugins\/elementor\/assets\/images\/placeholder.png","contentUrl":"http:\/\/teknikgrafit.com\/wp-content\/plugins\/elementor\/assets\/images\/placeholder.png"},{"@type":"BreadcrumbList","@id":"http:\/\/teknikgrafit.com\/mechanical-applications\/vanes-for-vacuum-pumps\/#breadcrumb","itemListElement":[{"@type":"ListItem","position":1,"name":"Home","item":"http:\/\/teknikgrafit.com\/"},{"@type":"ListItem","position":2,"name":"Mechanical Applications","item":"http:\/\/teknikgrafit.com\/mechanical-applications\/"},{"@type":"ListItem","position":3,"name":"Vanes for Vacuum Pumps"}]},{"@type":"WebSite","@id":"http:\/\/teknikgrafit.com\/#website","url":"http:\/\/teknikgrafit.com\/","name":"Teknik Grafit | Expert in Graphite Manufacturing","description":"","publisher":{"@id":"http:\/\/teknikgrafit.com\/#organization"},"potentialAction":[{"@type":"SearchAction","target":{"@type":"EntryPoint","urlTemplate":"http:\/\/teknikgrafit.com\/?s={search_term_string}"},"query-input":{"@type":"PropertyValueSpecification","valueRequired":true,"valueName":"search_term_string"}}],"inLanguage":"tr"},{"@type":"Organization","@id":"http:\/\/teknikgrafit.com\/#organization","name":"Teknik Grafit | Expert in Graphite Manufacturing","url":"http:\/\/teknikgrafit.com\/","logo":{"@type":"ImageObject","inLanguage":"tr","@id":"http:\/\/teknikgrafit.com\/#\/schema\/logo\/image\/","url":"https:\/\/teknikgrafit.com\/wp-content\/uploads\/2020\/09\/cropped-logo_clipped_rev_1.png","contentUrl":"https:\/\/teknikgrafit.com\/wp-content\/uploads\/2020\/09\/cropped-logo_clipped_rev_1.png","width":300,"height":113,"caption":"Teknik Grafit | Expert in Graphite Manufacturing"},"image":{"@id":"http:\/\/teknikgrafit.com\/#\/schema\/logo\/image\/"}}]}},"jetpack_sharing_enabled":true,"_links":{"self":[{"href":"https:\/\/teknikgrafit.com\/tr\/wp-json\/wp\/v2\/pages\/664","targetHints":{"allow":["GET"]}}],"collection":[{"href":"https:\/\/teknikgrafit.com\/tr\/wp-json\/wp\/v2\/pages"}],"about":[{"href":"https:\/\/teknikgrafit.com\/tr\/wp-json\/wp\/v2\/types\/page"}],"author":[{"embeddable":true,"href":"https:\/\/teknikgrafit.com\/tr\/wp-json\/wp\/v2\/users\/1"}],"replies":[{"embeddable":true,"href":"https:\/\/teknikgrafit.com\/tr\/wp-json\/wp\/v2\/comments?post=664"}],"version-history":[{"count":8,"href":"https:\/\/teknikgrafit.com\/tr\/wp-json\/wp\/v2\/pages\/664\/revisions"}],"predecessor-version":[{"id":1096,"href":"https:\/\/teknikgrafit.com\/tr\/wp-json\/wp\/v2\/pages\/664\/revisions\/1096"}],"up":[{"embeddable":true,"href":"https:\/\/teknikgrafit.com\/tr\/wp-json\/wp\/v2\/pages\/601"}],"wp:attachment":[{"href":"https:\/\/teknikgrafit.com\/tr\/wp-json\/wp\/v2\/media?parent=664"}],"curies":[{"name":"wp","href":"https:\/\/api.w.org\/{rel}","templated":true}]}}