{"id":662,"date":"2020-08-25T10:36:27","date_gmt":"2020-08-25T10:36:27","guid":{"rendered":"http:\/\/teknikgrafit.com\/?page_id=662"},"modified":"2020-09-28T21:04:58","modified_gmt":"2020-09-28T21:04:58","slug":"sliding-rails","status":"publish","type":"page","link":"https:\/\/teknikgrafit.com\/tr\/mechanical-applications\/sliding-rails\/","title":{"rendered":"Bur\u00e7lar\/Yataklar\/Kayar K\u0131zaklar"},"content":{"rendered":"<div data-elementor-type=\"wp-page\" data-elementor-id=\"662\" class=\"elementor elementor-662\">\n\t\t\t\t\t\t<section class=\"elementor-section elementor-top-section elementor-element elementor-element-d8eb442 elementor-section-boxed elementor-section-height-default elementor-section-height-default\" data-id=\"d8eb442\" data-element_type=\"section\">\n\t\t\t\t\t\t<div class=\"elementor-container elementor-column-gap-default\">\n\t\t\t\t\t<div class=\"elementor-column elementor-col-100 elementor-top-column elementor-element elementor-element-0fffac7\" data-id=\"0fffac7\" data-element_type=\"column\">\n\t\t\t<div class=\"elementor-widget-wrap elementor-element-populated\">\n\t\t\t\t\t\t<div class=\"elementor-element elementor-element-ce538a5 elementor-widget elementor-widget-heading\" data-id=\"ce538a5\" data-element_type=\"widget\" data-widget_type=\"heading.default\">\n\t\t\t\t<div class=\"elementor-widget-container\">\n\t\t\t\t\t<h2 class=\"elementor-heading-title elementor-size-default\">Bur\u00e7lar\/Yataklar\/Kayar K\u0131zaklar<\/h2>\t\t\t\t<\/div>\n\t\t\t\t<\/div>\n\t\t\t\t\t<\/div>\n\t\t<\/div>\n\t\t\t\t\t<\/div>\n\t\t<\/section>\n\t\t\t\t<section class=\"elementor-section elementor-top-section elementor-element elementor-element-8590f03 elementor-section-boxed elementor-section-height-default elementor-section-height-default\" data-id=\"8590f03\" data-element_type=\"section\">\n\t\t\t\t\t\t<div class=\"elementor-container elementor-column-gap-default\">\n\t\t\t\t\t<div class=\"elementor-column elementor-col-50 elementor-top-column elementor-element elementor-element-8bf4142\" data-id=\"8bf4142\" data-element_type=\"column\">\n\t\t\t<div class=\"elementor-widget-wrap elementor-element-populated\">\n\t\t\t\t\t\t<div class=\"elementor-element elementor-element-6b5c9ec elementor-widget elementor-widget-text-editor\" data-id=\"6b5c9ec\" data-element_type=\"widget\" data-widget_type=\"text-editor.default\">\n\t\t\t\t<div class=\"elementor-widget-container\">\n\t\t\t\t\t\t\t\t\t<p>\u00d6zellikle kendinden ya\u011flay\u0131c\u0131l\u0131k ve d\u00fc\u015f\u00fck s\u00fcrt\u00fcnme direnci, dolay\u0131s\u0131yla iyi\nkayma \u00f6zellikleri, y\u00fcksek s\u0131cakl\u0131klara tahamm\u00fcl\u00fc ve kimyasal direnci, grafiti\nyatak ve conta tasar\u0131mlar\u0131 i\u00e7in iyi bir se\u00e7im haline getirmektedir. Grafitin tercih edildi\u011fi baz\u0131 durumlar:\u00a0<br \/><br \/><\/p>\t\t\t\t\t\t\t\t<\/div>\n\t\t\t\t<\/div>\n\t\t\t\t<div class=\"elementor-element elementor-element-a3a9761 elementor-icon-list--layout-traditional elementor-list-item-link-full_width elementor-widget elementor-widget-icon-list\" data-id=\"a3a9761\" data-element_type=\"widget\" data-widget_type=\"icon-list.default\">\n\t\t\t\t<div class=\"elementor-widget-container\">\n\t\t\t\t\t\t\t<ul class=\"elementor-icon-list-items\">\n\t\t\t\t\t\t\t<li class=\"elementor-icon-list-item\">\n\t\t\t\t\t\t\t\t\t\t\t<span class=\"elementor-icon-list-icon\">\n\t\t\t\t\t\t\t<i aria-hidden=\"true\" class=\"fas fa-arrow-circle-right\"><\/i>\t\t\t\t\t\t<\/span>\n\t\t\t\t\t\t\t\t\t\t<span class=\"elementor-icon-list-text\">Ortamda bulunabilecek ya\u011f \u00e7\u00f6z\u00fcc\u00fclerin ya\u011flama s\u0131v\u0131lar\u0131n\u0131n etkinli\u011fini\nazaltt\u0131\u011f\u0131 durumlarda,<\/span>\n\t\t\t\t\t\t\t\t\t<\/li>\n\t\t\t\t\t\t\t\t<li class=\"elementor-icon-list-item\">\n\t\t\t\t\t\t\t\t\t\t\t<span class=\"elementor-icon-list-icon\">\n\t\t\t\t\t\t\t<i aria-hidden=\"true\" class=\"fas fa-arrow-circle-right\"><\/i>\t\t\t\t\t\t<\/span>\n\t\t\t\t\t\t\t\t\t\t<span class=\"elementor-icon-list-text\">Di\u011fer yataklay\u0131c\u0131 malzemelerin korozyona maruz\nkald\u0131\u011f\u0131 durumlarda,<\/span>\n\t\t\t\t\t\t\t\t\t<\/li>\n\t\t\t\t\t\t\t\t<li class=\"elementor-icon-list-item\">\n\t\t\t\t\t\t\t\t\t\t\t<span class=\"elementor-icon-list-icon\">\n\t\t\t\t\t\t\t<i aria-hidden=\"true\" class=\"fas fa-arrow-circle-right\"><\/i>\t\t\t\t\t\t<\/span>\n\t\t\t\t\t\t\t\t\t\t<span class=\"elementor-icon-list-text\">Konstr\u00fcktif olarak yeterli ya\u011flama s\u0131v\u0131s\u0131n\u0131n yataklara\neri\u015fiminin sa\u011flanamad\u0131\u011f\u0131 durumlarda,<\/span>\n\t\t\t\t\t\t\t\t\t<\/li>\n\t\t\t\t\t\t\t\t<li class=\"elementor-icon-list-item\">\n\t\t\t\t\t\t\t\t\t\t\t<span class=\"elementor-icon-list-icon\">\n\t\t\t\t\t\t\t<i aria-hidden=\"true\" class=\"fas fa-arrow-circle-right\"><\/i>\t\t\t\t\t\t<\/span>\n\t\t\t\t\t\t\t\t\t\t<span class=\"elementor-icon-list-text\">Y\u00fcksek ortam s\u0131cakl\u0131\u011f\u0131n\u0131n ya\u011flama\ns\u0131v\u0131lar\u0131n\u0131 kullan\u0131lamaz hale getirdi\u011fi durumlarda,<\/span>\n\t\t\t\t\t\t\t\t\t<\/li>\n\t\t\t\t\t\t\t\t<li class=\"elementor-icon-list-item\">\n\t\t\t\t\t\t\t\t\t\t\t<span class=\"elementor-icon-list-icon\">\n\t\t\t\t\t\t\t<i aria-hidden=\"true\" class=\"fas fa-arrow-circle-right\"><\/i>\t\t\t\t\t\t<\/span>\n\t\t\t\t\t\t\t\t\t\t<span class=\"elementor-icon-list-text\">Muhtelif tezgah \u015faftlar\u0131n\u0131n radyal yataklanmas\u0131nda, dalg\u0131\u00e7 pompa millerinin eksenel ve radyal yataklanmas\u0131nda <\/span>\n\t\t\t\t\t\t\t\t\t<\/li>\n\t\t\t\t\t\t\t\t<li class=\"elementor-icon-list-item\">\n\t\t\t\t\t\t\t\t\t\t\t<span class=\"elementor-icon-list-icon\">\n\t\t\t\t\t\t\t<i aria-hidden=\"true\" class=\"fas fa-arrow-circle-right\"><\/i>\t\t\t\t\t\t<\/span>\n\t\t\t\t\t\t\t\t\t\t<span class=\"elementor-icon-list-text\">Ya\u011flama yap\u0131lamayan \u015faftlar\u0131n yataklanmas\u0131nda<\/span>\n\t\t\t\t\t\t\t\t\t<\/li>\n\t\t\t\t\t\t\t\t<li class=\"elementor-icon-list-item\">\n\t\t\t\t\t\t\t\t\t\t\t<span class=\"elementor-icon-list-icon\">\n\t\t\t\t\t\t\t<i aria-hidden=\"true\" class=\"fas fa-arrow-circle-right\"><\/i>\t\t\t\t\t\t<\/span>\n\t\t\t\t\t\t\t\t\t\t<span class=\"elementor-icon-list-text\">Y\u00fcksek \u0131s\u0131da \u00e7al\u0131\u015fan d\u00f6nel par\u00e7alar\u0131n yataklanmas\u0131nda, a\u015f\u0131nd\u0131r\u0131c\u0131 kimyasallarla temasta \u00e7al\u0131\u015fan yataklamalarda<\/span>\n\t\t\t\t\t\t\t\t\t<\/li>\n\t\t\t\t\t\t<\/ul>\n\t\t\t\t\t\t<\/div>\n\t\t\t\t<\/div>\n\t\t\t\t<div class=\"elementor-element elementor-element-282692f elementor-widget elementor-widget-text-editor\" data-id=\"282692f\" data-element_type=\"widget\" data-widget_type=\"text-editor.default\">\n\t\t\t\t<div class=\"elementor-widget-container\">\n\t\t\t\t\t\t\t\t\t<p>Baz\u0131 durumlarda kuru s\u00fcrtmeye maruz kalan yataklama malzemelerinde\nilave ya\u011flay\u0131c\u0131l\u0131k sa\u011flamak \u00fczere, yataklarda a\u00e7\u0131lan yuvalara grafit insertler\noturtulmas\u0131 sayesinde yataklama \u00f6m\u00fcrleri uzat\u0131l\u0131r.\nTekstil end\u00fcstrisinde grafit k\u0131zaklar kullan\u0131lmaktad\u0131r. D\u00fc\u015f\u00fck s\u00fcrt\u00fcnme\ndirenci sayesinde gezer ayg\u0131tlar\u0131n grafit raylar \u00fczerinde hareketi enerji\nkayb\u0131n\u0131 d\u00fc\u015f\u00fcrd\u00fc\u011f\u00fc gibi grafitin a\u015f\u0131nmaya direnci sayesinde kayan par\u00e7alar\u0131n\nbeklenen \u00f6mr\u00fc de uzamaktad\u0131r.\u00a0<\/p>\t\t\t\t\t\t\t\t<\/div>\n\t\t\t\t<\/div>\n\t\t\t\t\t<\/div>\n\t\t<\/div>\n\t\t\t\t<div class=\"elementor-column elementor-col-50 elementor-top-column elementor-element elementor-element-1096015\" data-id=\"1096015\" data-element_type=\"column\">\n\t\t\t<div class=\"elementor-widget-wrap elementor-element-populated\">\n\t\t\t\t\t\t<div class=\"elementor-element elementor-element-211713e elementor-widget elementor-widget-image\" data-id=\"211713e\" data-element_type=\"widget\" data-widget_type=\"image.default\">\n\t\t\t\t<div class=\"elementor-widget-container\">\n\t\t\t\t\t\t\t\t\t\t\t\t\t\t\t<img fetchpriority=\"high\" decoding=\"async\" width=\"1024\" height=\"705\" src=\"https:\/\/teknikgrafit.com\/wp-content\/uploads\/2020\/09\/2_2_Burclaryataklar-1-1-1024x705.jpg\" class=\"attachment-large size-large wp-image-1034\" alt=\"\" srcset=\"https:\/\/teknikgrafit.com\/wp-content\/uploads\/2020\/09\/2_2_Burclaryataklar-1-1-1024x705.jpg 1024w, https:\/\/teknikgrafit.com\/wp-content\/uploads\/2020\/09\/2_2_Burclaryataklar-1-1-300x207.jpg 300w, https:\/\/teknikgrafit.com\/wp-content\/uploads\/2020\/09\/2_2_Burclaryataklar-1-1-768x529.jpg 768w, https:\/\/teknikgrafit.com\/wp-content\/uploads\/2020\/09\/2_2_Burclaryataklar-1-1-1536x1058.jpg 1536w\" sizes=\"(max-width: 1024px) 100vw, 1024px\" \/>\t\t\t\t\t\t\t\t\t\t\t\t\t\t\t<\/div>\n\t\t\t\t<\/div>\n\t\t\t\t\t<\/div>\n\t\t<\/div>\n\t\t\t\t\t<\/div>\n\t\t<\/section>\n\t\t\t\t<\/div>","protected":false},"excerpt":{"rendered":"<p>Bearings\/Bushings\/SLIding rails Its self lubricating characteristic, low resistance to friction and endurance to high temperatures enable graphite to be a good choice to be used for bushings and seals. Graphite is preferred when:\u00a0 Oil solvents lose their impact in an environment, Other bushing materials are exposed to corrosion, Bushing oil can&#8217;t manage to reach bushing &hellip;<\/p>\n<p class=\"read-more\"> <a class=\"\" href=\"https:\/\/teknikgrafit.com\/tr\/mechanical-applications\/sliding-rails\/\"> <span class=\"screen-reader-text\">Bur\u00e7lar\/Yataklar\/Kayar K\u0131zaklar<\/span> Read More &raquo;<\/a><\/p>","protected":false},"author":1,"featured_media":0,"parent":601,"menu_order":0,"comment_status":"closed","ping_status":"closed","template":"","meta":{"footnotes":""},"class_list":["post-662","page","type-page","status-publish","hentry"],"yoast_head":"<!-- This site is optimized with the Yoast SEO plugin v26.9 - https:\/\/yoast.com\/product\/yoast-seo-wordpress\/ -->\n<title>Bearings\/Bushings\/Sliding Rails - Teknik Grafit | Expert in Graphite Manufacturing<\/title>\n<meta name=\"robots\" content=\"index, follow, max-snippet:-1, max-image-preview:large, max-video-preview:-1\" \/>\n<link rel=\"canonical\" href=\"http:\/\/teknikgrafit.com\/tr\/mechanical-applications\/sliding-rails\/\" \/>\n<meta property=\"og:locale\" content=\"tr_TR\" \/>\n<meta property=\"og:type\" content=\"article\" \/>\n<meta property=\"og:title\" content=\"Bearings\/Bushings\/Sliding Rails - Teknik Grafit | Expert in Graphite Manufacturing\" \/>\n<meta property=\"og:description\" content=\"Bearings\/Bushings\/SLIding rails Its self lubricating characteristic, low resistance to friction and endurance to high temperatures enable graphite to be a good choice to be used for bushings and seals. Graphite is preferred when:\u00a0 Oil solvents lose their impact in an environment, Other bushing materials are exposed to corrosion, Bushing oil can&#8217;t manage to reach bushing &hellip; Bearings\/Bushings\/Sliding Rails Read More &raquo;\" \/>\n<meta property=\"og:url\" content=\"http:\/\/teknikgrafit.com\/tr\/mechanical-applications\/sliding-rails\/\" \/>\n<meta property=\"og:site_name\" content=\"Teknik Grafit | Expert in Graphite Manufacturing\" \/>\n<meta property=\"article:modified_time\" content=\"2020-09-28T21:04:58+00:00\" \/>\n<meta property=\"og:image\" content=\"http:\/\/teknikgrafit.com\/wp-content\/uploads\/2020\/09\/2_2_Burclaryataklar-1-1-1024x705.jpg\" \/>\n<meta name=\"twitter:card\" content=\"summary_large_image\" \/>\n<meta name=\"twitter:label1\" content=\"Tahmini okuma s\u00fcresi\" \/>\n\t<meta name=\"twitter:data1\" content=\"1 dakika\" \/>\n<script type=\"application\/ld+json\" class=\"yoast-schema-graph\">{\"@context\":\"https:\/\/schema.org\",\"@graph\":[{\"@type\":\"WebPage\",\"@id\":\"http:\/\/teknikgrafit.com\/mechanical-applications\/sliding-rails\/\",\"url\":\"http:\/\/teknikgrafit.com\/mechanical-applications\/sliding-rails\/\",\"name\":\"Bearings\/Bushings\/Sliding Rails - Teknik Grafit | Expert in Graphite Manufacturing\",\"isPartOf\":{\"@id\":\"http:\/\/teknikgrafit.com\/#website\"},\"primaryImageOfPage\":{\"@id\":\"http:\/\/teknikgrafit.com\/mechanical-applications\/sliding-rails\/#primaryimage\"},\"image\":{\"@id\":\"http:\/\/teknikgrafit.com\/mechanical-applications\/sliding-rails\/#primaryimage\"},\"thumbnailUrl\":\"http:\/\/teknikgrafit.com\/wp-content\/uploads\/2020\/09\/2_2_Burclaryataklar-1-1-1024x705.jpg\",\"datePublished\":\"2020-08-25T10:36:27+00:00\",\"dateModified\":\"2020-09-28T21:04:58+00:00\",\"breadcrumb\":{\"@id\":\"http:\/\/teknikgrafit.com\/mechanical-applications\/sliding-rails\/#breadcrumb\"},\"inLanguage\":\"tr\",\"potentialAction\":[{\"@type\":\"ReadAction\",\"target\":[\"http:\/\/teknikgrafit.com\/mechanical-applications\/sliding-rails\/\"]}]},{\"@type\":\"ImageObject\",\"inLanguage\":\"tr\",\"@id\":\"http:\/\/teknikgrafit.com\/mechanical-applications\/sliding-rails\/#primaryimage\",\"url\":\"http:\/\/teknikgrafit.com\/wp-content\/uploads\/2020\/09\/2_2_Burclaryataklar-1-1-1024x705.jpg\",\"contentUrl\":\"http:\/\/teknikgrafit.com\/wp-content\/uploads\/2020\/09\/2_2_Burclaryataklar-1-1-1024x705.jpg\"},{\"@type\":\"BreadcrumbList\",\"@id\":\"http:\/\/teknikgrafit.com\/mechanical-applications\/sliding-rails\/#breadcrumb\",\"itemListElement\":[{\"@type\":\"ListItem\",\"position\":1,\"name\":\"Home\",\"item\":\"http:\/\/teknikgrafit.com\/\"},{\"@type\":\"ListItem\",\"position\":2,\"name\":\"Mechanical Applications\",\"item\":\"http:\/\/teknikgrafit.com\/mechanical-applications\/\"},{\"@type\":\"ListItem\",\"position\":3,\"name\":\"Bearings\/Bushings\/Sliding Rails\"}]},{\"@type\":\"WebSite\",\"@id\":\"http:\/\/teknikgrafit.com\/#website\",\"url\":\"http:\/\/teknikgrafit.com\/\",\"name\":\"Teknik Grafit | Expert in Graphite Manufacturing\",\"description\":\"\",\"publisher\":{\"@id\":\"http:\/\/teknikgrafit.com\/#organization\"},\"potentialAction\":[{\"@type\":\"SearchAction\",\"target\":{\"@type\":\"EntryPoint\",\"urlTemplate\":\"http:\/\/teknikgrafit.com\/?s={search_term_string}\"},\"query-input\":{\"@type\":\"PropertyValueSpecification\",\"valueRequired\":true,\"valueName\":\"search_term_string\"}}],\"inLanguage\":\"tr\"},{\"@type\":\"Organization\",\"@id\":\"http:\/\/teknikgrafit.com\/#organization\",\"name\":\"Teknik Grafit | Expert in Graphite Manufacturing\",\"url\":\"http:\/\/teknikgrafit.com\/\",\"logo\":{\"@type\":\"ImageObject\",\"inLanguage\":\"tr\",\"@id\":\"http:\/\/teknikgrafit.com\/#\/schema\/logo\/image\/\",\"url\":\"https:\/\/teknikgrafit.com\/wp-content\/uploads\/2020\/09\/cropped-logo_clipped_rev_1.png\",\"contentUrl\":\"https:\/\/teknikgrafit.com\/wp-content\/uploads\/2020\/09\/cropped-logo_clipped_rev_1.png\",\"width\":300,\"height\":113,\"caption\":\"Teknik Grafit | Expert in Graphite Manufacturing\"},\"image\":{\"@id\":\"http:\/\/teknikgrafit.com\/#\/schema\/logo\/image\/\"}}]}<\/script>\n<!-- \/ Yoast SEO plugin. -->","yoast_head_json":{"title":"Bearings\/Bushings\/Sliding Rails - Teknik Grafit | Expert in Graphite Manufacturing","robots":{"index":"index","follow":"follow","max-snippet":"max-snippet:-1","max-image-preview":"max-image-preview:large","max-video-preview":"max-video-preview:-1"},"canonical":"http:\/\/teknikgrafit.com\/tr\/mechanical-applications\/sliding-rails\/","og_locale":"tr_TR","og_type":"article","og_title":"Bearings\/Bushings\/Sliding Rails - Teknik Grafit | Expert in Graphite Manufacturing","og_description":"Bearings\/Bushings\/SLIding rails Its self lubricating characteristic, low resistance to friction and endurance to high temperatures enable graphite to be a good choice to be used for bushings and seals. Graphite is preferred when:\u00a0 Oil solvents lose their impact in an environment, Other bushing materials are exposed to corrosion, Bushing oil can&#8217;t manage to reach bushing &hellip; Bearings\/Bushings\/Sliding Rails Read More &raquo;","og_url":"http:\/\/teknikgrafit.com\/tr\/mechanical-applications\/sliding-rails\/","og_site_name":"Teknik Grafit | Expert in Graphite Manufacturing","article_modified_time":"2020-09-28T21:04:58+00:00","og_image":[{"url":"http:\/\/teknikgrafit.com\/wp-content\/uploads\/2020\/09\/2_2_Burclaryataklar-1-1-1024x705.jpg","type":"","width":"","height":""}],"twitter_card":"summary_large_image","twitter_misc":{"Tahmini okuma s\u00fcresi":"1 dakika"},"schema":{"@context":"https:\/\/schema.org","@graph":[{"@type":"WebPage","@id":"http:\/\/teknikgrafit.com\/mechanical-applications\/sliding-rails\/","url":"http:\/\/teknikgrafit.com\/mechanical-applications\/sliding-rails\/","name":"Bearings\/Bushings\/Sliding Rails - Teknik Grafit | Expert in Graphite Manufacturing","isPartOf":{"@id":"http:\/\/teknikgrafit.com\/#website"},"primaryImageOfPage":{"@id":"http:\/\/teknikgrafit.com\/mechanical-applications\/sliding-rails\/#primaryimage"},"image":{"@id":"http:\/\/teknikgrafit.com\/mechanical-applications\/sliding-rails\/#primaryimage"},"thumbnailUrl":"http:\/\/teknikgrafit.com\/wp-content\/uploads\/2020\/09\/2_2_Burclaryataklar-1-1-1024x705.jpg","datePublished":"2020-08-25T10:36:27+00:00","dateModified":"2020-09-28T21:04:58+00:00","breadcrumb":{"@id":"http:\/\/teknikgrafit.com\/mechanical-applications\/sliding-rails\/#breadcrumb"},"inLanguage":"tr","potentialAction":[{"@type":"ReadAction","target":["http:\/\/teknikgrafit.com\/mechanical-applications\/sliding-rails\/"]}]},{"@type":"ImageObject","inLanguage":"tr","@id":"http:\/\/teknikgrafit.com\/mechanical-applications\/sliding-rails\/#primaryimage","url":"http:\/\/teknikgrafit.com\/wp-content\/uploads\/2020\/09\/2_2_Burclaryataklar-1-1-1024x705.jpg","contentUrl":"http:\/\/teknikgrafit.com\/wp-content\/uploads\/2020\/09\/2_2_Burclaryataklar-1-1-1024x705.jpg"},{"@type":"BreadcrumbList","@id":"http:\/\/teknikgrafit.com\/mechanical-applications\/sliding-rails\/#breadcrumb","itemListElement":[{"@type":"ListItem","position":1,"name":"Home","item":"http:\/\/teknikgrafit.com\/"},{"@type":"ListItem","position":2,"name":"Mechanical Applications","item":"http:\/\/teknikgrafit.com\/mechanical-applications\/"},{"@type":"ListItem","position":3,"name":"Bearings\/Bushings\/Sliding Rails"}]},{"@type":"WebSite","@id":"http:\/\/teknikgrafit.com\/#website","url":"http:\/\/teknikgrafit.com\/","name":"Teknik Grafit | Expert in Graphite Manufacturing","description":"","publisher":{"@id":"http:\/\/teknikgrafit.com\/#organization"},"potentialAction":[{"@type":"SearchAction","target":{"@type":"EntryPoint","urlTemplate":"http:\/\/teknikgrafit.com\/?s={search_term_string}"},"query-input":{"@type":"PropertyValueSpecification","valueRequired":true,"valueName":"search_term_string"}}],"inLanguage":"tr"},{"@type":"Organization","@id":"http:\/\/teknikgrafit.com\/#organization","name":"Teknik Grafit | Expert in Graphite Manufacturing","url":"http:\/\/teknikgrafit.com\/","logo":{"@type":"ImageObject","inLanguage":"tr","@id":"http:\/\/teknikgrafit.com\/#\/schema\/logo\/image\/","url":"https:\/\/teknikgrafit.com\/wp-content\/uploads\/2020\/09\/cropped-logo_clipped_rev_1.png","contentUrl":"https:\/\/teknikgrafit.com\/wp-content\/uploads\/2020\/09\/cropped-logo_clipped_rev_1.png","width":300,"height":113,"caption":"Teknik Grafit | Expert in Graphite Manufacturing"},"image":{"@id":"http:\/\/teknikgrafit.com\/#\/schema\/logo\/image\/"}}]}},"jetpack_sharing_enabled":true,"_links":{"self":[{"href":"https:\/\/teknikgrafit.com\/tr\/wp-json\/wp\/v2\/pages\/662","targetHints":{"allow":["GET"]}}],"collection":[{"href":"https:\/\/teknikgrafit.com\/tr\/wp-json\/wp\/v2\/pages"}],"about":[{"href":"https:\/\/teknikgrafit.com\/tr\/wp-json\/wp\/v2\/types\/page"}],"author":[{"embeddable":true,"href":"https:\/\/teknikgrafit.com\/tr\/wp-json\/wp\/v2\/users\/1"}],"replies":[{"embeddable":true,"href":"https:\/\/teknikgrafit.com\/tr\/wp-json\/wp\/v2\/comments?post=662"}],"version-history":[{"count":14,"href":"https:\/\/teknikgrafit.com\/tr\/wp-json\/wp\/v2\/pages\/662\/revisions"}],"predecessor-version":[{"id":1090,"href":"https:\/\/teknikgrafit.com\/tr\/wp-json\/wp\/v2\/pages\/662\/revisions\/1090"}],"up":[{"embeddable":true,"href":"https:\/\/teknikgrafit.com\/tr\/wp-json\/wp\/v2\/pages\/601"}],"wp:attachment":[{"href":"https:\/\/teknikgrafit.com\/tr\/wp-json\/wp\/v2\/media?parent=662"}],"curies":[{"name":"wp","href":"https:\/\/api.w.org\/{rel}","templated":true}]}}