{"id":660,"date":"2020-08-25T10:36:01","date_gmt":"2020-08-25T10:36:01","guid":{"rendered":"http:\/\/teknikgrafit.com\/?page_id=660"},"modified":"2020-09-28T21:04:25","modified_gmt":"2020-09-28T21:04:25","slug":"sealing-rings","status":"publish","type":"page","link":"https:\/\/teknikgrafit.com\/tr\/mechanical-applications\/sealing-rings\/","title":{"rendered":"Mekanik Salmastralar, Ke\u00e7eler"},"content":{"rendered":"<div data-elementor-type=\"wp-page\" data-elementor-id=\"660\" class=\"elementor elementor-660\">\n\t\t\t\t\t\t<section class=\"elementor-section elementor-top-section elementor-element elementor-element-055e112 elementor-section-boxed elementor-section-height-default elementor-section-height-default\" data-id=\"055e112\" data-element_type=\"section\">\n\t\t\t\t\t\t<div class=\"elementor-container elementor-column-gap-default\">\n\t\t\t\t\t<div class=\"elementor-column elementor-col-100 elementor-top-column elementor-element elementor-element-48ca8e4\" data-id=\"48ca8e4\" data-element_type=\"column\">\n\t\t\t<div class=\"elementor-widget-wrap elementor-element-populated\">\n\t\t\t\t\t\t<div class=\"elementor-element elementor-element-bfb7f37 elementor-widget elementor-widget-heading\" data-id=\"bfb7f37\" data-element_type=\"widget\" data-widget_type=\"heading.default\">\n\t\t\t\t<div class=\"elementor-widget-container\">\n\t\t\t\t\t<h2 class=\"elementor-heading-title elementor-size-default\">Mekanik Salmastralar, Ke\u00e7eler<\/h2>\t\t\t\t<\/div>\n\t\t\t\t<\/div>\n\t\t\t\t<section class=\"elementor-section elementor-inner-section elementor-element elementor-element-5300a8a elementor-section-boxed elementor-section-height-default elementor-section-height-default\" data-id=\"5300a8a\" data-element_type=\"section\">\n\t\t\t\t\t\t<div class=\"elementor-container elementor-column-gap-default\">\n\t\t\t\t\t<div class=\"elementor-column elementor-col-50 elementor-inner-column elementor-element elementor-element-e0ce6b5\" data-id=\"e0ce6b5\" data-element_type=\"column\">\n\t\t\t<div class=\"elementor-widget-wrap elementor-element-populated\">\n\t\t\t\t\t\t<div class=\"elementor-element elementor-element-65208f8 elementor-icon-list--layout-traditional elementor-list-item-link-full_width elementor-widget elementor-widget-icon-list\" data-id=\"65208f8\" data-element_type=\"widget\" data-widget_type=\"icon-list.default\">\n\t\t\t\t<div class=\"elementor-widget-container\">\n\t\t\t\t\t\t\t<ul class=\"elementor-icon-list-items\">\n\t\t\t\t\t\t\t<li class=\"elementor-icon-list-item\">\n\t\t\t\t\t\t\t\t\t\t\t<span class=\"elementor-icon-list-icon\">\n\t\t\t\t\t\t\t<i aria-hidden=\"true\" class=\"fas fa-water\"><\/i>\t\t\t\t\t\t<\/span>\n\t\t\t\t\t\t\t\t\t\t<span class=\"elementor-icon-list-text\">S\u0131cak ve so\u011fuk su pompalar\u0131nda<\/span>\n\t\t\t\t\t\t\t\t\t<\/li>\n\t\t\t\t\t\t\t\t<li class=\"elementor-icon-list-item\">\n\t\t\t\t\t\t\t\t\t\t\t<span class=\"elementor-icon-list-icon\">\n\t\t\t\t\t\t\t<i aria-hidden=\"true\" class=\"fab fa-confluence\"><\/i>\t\t\t\t\t\t<\/span>\n\t\t\t\t\t\t\t\t\t\t<span class=\"elementor-icon-list-text\">Kimyasal ak\u0131\u015fkan pompalar\u0131nda<\/span>\n\t\t\t\t\t\t\t\t\t<\/li>\n\t\t\t\t\t\t\t\t<li class=\"elementor-icon-list-item\">\n\t\t\t\t\t\t\t\t\t\t\t<span class=\"elementor-icon-list-icon\">\n\t\t\t\t\t\t\t<i aria-hidden=\"true\" class=\"fas fa-gas-pump\"><\/i>\t\t\t\t\t\t<\/span>\n\t\t\t\t\t\t\t\t\t\t<span class=\"elementor-icon-list-text\">Yak\u0131t pompalar\u0131nda<\/span>\n\t\t\t\t\t\t\t\t\t<\/li>\n\t\t\t\t\t\t\t\t<li class=\"elementor-icon-list-item\">\n\t\t\t\t\t\t\t\t\t\t\t<span class=\"elementor-icon-list-icon\">\n\t\t\t\t\t\t\t<i aria-hidden=\"true\" class=\"fas fa-house-damage\"><\/i>\t\t\t\t\t\t<\/span>\n\t\t\t\t\t\t\t\t\t\t<span class=\"elementor-icon-list-text\">Muhtelif ev ve bah\u00e7e gere\u00e7lerinde<\/span>\n\t\t\t\t\t\t\t\t\t<\/li>\n\t\t\t\t\t\t\t\t<li class=\"elementor-icon-list-item\">\n\t\t\t\t\t\t\t\t\t\t\t<span class=\"elementor-icon-list-icon\">\n\t\t\t\t\t\t\t<i aria-hidden=\"true\" class=\"fas fa-car-battery\"><\/i>\t\t\t\t\t\t<\/span>\n\t\t\t\t\t\t\t\t\t\t<span class=\"elementor-icon-list-text\">Ta\u015f\u0131t so\u011futma sistemlerinde<\/span>\n\t\t\t\t\t\t\t\t\t<\/li>\n\t\t\t\t\t\t\t\t<li class=\"elementor-icon-list-item\">\n\t\t\t\t\t\t\t\t\t\t\t<span class=\"elementor-icon-list-icon\">\n\t\t\t\t\t\t\t<i aria-hidden=\"true\" class=\"fas fa-hamburger\"><\/i>\t\t\t\t\t\t<\/span>\n\t\t\t\t\t\t\t\t\t\t<span class=\"elementor-icon-list-text\">\u0130\u00e7ecek ve g\u0131da end\u00fcstrisinde<\/span>\n\t\t\t\t\t\t\t\t\t<\/li>\n\t\t\t\t\t\t<\/ul>\n\t\t\t\t\t\t<\/div>\n\t\t\t\t<\/div>\n\t\t\t\t\t<\/div>\n\t\t<\/div>\n\t\t\t\t<div class=\"elementor-column elementor-col-50 elementor-inner-column elementor-element elementor-element-2dae173\" data-id=\"2dae173\" data-element_type=\"column\">\n\t\t\t<div class=\"elementor-widget-wrap elementor-element-populated\">\n\t\t\t\t\t\t<div class=\"elementor-element elementor-element-35db8ac elementor-widget elementor-widget-image\" data-id=\"35db8ac\" data-element_type=\"widget\" data-widget_type=\"image.default\">\n\t\t\t\t<div class=\"elementor-widget-container\">\n\t\t\t\t\t\t\t\t\t\t\t\t\t\t\t<img fetchpriority=\"high\" decoding=\"async\" width=\"1024\" height=\"768\" src=\"https:\/\/teknikgrafit.com\/wp-content\/uploads\/2020\/09\/2_1_Mekanik-salmastralar-keceler-1024x768.jpg\" class=\"attachment-large size-large wp-image-1030\" alt=\"\" srcset=\"https:\/\/teknikgrafit.com\/wp-content\/uploads\/2020\/09\/2_1_Mekanik-salmastralar-keceler-1024x768.jpg 1024w, https:\/\/teknikgrafit.com\/wp-content\/uploads\/2020\/09\/2_1_Mekanik-salmastralar-keceler-300x225.jpg 300w, https:\/\/teknikgrafit.com\/wp-content\/uploads\/2020\/09\/2_1_Mekanik-salmastralar-keceler-768x576.jpg 768w, https:\/\/teknikgrafit.com\/wp-content\/uploads\/2020\/09\/2_1_Mekanik-salmastralar-keceler-1536x1152.jpg 1536w, https:\/\/teknikgrafit.com\/wp-content\/uploads\/2020\/09\/2_1_Mekanik-salmastralar-keceler-2048x1536.jpg 2048w\" sizes=\"(max-width: 1024px) 100vw, 1024px\" \/>\t\t\t\t\t\t\t\t\t\t\t\t\t\t\t<\/div>\n\t\t\t\t<\/div>\n\t\t\t\t\t<\/div>\n\t\t<\/div>\n\t\t\t\t\t<\/div>\n\t\t<\/section>\n\t\t\t\t<div class=\"elementor-element elementor-element-d34aa16 elementor-widget elementor-widget-text-editor\" data-id=\"d34aa16\" data-element_type=\"widget\" data-widget_type=\"text-editor.default\">\n\t\t\t\t<div class=\"elementor-widget-container\">\n\t\t\t\t\t\t\t\t\t<p>Ve ak\u0131\u015fkanla temas\u0131 olan mekanik s\u0131zd\u0131rmazl\u0131k gruplar\u0131n\u0131n sabit yada d\u00f6nel\neleman\u0131 olarak kullan\u0131lmaktad\u0131r. Grafit malzeme g\u00f6zeneklili\u011finin tam bir\ns\u0131zd\u0131rmazl\u0131\u011fa yeterli olmad\u0131\u011f\u0131 durumlarda d\u00fc\u015f\u00fck s\u0131cakl\u0131klarda \u00e7al\u0131\u015fma\ndurumunda suni re\u00e7inelerle yada PTFE ile, daha y\u00fcksek s\u0131cakl\u0131klar, ya da\ny\u00fczey ezilme mukavemetinin desteklenmesi gerekti\u011fi durumlarda muhtelif\nmetallerle doyurulmu\u015f grafit t\u00fcrevleri de kullan\u0131lmaktad\u0131r.<\/p>\t\t\t\t\t\t\t\t<\/div>\n\t\t\t\t<\/div>\n\t\t\t\t\t<\/div>\n\t\t<\/div>\n\t\t\t\t\t<\/div>\n\t\t<\/section>\n\t\t\t\t<\/div>","protected":false},"excerpt":{"rendered":"<p>Sealing Rings Hot and cold water pumps. Chemical fluid transfer pumps. Fuel pumps. Various house and gardening appliances. Vehicle cooling systems. Food and drink industries. and many other mechanic sealing groups that contact with fluids. In some cases, pores in graphite are not adequate for sealing and for such situations, artificial resin or polytetrafluoroethylene are &hellip;<\/p>\n<p class=\"read-more\"> <a class=\"\" href=\"https:\/\/teknikgrafit.com\/tr\/mechanical-applications\/sealing-rings\/\"> <span class=\"screen-reader-text\">Mekanik Salmastralar, Ke\u00e7eler<\/span> Read More &raquo;<\/a><\/p>","protected":false},"author":1,"featured_media":0,"parent":601,"menu_order":0,"comment_status":"closed","ping_status":"closed","template":"","meta":{"footnotes":""},"class_list":["post-660","page","type-page","status-publish","hentry"],"yoast_head":"<!-- This site is optimized with the Yoast SEO plugin v26.9 - https:\/\/yoast.com\/product\/yoast-seo-wordpress\/ -->\n<title>Sealing Rings - Teknik Grafit | Expert in Graphite Manufacturing<\/title>\n<meta name=\"robots\" content=\"index, follow, max-snippet:-1, max-image-preview:large, max-video-preview:-1\" \/>\n<link rel=\"canonical\" href=\"https:\/\/teknikgrafit.com\/tr\/mechanical-applications\/sealing-rings\/\" \/>\n<meta property=\"og:locale\" content=\"tr_TR\" \/>\n<meta property=\"og:type\" content=\"article\" \/>\n<meta property=\"og:title\" content=\"Sealing Rings - Teknik Grafit | Expert in Graphite Manufacturing\" \/>\n<meta property=\"og:description\" content=\"Sealing Rings Hot and cold water pumps. Chemical fluid transfer pumps. Fuel pumps. Various house and gardening appliances. Vehicle cooling systems. Food and drink industries. and many other mechanic sealing groups that contact with fluids. In some cases, pores in graphite are not adequate for sealing and for such situations, artificial resin or polytetrafluoroethylene are &hellip; Sealing Rings Read More &raquo;\" \/>\n<meta property=\"og:url\" content=\"https:\/\/teknikgrafit.com\/tr\/mechanical-applications\/sealing-rings\/\" \/>\n<meta property=\"og:site_name\" content=\"Teknik Grafit | Expert in Graphite Manufacturing\" \/>\n<meta property=\"article:modified_time\" content=\"2020-09-28T21:04:25+00:00\" \/>\n<meta property=\"og:image\" content=\"http:\/\/teknikgrafit.com\/wp-content\/uploads\/2020\/09\/2_1_Mekanik-salmastralar-keceler-1024x768.jpg\" \/>\n<meta name=\"twitter:card\" content=\"summary_large_image\" \/>\n<script type=\"application\/ld+json\" class=\"yoast-schema-graph\">{\"@context\":\"https:\/\/schema.org\",\"@graph\":[{\"@type\":\"WebPage\",\"@id\":\"https:\/\/teknikgrafit.com\/tr\/mechanical-applications\/sealing-rings\/\",\"url\":\"https:\/\/teknikgrafit.com\/tr\/mechanical-applications\/sealing-rings\/\",\"name\":\"Sealing Rings - Teknik Grafit | Expert in Graphite Manufacturing\",\"isPartOf\":{\"@id\":\"https:\/\/teknikgrafit.com\/#website\"},\"primaryImageOfPage\":{\"@id\":\"https:\/\/teknikgrafit.com\/tr\/mechanical-applications\/sealing-rings\/#primaryimage\"},\"image\":{\"@id\":\"https:\/\/teknikgrafit.com\/tr\/mechanical-applications\/sealing-rings\/#primaryimage\"},\"thumbnailUrl\":\"http:\/\/teknikgrafit.com\/wp-content\/uploads\/2020\/09\/2_1_Mekanik-salmastralar-keceler-1024x768.jpg\",\"datePublished\":\"2020-08-25T10:36:01+00:00\",\"dateModified\":\"2020-09-28T21:04:25+00:00\",\"breadcrumb\":{\"@id\":\"https:\/\/teknikgrafit.com\/tr\/mechanical-applications\/sealing-rings\/#breadcrumb\"},\"inLanguage\":\"tr\",\"potentialAction\":[{\"@type\":\"ReadAction\",\"target\":[\"https:\/\/teknikgrafit.com\/tr\/mechanical-applications\/sealing-rings\/\"]}]},{\"@type\":\"ImageObject\",\"inLanguage\":\"tr\",\"@id\":\"https:\/\/teknikgrafit.com\/tr\/mechanical-applications\/sealing-rings\/#primaryimage\",\"url\":\"http:\/\/teknikgrafit.com\/wp-content\/uploads\/2020\/09\/2_1_Mekanik-salmastralar-keceler-1024x768.jpg\",\"contentUrl\":\"http:\/\/teknikgrafit.com\/wp-content\/uploads\/2020\/09\/2_1_Mekanik-salmastralar-keceler-1024x768.jpg\"},{\"@type\":\"BreadcrumbList\",\"@id\":\"https:\/\/teknikgrafit.com\/tr\/mechanical-applications\/sealing-rings\/#breadcrumb\",\"itemListElement\":[{\"@type\":\"ListItem\",\"position\":1,\"name\":\"Home\",\"item\":\"https:\/\/teknikgrafit.com\/\"},{\"@type\":\"ListItem\",\"position\":2,\"name\":\"Mechanical Applications\",\"item\":\"https:\/\/teknikgrafit.com\/tr\/mechanical-applications\/\"},{\"@type\":\"ListItem\",\"position\":3,\"name\":\"Sealing Rings\"}]},{\"@type\":\"WebSite\",\"@id\":\"https:\/\/teknikgrafit.com\/#website\",\"url\":\"https:\/\/teknikgrafit.com\/\",\"name\":\"Teknik Grafit | Expert in Graphite Manufacturing\",\"description\":\"\",\"publisher\":{\"@id\":\"https:\/\/teknikgrafit.com\/#organization\"},\"potentialAction\":[{\"@type\":\"SearchAction\",\"target\":{\"@type\":\"EntryPoint\",\"urlTemplate\":\"https:\/\/teknikgrafit.com\/?s={search_term_string}\"},\"query-input\":{\"@type\":\"PropertyValueSpecification\",\"valueRequired\":true,\"valueName\":\"search_term_string\"}}],\"inLanguage\":\"tr\"},{\"@type\":\"Organization\",\"@id\":\"https:\/\/teknikgrafit.com\/#organization\",\"name\":\"Teknik Grafit | Expert in Graphite Manufacturing\",\"url\":\"https:\/\/teknikgrafit.com\/\",\"logo\":{\"@type\":\"ImageObject\",\"inLanguage\":\"tr\",\"@id\":\"https:\/\/teknikgrafit.com\/#\/schema\/logo\/image\/\",\"url\":\"https:\/\/teknikgrafit.com\/wp-content\/uploads\/2020\/09\/cropped-logo_clipped_rev_1.png\",\"contentUrl\":\"https:\/\/teknikgrafit.com\/wp-content\/uploads\/2020\/09\/cropped-logo_clipped_rev_1.png\",\"width\":300,\"height\":113,\"caption\":\"Teknik Grafit | Expert in Graphite Manufacturing\"},\"image\":{\"@id\":\"https:\/\/teknikgrafit.com\/#\/schema\/logo\/image\/\"}}]}<\/script>\n<!-- \/ Yoast SEO plugin. -->","yoast_head_json":{"title":"Sealing Rings - Teknik Grafit | Expert in Graphite Manufacturing","robots":{"index":"index","follow":"follow","max-snippet":"max-snippet:-1","max-image-preview":"max-image-preview:large","max-video-preview":"max-video-preview:-1"},"canonical":"https:\/\/teknikgrafit.com\/tr\/mechanical-applications\/sealing-rings\/","og_locale":"tr_TR","og_type":"article","og_title":"Sealing Rings - Teknik Grafit | Expert in Graphite Manufacturing","og_description":"Sealing Rings Hot and cold water pumps. Chemical fluid transfer pumps. Fuel pumps. Various house and gardening appliances. Vehicle cooling systems. Food and drink industries. and many other mechanic sealing groups that contact with fluids. In some cases, pores in graphite are not adequate for sealing and for such situations, artificial resin or polytetrafluoroethylene are &hellip; Sealing Rings Read More &raquo;","og_url":"https:\/\/teknikgrafit.com\/tr\/mechanical-applications\/sealing-rings\/","og_site_name":"Teknik Grafit | Expert in Graphite Manufacturing","article_modified_time":"2020-09-28T21:04:25+00:00","og_image":[{"url":"http:\/\/teknikgrafit.com\/wp-content\/uploads\/2020\/09\/2_1_Mekanik-salmastralar-keceler-1024x768.jpg","type":"","width":"","height":""}],"twitter_card":"summary_large_image","schema":{"@context":"https:\/\/schema.org","@graph":[{"@type":"WebPage","@id":"https:\/\/teknikgrafit.com\/tr\/mechanical-applications\/sealing-rings\/","url":"https:\/\/teknikgrafit.com\/tr\/mechanical-applications\/sealing-rings\/","name":"Sealing Rings - Teknik Grafit | Expert in Graphite Manufacturing","isPartOf":{"@id":"https:\/\/teknikgrafit.com\/#website"},"primaryImageOfPage":{"@id":"https:\/\/teknikgrafit.com\/tr\/mechanical-applications\/sealing-rings\/#primaryimage"},"image":{"@id":"https:\/\/teknikgrafit.com\/tr\/mechanical-applications\/sealing-rings\/#primaryimage"},"thumbnailUrl":"http:\/\/teknikgrafit.com\/wp-content\/uploads\/2020\/09\/2_1_Mekanik-salmastralar-keceler-1024x768.jpg","datePublished":"2020-08-25T10:36:01+00:00","dateModified":"2020-09-28T21:04:25+00:00","breadcrumb":{"@id":"https:\/\/teknikgrafit.com\/tr\/mechanical-applications\/sealing-rings\/#breadcrumb"},"inLanguage":"tr","potentialAction":[{"@type":"ReadAction","target":["https:\/\/teknikgrafit.com\/tr\/mechanical-applications\/sealing-rings\/"]}]},{"@type":"ImageObject","inLanguage":"tr","@id":"https:\/\/teknikgrafit.com\/tr\/mechanical-applications\/sealing-rings\/#primaryimage","url":"http:\/\/teknikgrafit.com\/wp-content\/uploads\/2020\/09\/2_1_Mekanik-salmastralar-keceler-1024x768.jpg","contentUrl":"http:\/\/teknikgrafit.com\/wp-content\/uploads\/2020\/09\/2_1_Mekanik-salmastralar-keceler-1024x768.jpg"},{"@type":"BreadcrumbList","@id":"https:\/\/teknikgrafit.com\/tr\/mechanical-applications\/sealing-rings\/#breadcrumb","itemListElement":[{"@type":"ListItem","position":1,"name":"Home","item":"https:\/\/teknikgrafit.com\/"},{"@type":"ListItem","position":2,"name":"Mechanical Applications","item":"https:\/\/teknikgrafit.com\/tr\/mechanical-applications\/"},{"@type":"ListItem","position":3,"name":"Sealing Rings"}]},{"@type":"WebSite","@id":"https:\/\/teknikgrafit.com\/#website","url":"https:\/\/teknikgrafit.com\/","name":"Teknik Grafit | Expert in Graphite Manufacturing","description":"","publisher":{"@id":"https:\/\/teknikgrafit.com\/#organization"},"potentialAction":[{"@type":"SearchAction","target":{"@type":"EntryPoint","urlTemplate":"https:\/\/teknikgrafit.com\/?s={search_term_string}"},"query-input":{"@type":"PropertyValueSpecification","valueRequired":true,"valueName":"search_term_string"}}],"inLanguage":"tr"},{"@type":"Organization","@id":"https:\/\/teknikgrafit.com\/#organization","name":"Teknik Grafit | Expert in Graphite Manufacturing","url":"https:\/\/teknikgrafit.com\/","logo":{"@type":"ImageObject","inLanguage":"tr","@id":"https:\/\/teknikgrafit.com\/#\/schema\/logo\/image\/","url":"https:\/\/teknikgrafit.com\/wp-content\/uploads\/2020\/09\/cropped-logo_clipped_rev_1.png","contentUrl":"https:\/\/teknikgrafit.com\/wp-content\/uploads\/2020\/09\/cropped-logo_clipped_rev_1.png","width":300,"height":113,"caption":"Teknik Grafit | Expert in Graphite Manufacturing"},"image":{"@id":"https:\/\/teknikgrafit.com\/#\/schema\/logo\/image\/"}}]}},"jetpack_sharing_enabled":true,"_links":{"self":[{"href":"https:\/\/teknikgrafit.com\/tr\/wp-json\/wp\/v2\/pages\/660","targetHints":{"allow":["GET"]}}],"collection":[{"href":"https:\/\/teknikgrafit.com\/tr\/wp-json\/wp\/v2\/pages"}],"about":[{"href":"https:\/\/teknikgrafit.com\/tr\/wp-json\/wp\/v2\/types\/page"}],"author":[{"embeddable":true,"href":"https:\/\/teknikgrafit.com\/tr\/wp-json\/wp\/v2\/users\/1"}],"replies":[{"embeddable":true,"href":"https:\/\/teknikgrafit.com\/tr\/wp-json\/wp\/v2\/comments?post=660"}],"version-history":[{"count":7,"href":"https:\/\/teknikgrafit.com\/tr\/wp-json\/wp\/v2\/pages\/660\/revisions"}],"predecessor-version":[{"id":1089,"href":"https:\/\/teknikgrafit.com\/tr\/wp-json\/wp\/v2\/pages\/660\/revisions\/1089"}],"up":[{"embeddable":true,"href":"https:\/\/teknikgrafit.com\/tr\/wp-json\/wp\/v2\/pages\/601"}],"wp:attachment":[{"href":"https:\/\/teknikgrafit.com\/tr\/wp-json\/wp\/v2\/media?parent=660"}],"curies":[{"name":"wp","href":"https:\/\/api.w.org\/{rel}","templated":true}]}}