{"id":644,"date":"2020-08-25T09:13:08","date_gmt":"2020-08-25T09:13:08","guid":{"rendered":"http:\/\/teknikgrafit.com\/?page_id=644"},"modified":"2020-09-29T08:03:27","modified_gmt":"2020-09-29T08:03:27","slug":"variac-rollers","status":"publish","type":"page","link":"https:\/\/teknikgrafit.com\/tr\/electrical-applications\/variac-rollers\/","title":{"rendered":"Varyak Rulolar\u0131"},"content":{"rendered":"<div data-elementor-type=\"wp-page\" data-elementor-id=\"644\" class=\"elementor elementor-644\">\n\t\t\t\t\t\t<section class=\"elementor-section elementor-top-section elementor-element elementor-element-ad90639 elementor-section-boxed elementor-section-height-default elementor-section-height-default\" data-id=\"ad90639\" data-element_type=\"section\">\n\t\t\t\t\t\t<div class=\"elementor-container elementor-column-gap-default\">\n\t\t\t\t\t<div class=\"elementor-column elementor-col-100 elementor-top-column elementor-element elementor-element-bfc5e9a\" data-id=\"bfc5e9a\" data-element_type=\"column\">\n\t\t\t<div class=\"elementor-widget-wrap elementor-element-populated\">\n\t\t\t\t\t\t<div class=\"elementor-element elementor-element-81009c1 elementor-widget elementor-widget-heading\" data-id=\"81009c1\" data-element_type=\"widget\" data-widget_type=\"heading.default\">\n\t\t\t\t<div class=\"elementor-widget-container\">\n\t\t\t\t\t<h2 class=\"elementor-heading-title elementor-size-default\">Varyak Rulolar\u0131<\/h2>\t\t\t\t<\/div>\n\t\t\t\t<\/div>\n\t\t\t\t\t<\/div>\n\t\t<\/div>\n\t\t\t\t\t<\/div>\n\t\t<\/section>\n\t\t\t\t<section class=\"elementor-section elementor-top-section elementor-element elementor-element-f1717d7 elementor-section-boxed elementor-section-height-default elementor-section-height-default\" data-id=\"f1717d7\" data-element_type=\"section\">\n\t\t\t\t\t\t<div class=\"elementor-container elementor-column-gap-default\">\n\t\t\t\t\t<div class=\"elementor-column elementor-col-100 elementor-top-column elementor-element elementor-element-520a66d\" data-id=\"520a66d\" data-element_type=\"column\">\n\t\t\t<div class=\"elementor-widget-wrap elementor-element-populated\">\n\t\t\t\t\t\t<div class=\"elementor-element elementor-element-69632d9 elementor-widget elementor-widget-text-editor\" data-id=\"69632d9\" data-element_type=\"widget\" data-widget_type=\"text-editor.default\">\n\t\t\t\t<div class=\"elementor-widget-container\">\n\t\t\t\t\t\t\t\t\t<p>End\u00fcstriyel tesislerde gerilim reg\u00fclasyonu sa\u011flayan cihazlarda varyak gezer\nkolu elektrik iletim organlar\u0131nda kullan\u0131lmaktad\u0131r.<\/p>\t\t\t\t\t\t\t\t<\/div>\n\t\t\t\t<\/div>\n\t\t\t\t\t<\/div>\n\t\t<\/div>\n\t\t\t\t\t<\/div>\n\t\t<\/section>\n\t\t\t\t<section class=\"elementor-section elementor-top-section elementor-element elementor-element-eb360ad elementor-section-boxed elementor-section-height-default elementor-section-height-default\" data-id=\"eb360ad\" data-element_type=\"section\">\n\t\t\t\t\t\t<div class=\"elementor-container elementor-column-gap-default\">\n\t\t\t\t\t<div class=\"elementor-column elementor-col-100 elementor-top-column elementor-element elementor-element-0e7b971\" data-id=\"0e7b971\" data-element_type=\"column\">\n\t\t\t<div class=\"elementor-widget-wrap elementor-element-populated\">\n\t\t\t\t\t\t<div class=\"elementor-element elementor-element-2fee499 elementor-widget elementor-widget-image\" data-id=\"2fee499\" data-element_type=\"widget\" data-widget_type=\"image.default\">\n\t\t\t\t<div class=\"elementor-widget-container\">\n\t\t\t\t\t\t\t\t\t\t\t\t\t\t\t<img fetchpriority=\"high\" decoding=\"async\" width=\"778\" height=\"583\" src=\"https:\/\/teknikgrafit.com\/wp-content\/uploads\/2020\/07\/4_Varyak_rulolari.jpg\" class=\"attachment-large size-large wp-image-514\" alt=\"\" srcset=\"https:\/\/teknikgrafit.com\/wp-content\/uploads\/2020\/07\/4_Varyak_rulolari.jpg 778w, https:\/\/teknikgrafit.com\/wp-content\/uploads\/2020\/07\/4_Varyak_rulolari-300x225.jpg 300w, https:\/\/teknikgrafit.com\/wp-content\/uploads\/2020\/07\/4_Varyak_rulolari-768x576.jpg 768w\" sizes=\"(max-width: 778px) 100vw, 778px\" \/>\t\t\t\t\t\t\t\t\t\t\t\t\t\t\t<\/div>\n\t\t\t\t<\/div>\n\t\t\t\t\t<\/div>\n\t\t<\/div>\n\t\t\t\t\t<\/div>\n\t\t<\/section>\n\t\t\t\t<\/div>","protected":false},"excerpt":{"rendered":"<p>Variac Rollers Variac rollers are used in devices that regulate voltage in industrial plants.<\/p>","protected":false},"author":1,"featured_media":0,"parent":570,"menu_order":0,"comment_status":"closed","ping_status":"closed","template":"","meta":{"footnotes":""},"class_list":["post-644","page","type-page","status-publish","hentry"],"yoast_head":"<!-- This site is optimized with the Yoast SEO plugin v26.9 - https:\/\/yoast.com\/product\/yoast-seo-wordpress\/ -->\n<title>Variac Rollers - Teknik Grafit | Expert in Graphite Manufacturing<\/title>\n<meta name=\"robots\" content=\"index, follow, max-snippet:-1, max-image-preview:large, max-video-preview:-1\" \/>\n<link rel=\"canonical\" href=\"http:\/\/teknikgrafit.com\/tr\/electrical-applications\/variac-rollers\/\" \/>\n<meta property=\"og:locale\" content=\"tr_TR\" \/>\n<meta property=\"og:type\" content=\"article\" \/>\n<meta property=\"og:title\" content=\"Variac Rollers - Teknik Grafit | Expert in Graphite Manufacturing\" \/>\n<meta property=\"og:description\" content=\"Variac Rollers Variac rollers are used in devices that regulate voltage in industrial plants.\" \/>\n<meta property=\"og:url\" content=\"http:\/\/teknikgrafit.com\/tr\/electrical-applications\/variac-rollers\/\" \/>\n<meta property=\"og:site_name\" content=\"Teknik Grafit | Expert in Graphite Manufacturing\" \/>\n<meta property=\"article:modified_time\" content=\"2020-09-29T08:03:27+00:00\" \/>\n<meta property=\"og:image\" content=\"http:\/\/teknikgrafit.com\/wp-content\/uploads\/2020\/07\/4_Varyak_rulolari.jpg\" \/>\n<meta name=\"twitter:card\" content=\"summary_large_image\" \/>\n<script type=\"application\/ld+json\" class=\"yoast-schema-graph\">{\"@context\":\"https:\/\/schema.org\",\"@graph\":[{\"@type\":\"WebPage\",\"@id\":\"http:\/\/teknikgrafit.com\/electrical-applications\/variac-rollers\/\",\"url\":\"http:\/\/teknikgrafit.com\/electrical-applications\/variac-rollers\/\",\"name\":\"Variac Rollers - Teknik Grafit | Expert in Graphite Manufacturing\",\"isPartOf\":{\"@id\":\"http:\/\/teknikgrafit.com\/#website\"},\"primaryImageOfPage\":{\"@id\":\"http:\/\/teknikgrafit.com\/electrical-applications\/variac-rollers\/#primaryimage\"},\"image\":{\"@id\":\"http:\/\/teknikgrafit.com\/electrical-applications\/variac-rollers\/#primaryimage\"},\"thumbnailUrl\":\"http:\/\/teknikgrafit.com\/wp-content\/uploads\/2020\/07\/4_Varyak_rulolari.jpg\",\"datePublished\":\"2020-08-25T09:13:08+00:00\",\"dateModified\":\"2020-09-29T08:03:27+00:00\",\"breadcrumb\":{\"@id\":\"http:\/\/teknikgrafit.com\/electrical-applications\/variac-rollers\/#breadcrumb\"},\"inLanguage\":\"tr\",\"potentialAction\":[{\"@type\":\"ReadAction\",\"target\":[\"http:\/\/teknikgrafit.com\/electrical-applications\/variac-rollers\/\"]}]},{\"@type\":\"ImageObject\",\"inLanguage\":\"tr\",\"@id\":\"http:\/\/teknikgrafit.com\/electrical-applications\/variac-rollers\/#primaryimage\",\"url\":\"http:\/\/teknikgrafit.com\/wp-content\/uploads\/2020\/07\/4_Varyak_rulolari.jpg\",\"contentUrl\":\"http:\/\/teknikgrafit.com\/wp-content\/uploads\/2020\/07\/4_Varyak_rulolari.jpg\"},{\"@type\":\"BreadcrumbList\",\"@id\":\"http:\/\/teknikgrafit.com\/electrical-applications\/variac-rollers\/#breadcrumb\",\"itemListElement\":[{\"@type\":\"ListItem\",\"position\":1,\"name\":\"Home\",\"item\":\"http:\/\/teknikgrafit.com\/\"},{\"@type\":\"ListItem\",\"position\":2,\"name\":\"Electrical Applications\",\"item\":\"https:\/\/teknikgrafit.com\/electrical-applications\/\"},{\"@type\":\"ListItem\",\"position\":3,\"name\":\"Variac Rollers\"}]},{\"@type\":\"WebSite\",\"@id\":\"http:\/\/teknikgrafit.com\/#website\",\"url\":\"http:\/\/teknikgrafit.com\/\",\"name\":\"Teknik Grafit | Expert in Graphite Manufacturing\",\"description\":\"\",\"publisher\":{\"@id\":\"http:\/\/teknikgrafit.com\/#organization\"},\"potentialAction\":[{\"@type\":\"SearchAction\",\"target\":{\"@type\":\"EntryPoint\",\"urlTemplate\":\"http:\/\/teknikgrafit.com\/?s={search_term_string}\"},\"query-input\":{\"@type\":\"PropertyValueSpecification\",\"valueRequired\":true,\"valueName\":\"search_term_string\"}}],\"inLanguage\":\"tr\"},{\"@type\":\"Organization\",\"@id\":\"http:\/\/teknikgrafit.com\/#organization\",\"name\":\"Teknik Grafit | Expert in Graphite Manufacturing\",\"url\":\"http:\/\/teknikgrafit.com\/\",\"logo\":{\"@type\":\"ImageObject\",\"inLanguage\":\"tr\",\"@id\":\"http:\/\/teknikgrafit.com\/#\/schema\/logo\/image\/\",\"url\":\"https:\/\/teknikgrafit.com\/wp-content\/uploads\/2020\/09\/cropped-logo_clipped_rev_1.png\",\"contentUrl\":\"https:\/\/teknikgrafit.com\/wp-content\/uploads\/2020\/09\/cropped-logo_clipped_rev_1.png\",\"width\":300,\"height\":113,\"caption\":\"Teknik Grafit | Expert in Graphite Manufacturing\"},\"image\":{\"@id\":\"http:\/\/teknikgrafit.com\/#\/schema\/logo\/image\/\"}}]}<\/script>\n<!-- \/ Yoast SEO plugin. -->","yoast_head_json":{"title":"Variac Rollers - Teknik Grafit | Expert in Graphite Manufacturing","robots":{"index":"index","follow":"follow","max-snippet":"max-snippet:-1","max-image-preview":"max-image-preview:large","max-video-preview":"max-video-preview:-1"},"canonical":"http:\/\/teknikgrafit.com\/tr\/electrical-applications\/variac-rollers\/","og_locale":"tr_TR","og_type":"article","og_title":"Variac Rollers - Teknik Grafit | Expert in Graphite Manufacturing","og_description":"Variac Rollers Variac rollers are used in devices that regulate voltage in industrial plants.","og_url":"http:\/\/teknikgrafit.com\/tr\/electrical-applications\/variac-rollers\/","og_site_name":"Teknik Grafit | Expert in Graphite Manufacturing","article_modified_time":"2020-09-29T08:03:27+00:00","og_image":[{"url":"http:\/\/teknikgrafit.com\/wp-content\/uploads\/2020\/07\/4_Varyak_rulolari.jpg","type":"","width":"","height":""}],"twitter_card":"summary_large_image","schema":{"@context":"https:\/\/schema.org","@graph":[{"@type":"WebPage","@id":"http:\/\/teknikgrafit.com\/electrical-applications\/variac-rollers\/","url":"http:\/\/teknikgrafit.com\/electrical-applications\/variac-rollers\/","name":"Variac Rollers - Teknik Grafit | Expert in Graphite Manufacturing","isPartOf":{"@id":"http:\/\/teknikgrafit.com\/#website"},"primaryImageOfPage":{"@id":"http:\/\/teknikgrafit.com\/electrical-applications\/variac-rollers\/#primaryimage"},"image":{"@id":"http:\/\/teknikgrafit.com\/electrical-applications\/variac-rollers\/#primaryimage"},"thumbnailUrl":"http:\/\/teknikgrafit.com\/wp-content\/uploads\/2020\/07\/4_Varyak_rulolari.jpg","datePublished":"2020-08-25T09:13:08+00:00","dateModified":"2020-09-29T08:03:27+00:00","breadcrumb":{"@id":"http:\/\/teknikgrafit.com\/electrical-applications\/variac-rollers\/#breadcrumb"},"inLanguage":"tr","potentialAction":[{"@type":"ReadAction","target":["http:\/\/teknikgrafit.com\/electrical-applications\/variac-rollers\/"]}]},{"@type":"ImageObject","inLanguage":"tr","@id":"http:\/\/teknikgrafit.com\/electrical-applications\/variac-rollers\/#primaryimage","url":"http:\/\/teknikgrafit.com\/wp-content\/uploads\/2020\/07\/4_Varyak_rulolari.jpg","contentUrl":"http:\/\/teknikgrafit.com\/wp-content\/uploads\/2020\/07\/4_Varyak_rulolari.jpg"},{"@type":"BreadcrumbList","@id":"http:\/\/teknikgrafit.com\/electrical-applications\/variac-rollers\/#breadcrumb","itemListElement":[{"@type":"ListItem","position":1,"name":"Home","item":"http:\/\/teknikgrafit.com\/"},{"@type":"ListItem","position":2,"name":"Electrical Applications","item":"https:\/\/teknikgrafit.com\/electrical-applications\/"},{"@type":"ListItem","position":3,"name":"Variac Rollers"}]},{"@type":"WebSite","@id":"http:\/\/teknikgrafit.com\/#website","url":"http:\/\/teknikgrafit.com\/","name":"Teknik Grafit | Expert in Graphite Manufacturing","description":"","publisher":{"@id":"http:\/\/teknikgrafit.com\/#organization"},"potentialAction":[{"@type":"SearchAction","target":{"@type":"EntryPoint","urlTemplate":"http:\/\/teknikgrafit.com\/?s={search_term_string}"},"query-input":{"@type":"PropertyValueSpecification","valueRequired":true,"valueName":"search_term_string"}}],"inLanguage":"tr"},{"@type":"Organization","@id":"http:\/\/teknikgrafit.com\/#organization","name":"Teknik Grafit | Expert in Graphite Manufacturing","url":"http:\/\/teknikgrafit.com\/","logo":{"@type":"ImageObject","inLanguage":"tr","@id":"http:\/\/teknikgrafit.com\/#\/schema\/logo\/image\/","url":"https:\/\/teknikgrafit.com\/wp-content\/uploads\/2020\/09\/cropped-logo_clipped_rev_1.png","contentUrl":"https:\/\/teknikgrafit.com\/wp-content\/uploads\/2020\/09\/cropped-logo_clipped_rev_1.png","width":300,"height":113,"caption":"Teknik Grafit | Expert in Graphite Manufacturing"},"image":{"@id":"http:\/\/teknikgrafit.com\/#\/schema\/logo\/image\/"}}]}},"jetpack_sharing_enabled":true,"_links":{"self":[{"href":"https:\/\/teknikgrafit.com\/tr\/wp-json\/wp\/v2\/pages\/644","targetHints":{"allow":["GET"]}}],"collection":[{"href":"https:\/\/teknikgrafit.com\/tr\/wp-json\/wp\/v2\/pages"}],"about":[{"href":"https:\/\/teknikgrafit.com\/tr\/wp-json\/wp\/v2\/types\/page"}],"author":[{"embeddable":true,"href":"https:\/\/teknikgrafit.com\/tr\/wp-json\/wp\/v2\/users\/1"}],"replies":[{"embeddable":true,"href":"https:\/\/teknikgrafit.com\/tr\/wp-json\/wp\/v2\/comments?post=644"}],"version-history":[{"count":6,"href":"https:\/\/teknikgrafit.com\/tr\/wp-json\/wp\/v2\/pages\/644\/revisions"}],"predecessor-version":[{"id":1137,"href":"https:\/\/teknikgrafit.com\/tr\/wp-json\/wp\/v2\/pages\/644\/revisions\/1137"}],"up":[{"embeddable":true,"href":"https:\/\/teknikgrafit.com\/tr\/wp-json\/wp\/v2\/pages\/570"}],"wp:attachment":[{"href":"https:\/\/teknikgrafit.com\/tr\/wp-json\/wp\/v2\/media?parent=644"}],"curies":[{"name":"wp","href":"https:\/\/api.w.org\/{rel}","templated":true}]}}