{"id":598,"date":"2020-08-24T09:37:03","date_gmt":"2020-08-24T09:37:03","guid":{"rendered":"http:\/\/teknikgrafit.com\/?page_id=598"},"modified":"2020-08-25T21:27:04","modified_gmt":"2020-08-25T21:27:04","slug":"fractional-horse-power-brushes","status":"publish","type":"page","link":"https:\/\/teknikgrafit.com\/tr\/electrical-applications\/fractional-horse-power-brushes\/","title":{"rendered":"El Aletleri K\u00f6m\u00fcr F\u0131r\u00e7alar\u0131"},"content":{"rendered":"<div data-elementor-type=\"wp-page\" data-elementor-id=\"598\" class=\"elementor elementor-598\">\n\t\t\t\t\t\t<section class=\"elementor-section elementor-top-section elementor-element elementor-element-52fa11b elementor-section-boxed elementor-section-height-default elementor-section-height-default\" data-id=\"52fa11b\" data-element_type=\"section\">\n\t\t\t\t\t\t<div class=\"elementor-container elementor-column-gap-default\">\n\t\t\t\t\t<div class=\"elementor-column elementor-col-100 elementor-top-column elementor-element elementor-element-635239c\" data-id=\"635239c\" data-element_type=\"column\">\n\t\t\t<div class=\"elementor-widget-wrap elementor-element-populated\">\n\t\t\t\t\t\t<div class=\"elementor-element elementor-element-87402a4 elementor-widget elementor-widget-heading\" data-id=\"87402a4\" data-element_type=\"widget\" data-widget_type=\"heading.default\">\n\t\t\t\t<div class=\"elementor-widget-container\">\n\t\t\t\t\t<h2 class=\"elementor-heading-title elementor-size-default\">El Aletleri K\u00f6m\u00fcr F\u0131r\u00e7alar\u0131<\/h2>\t\t\t\t<\/div>\n\t\t\t\t<\/div>\n\t\t\t\t\t<\/div>\n\t\t<\/div>\n\t\t\t\t\t<\/div>\n\t\t<\/section>\n\t\t\t\t<section class=\"elementor-section elementor-top-section elementor-element elementor-element-9a608fb elementor-section-boxed elementor-section-height-default elementor-section-height-default\" data-id=\"9a608fb\" data-element_type=\"section\">\n\t\t\t\t\t\t<div class=\"elementor-container elementor-column-gap-default\">\n\t\t\t\t\t<div class=\"elementor-column elementor-col-100 elementor-top-column elementor-element elementor-element-e344eff\" data-id=\"e344eff\" data-element_type=\"column\">\n\t\t\t<div class=\"elementor-widget-wrap elementor-element-populated\">\n\t\t\t\t\t\t<section class=\"elementor-section elementor-inner-section elementor-element elementor-element-ea4a012 elementor-section-boxed elementor-section-height-default elementor-section-height-default\" data-id=\"ea4a012\" data-element_type=\"section\">\n\t\t\t\t\t\t<div class=\"elementor-container elementor-column-gap-default\">\n\t\t\t\t\t<div class=\"elementor-column elementor-col-50 elementor-inner-column elementor-element elementor-element-6d992ac\" data-id=\"6d992ac\" data-element_type=\"column\">\n\t\t\t<div class=\"elementor-widget-wrap elementor-element-populated\">\n\t\t\t\t\t\t<div class=\"elementor-element elementor-element-6ae6c63 elementor-icon-list--layout-traditional elementor-list-item-link-full_width elementor-widget elementor-widget-icon-list\" data-id=\"6ae6c63\" data-element_type=\"widget\" data-widget_type=\"icon-list.default\">\n\t\t\t\t<div class=\"elementor-widget-container\">\n\t\t\t\t\t\t\t<ul class=\"elementor-icon-list-items\">\n\t\t\t\t\t\t\t<li class=\"elementor-icon-list-item\">\n\t\t\t\t\t\t\t\t\t\t\t<span class=\"elementor-icon-list-icon\">\n\t\t\t\t\t\t\t<i aria-hidden=\"true\" class=\"fas fa-screwdriver\"><\/i>\t\t\t\t\t\t<\/span>\n\t\t\t\t\t\t\t\t\t\t<span class=\"elementor-icon-list-text\">El matkaplar\u0131, ta\u015flama motorlar\u0131, z\u0131mpara, dekupaj testereleri , el tipi daire\ntestereler,<\/span>\n\t\t\t\t\t\t\t\t\t<\/li>\n\t\t\t\t\t\t\t\t<li class=\"elementor-icon-list-item\">\n\t\t\t\t\t\t\t\t\t\t\t<span class=\"elementor-icon-list-icon\">\n\t\t\t\t\t\t\t<i aria-hidden=\"true\" class=\"fas fa-tools\"><\/i>\t\t\t\t\t\t<\/span>\n\t\t\t\t\t\t\t\t\t\t<span class=\"elementor-icon-list-text\">Avu\u00e7 i\u00e7i rektifiye motorlar\u0131 ve benzeri d\u00fc\u015f\u00fck g\u00fc\u00e7 y\u00fcksek devirli el aletleri<\/span>\n\t\t\t\t\t\t\t\t\t<\/li>\n\t\t\t\t\t\t\t\t<li class=\"elementor-icon-list-item\">\n\t\t\t\t\t\t\t\t\t\t\t<span class=\"elementor-icon-list-icon\">\n\t\t\t\t\t\t\t<i aria-hidden=\"true\" class=\"fab fa-rev\"><\/i>\t\t\t\t\t\t<\/span>\n\t\t\t\t\t\t\t\t\t\t<span class=\"elementor-icon-list-text\">Monofaze motorlar\u0131, Elektrikli \u00e7eki\u00e7ler, \u00e7im bi\u00e7me makinalar\u0131, d\u00f6\u015feme cila makinalar\u0131 ve benzeri\ntezgahlar\n <\/span>\n\t\t\t\t\t\t\t\t\t<\/li>\n\t\t\t\t\t\t\t\t<li class=\"elementor-icon-list-item\">\n\t\t\t\t\t\t\t\t\t\t\t<span class=\"elementor-icon-list-icon\">\n\t\t\t\t\t\t\t<i aria-hidden=\"true\" class=\"fas fa-grip-horizontal\"><\/i>\t\t\t\t\t\t<\/span>\n\t\t\t\t\t\t\t\t\t\t<span class=\"elementor-icon-list-text\">Kar\u0131\u015ft\u0131r\u0131c\u0131, \u00e7\u0131rp\u0131c\u0131 , de\u011firmen, elektrikli b\u0131\u00e7ak ve benzeri mutfak gere\u00e7leri\nmotorlar\u0131\n<\/span>\n\t\t\t\t\t\t\t\t\t<\/li>\n\t\t\t\t\t\t\t\t<li class=\"elementor-icon-list-item\">\n\t\t\t\t\t\t\t\t\t\t\t<span class=\"elementor-icon-list-icon\">\n\t\t\t\t\t\t\t<i aria-hidden=\"true\" class=\"fas fa-tooth\"><\/i>\t\t\t\t\t\t<\/span>\n\t\t\t\t\t\t\t\t\t\t<span class=\"elementor-icon-list-text\">Elektrikli tra\u015f makinas\u0131, sa\u00e7 kurutucu, titre\u015fimli di\u015f f\u0131r\u00e7as\u0131 gibi s\u0131hhi gere\u00e7lerler\n <\/span>\n\t\t\t\t\t\t\t\t\t<\/li>\n\t\t\t\t\t\t\t\t<li class=\"elementor-icon-list-item\">\n\t\t\t\t\t\t\t\t\t\t\t<span class=\"elementor-icon-list-icon\">\n\t\t\t\t\t\t\t<i aria-hidden=\"true\" class=\"fas fa-blender\"><\/i>\t\t\t\t\t\t<\/span>\n\t\t\t\t\t\t\t\t\t\t<span class=\"elementor-icon-list-text\">Elektrikli makas, \u00f6rg\u00fc ve diki\u015f makinalar\u0131, s\u00fcp\u00fcrge, \u00e7\u00f6p \u00f6\u011f\u00fctme, \u00e7ama\u015f\u0131r ve\nbula\u015f\u0131k makinalar\u0131<\/span>\n\t\t\t\t\t\t\t\t\t<\/li>\n\t\t\t\t\t\t<\/ul>\n\t\t\t\t\t\t<\/div>\n\t\t\t\t<\/div>\n\t\t\t\t\t<\/div>\n\t\t<\/div>\n\t\t\t\t<div class=\"elementor-column elementor-col-50 elementor-inner-column elementor-element elementor-element-31d3576\" data-id=\"31d3576\" data-element_type=\"column\">\n\t\t\t<div class=\"elementor-widget-wrap elementor-element-populated\">\n\t\t\t\t\t\t<div class=\"elementor-element elementor-element-eb7a2c2 elementor-widget elementor-widget-image\" data-id=\"eb7a2c2\" data-element_type=\"widget\" data-widget_type=\"image.default\">\n\t\t\t\t<div class=\"elementor-widget-container\">\n\t\t\t\t\t\t\t\t\t\t\t\t\t\t\t<img fetchpriority=\"high\" decoding=\"async\" width=\"746\" height=\"560\" src=\"https:\/\/teknikgrafit.com\/wp-content\/uploads\/2020\/07\/2_Elaletleri_Evgerecleri-1.jpg\" class=\"attachment-large size-large wp-image-511\" alt=\"\" srcset=\"https:\/\/teknikgrafit.com\/wp-content\/uploads\/2020\/07\/2_Elaletleri_Evgerecleri-1.jpg 746w, https:\/\/teknikgrafit.com\/wp-content\/uploads\/2020\/07\/2_Elaletleri_Evgerecleri-1-300x225.jpg 300w\" sizes=\"(max-width: 746px) 100vw, 746px\" \/>\t\t\t\t\t\t\t\t\t\t\t\t\t\t\t<\/div>\n\t\t\t\t<\/div>\n\t\t\t\t\t<\/div>\n\t\t<\/div>\n\t\t\t\t\t<\/div>\n\t\t<\/section>\n\t\t\t\t\t<\/div>\n\t\t<\/div>\n\t\t\t\t\t<\/div>\n\t\t<\/section>\n\t\t\t\t<\/div>","protected":false},"excerpt":{"rendered":"<p>Fractional Horse Power Brushes Hand drills, grinders, abrasives, jigsaws, tube saws. Mechanical rectifier and similar low power high rev hand tools. Single-phase motors, electric hammers, lawn movers, polishing machines. Mixers, mills, electric knives, and suchlike kitchen appliance motors. Sanitary devices like electric razor, hair dryer, vibrating toothbrush. Electric scissors, knitting and sewing machines, vacuum cleaners, &hellip;<\/p>\n<p class=\"read-more\"> <a class=\"\" href=\"https:\/\/teknikgrafit.com\/tr\/electrical-applications\/fractional-horse-power-brushes\/\"> <span class=\"screen-reader-text\">El Aletleri K\u00f6m\u00fcr F\u0131r\u00e7alar\u0131<\/span> Read More &raquo;<\/a><\/p>","protected":false},"author":1,"featured_media":0,"parent":570,"menu_order":0,"comment_status":"closed","ping_status":"closed","template":"","meta":{"footnotes":""},"class_list":["post-598","page","type-page","status-publish","hentry"],"yoast_head":"<!-- This site is optimized with the Yoast SEO plugin v26.9 - https:\/\/yoast.com\/product\/yoast-seo-wordpress\/ -->\n<title>Fractional Horse Power Brushes - Teknik Grafit | Expert in Graphite Manufacturing<\/title>\n<meta name=\"robots\" content=\"index, follow, max-snippet:-1, max-image-preview:large, max-video-preview:-1\" \/>\n<link rel=\"canonical\" href=\"https:\/\/teknikgrafit.com\/tr\/electrical-applications\/fractional-horse-power-brushes\/\" \/>\n<meta property=\"og:locale\" content=\"tr_TR\" \/>\n<meta property=\"og:type\" content=\"article\" \/>\n<meta property=\"og:title\" content=\"Fractional Horse Power Brushes - Teknik Grafit | Expert in Graphite Manufacturing\" \/>\n<meta property=\"og:description\" content=\"Fractional Horse Power Brushes Hand drills, grinders, abrasives, jigsaws, tube saws. Mechanical rectifier and similar low power high rev hand tools. Single-phase motors, electric hammers, lawn movers, polishing machines. Mixers, mills, electric knives, and suchlike kitchen appliance motors. Sanitary devices like electric razor, hair dryer, vibrating toothbrush. Electric scissors, knitting and sewing machines, vacuum cleaners, &hellip; Fractional Horse Power Brushes Read More &raquo;\" \/>\n<meta property=\"og:url\" content=\"https:\/\/teknikgrafit.com\/tr\/electrical-applications\/fractional-horse-power-brushes\/\" \/>\n<meta property=\"og:site_name\" content=\"Teknik Grafit | Expert in Graphite Manufacturing\" \/>\n<meta property=\"article:modified_time\" content=\"2020-08-25T21:27:04+00:00\" \/>\n<meta property=\"og:image\" content=\"http:\/\/teknikgrafit.com\/wp-content\/uploads\/2020\/07\/2_Elaletleri_Evgerecleri-1.jpg\" \/>\n<meta name=\"twitter:card\" content=\"summary_large_image\" \/>\n<script type=\"application\/ld+json\" class=\"yoast-schema-graph\">{\"@context\":\"https:\/\/schema.org\",\"@graph\":[{\"@type\":\"WebPage\",\"@id\":\"https:\/\/teknikgrafit.com\/electrical-applications\/fractional-horse-power-brushes\/\",\"url\":\"https:\/\/teknikgrafit.com\/electrical-applications\/fractional-horse-power-brushes\/\",\"name\":\"Fractional Horse Power Brushes - Teknik Grafit | Expert in Graphite Manufacturing\",\"isPartOf\":{\"@id\":\"http:\/\/teknikgrafit.com\/#website\"},\"primaryImageOfPage\":{\"@id\":\"https:\/\/teknikgrafit.com\/electrical-applications\/fractional-horse-power-brushes\/#primaryimage\"},\"image\":{\"@id\":\"https:\/\/teknikgrafit.com\/electrical-applications\/fractional-horse-power-brushes\/#primaryimage\"},\"thumbnailUrl\":\"http:\/\/teknikgrafit.com\/wp-content\/uploads\/2020\/07\/2_Elaletleri_Evgerecleri-1.jpg\",\"datePublished\":\"2020-08-24T09:37:03+00:00\",\"dateModified\":\"2020-08-25T21:27:04+00:00\",\"breadcrumb\":{\"@id\":\"https:\/\/teknikgrafit.com\/electrical-applications\/fractional-horse-power-brushes\/#breadcrumb\"},\"inLanguage\":\"tr\",\"potentialAction\":[{\"@type\":\"ReadAction\",\"target\":[\"https:\/\/teknikgrafit.com\/electrical-applications\/fractional-horse-power-brushes\/\"]}]},{\"@type\":\"ImageObject\",\"inLanguage\":\"tr\",\"@id\":\"https:\/\/teknikgrafit.com\/electrical-applications\/fractional-horse-power-brushes\/#primaryimage\",\"url\":\"http:\/\/teknikgrafit.com\/wp-content\/uploads\/2020\/07\/2_Elaletleri_Evgerecleri-1.jpg\",\"contentUrl\":\"http:\/\/teknikgrafit.com\/wp-content\/uploads\/2020\/07\/2_Elaletleri_Evgerecleri-1.jpg\"},{\"@type\":\"BreadcrumbList\",\"@id\":\"https:\/\/teknikgrafit.com\/electrical-applications\/fractional-horse-power-brushes\/#breadcrumb\",\"itemListElement\":[{\"@type\":\"ListItem\",\"position\":1,\"name\":\"Home\",\"item\":\"http:\/\/teknikgrafit.com\/\"},{\"@type\":\"ListItem\",\"position\":2,\"name\":\"Electrical Applications\",\"item\":\"https:\/\/teknikgrafit.com\/electrical-applications\/\"},{\"@type\":\"ListItem\",\"position\":3,\"name\":\"Fractional Horse Power Brushes\"}]},{\"@type\":\"WebSite\",\"@id\":\"http:\/\/teknikgrafit.com\/#website\",\"url\":\"http:\/\/teknikgrafit.com\/\",\"name\":\"Teknik Grafit | Expert in Graphite Manufacturing\",\"description\":\"\",\"publisher\":{\"@id\":\"http:\/\/teknikgrafit.com\/#organization\"},\"potentialAction\":[{\"@type\":\"SearchAction\",\"target\":{\"@type\":\"EntryPoint\",\"urlTemplate\":\"http:\/\/teknikgrafit.com\/?s={search_term_string}\"},\"query-input\":{\"@type\":\"PropertyValueSpecification\",\"valueRequired\":true,\"valueName\":\"search_term_string\"}}],\"inLanguage\":\"tr\"},{\"@type\":\"Organization\",\"@id\":\"http:\/\/teknikgrafit.com\/#organization\",\"name\":\"Teknik Grafit | Expert in Graphite Manufacturing\",\"url\":\"http:\/\/teknikgrafit.com\/\",\"logo\":{\"@type\":\"ImageObject\",\"inLanguage\":\"tr\",\"@id\":\"http:\/\/teknikgrafit.com\/#\/schema\/logo\/image\/\",\"url\":\"https:\/\/teknikgrafit.com\/wp-content\/uploads\/2020\/09\/cropped-logo_clipped_rev_1.png\",\"contentUrl\":\"https:\/\/teknikgrafit.com\/wp-content\/uploads\/2020\/09\/cropped-logo_clipped_rev_1.png\",\"width\":300,\"height\":113,\"caption\":\"Teknik Grafit | Expert in Graphite Manufacturing\"},\"image\":{\"@id\":\"http:\/\/teknikgrafit.com\/#\/schema\/logo\/image\/\"}}]}<\/script>\n<!-- \/ Yoast SEO plugin. -->","yoast_head_json":{"title":"Fractional Horse Power Brushes - Teknik Grafit | Expert in Graphite Manufacturing","robots":{"index":"index","follow":"follow","max-snippet":"max-snippet:-1","max-image-preview":"max-image-preview:large","max-video-preview":"max-video-preview:-1"},"canonical":"https:\/\/teknikgrafit.com\/tr\/electrical-applications\/fractional-horse-power-brushes\/","og_locale":"tr_TR","og_type":"article","og_title":"Fractional Horse Power Brushes - Teknik Grafit | Expert in Graphite Manufacturing","og_description":"Fractional Horse Power Brushes Hand drills, grinders, abrasives, jigsaws, tube saws. Mechanical rectifier and similar low power high rev hand tools. Single-phase motors, electric hammers, lawn movers, polishing machines. Mixers, mills, electric knives, and suchlike kitchen appliance motors. Sanitary devices like electric razor, hair dryer, vibrating toothbrush. Electric scissors, knitting and sewing machines, vacuum cleaners, &hellip; Fractional Horse Power Brushes Read More &raquo;","og_url":"https:\/\/teknikgrafit.com\/tr\/electrical-applications\/fractional-horse-power-brushes\/","og_site_name":"Teknik Grafit | Expert in Graphite Manufacturing","article_modified_time":"2020-08-25T21:27:04+00:00","og_image":[{"url":"http:\/\/teknikgrafit.com\/wp-content\/uploads\/2020\/07\/2_Elaletleri_Evgerecleri-1.jpg","type":"","width":"","height":""}],"twitter_card":"summary_large_image","schema":{"@context":"https:\/\/schema.org","@graph":[{"@type":"WebPage","@id":"https:\/\/teknikgrafit.com\/electrical-applications\/fractional-horse-power-brushes\/","url":"https:\/\/teknikgrafit.com\/electrical-applications\/fractional-horse-power-brushes\/","name":"Fractional Horse Power Brushes - Teknik Grafit | Expert in Graphite Manufacturing","isPartOf":{"@id":"http:\/\/teknikgrafit.com\/#website"},"primaryImageOfPage":{"@id":"https:\/\/teknikgrafit.com\/electrical-applications\/fractional-horse-power-brushes\/#primaryimage"},"image":{"@id":"https:\/\/teknikgrafit.com\/electrical-applications\/fractional-horse-power-brushes\/#primaryimage"},"thumbnailUrl":"http:\/\/teknikgrafit.com\/wp-content\/uploads\/2020\/07\/2_Elaletleri_Evgerecleri-1.jpg","datePublished":"2020-08-24T09:37:03+00:00","dateModified":"2020-08-25T21:27:04+00:00","breadcrumb":{"@id":"https:\/\/teknikgrafit.com\/electrical-applications\/fractional-horse-power-brushes\/#breadcrumb"},"inLanguage":"tr","potentialAction":[{"@type":"ReadAction","target":["https:\/\/teknikgrafit.com\/electrical-applications\/fractional-horse-power-brushes\/"]}]},{"@type":"ImageObject","inLanguage":"tr","@id":"https:\/\/teknikgrafit.com\/electrical-applications\/fractional-horse-power-brushes\/#primaryimage","url":"http:\/\/teknikgrafit.com\/wp-content\/uploads\/2020\/07\/2_Elaletleri_Evgerecleri-1.jpg","contentUrl":"http:\/\/teknikgrafit.com\/wp-content\/uploads\/2020\/07\/2_Elaletleri_Evgerecleri-1.jpg"},{"@type":"BreadcrumbList","@id":"https:\/\/teknikgrafit.com\/electrical-applications\/fractional-horse-power-brushes\/#breadcrumb","itemListElement":[{"@type":"ListItem","position":1,"name":"Home","item":"http:\/\/teknikgrafit.com\/"},{"@type":"ListItem","position":2,"name":"Electrical Applications","item":"https:\/\/teknikgrafit.com\/electrical-applications\/"},{"@type":"ListItem","position":3,"name":"Fractional Horse Power Brushes"}]},{"@type":"WebSite","@id":"http:\/\/teknikgrafit.com\/#website","url":"http:\/\/teknikgrafit.com\/","name":"Teknik Grafit | Expert in Graphite Manufacturing","description":"","publisher":{"@id":"http:\/\/teknikgrafit.com\/#organization"},"potentialAction":[{"@type":"SearchAction","target":{"@type":"EntryPoint","urlTemplate":"http:\/\/teknikgrafit.com\/?s={search_term_string}"},"query-input":{"@type":"PropertyValueSpecification","valueRequired":true,"valueName":"search_term_string"}}],"inLanguage":"tr"},{"@type":"Organization","@id":"http:\/\/teknikgrafit.com\/#organization","name":"Teknik Grafit | Expert in Graphite Manufacturing","url":"http:\/\/teknikgrafit.com\/","logo":{"@type":"ImageObject","inLanguage":"tr","@id":"http:\/\/teknikgrafit.com\/#\/schema\/logo\/image\/","url":"https:\/\/teknikgrafit.com\/wp-content\/uploads\/2020\/09\/cropped-logo_clipped_rev_1.png","contentUrl":"https:\/\/teknikgrafit.com\/wp-content\/uploads\/2020\/09\/cropped-logo_clipped_rev_1.png","width":300,"height":113,"caption":"Teknik Grafit | Expert in Graphite Manufacturing"},"image":{"@id":"http:\/\/teknikgrafit.com\/#\/schema\/logo\/image\/"}}]}},"jetpack_sharing_enabled":true,"_links":{"self":[{"href":"https:\/\/teknikgrafit.com\/tr\/wp-json\/wp\/v2\/pages\/598","targetHints":{"allow":["GET"]}}],"collection":[{"href":"https:\/\/teknikgrafit.com\/tr\/wp-json\/wp\/v2\/pages"}],"about":[{"href":"https:\/\/teknikgrafit.com\/tr\/wp-json\/wp\/v2\/types\/page"}],"author":[{"embeddable":true,"href":"https:\/\/teknikgrafit.com\/tr\/wp-json\/wp\/v2\/users\/1"}],"replies":[{"embeddable":true,"href":"https:\/\/teknikgrafit.com\/tr\/wp-json\/wp\/v2\/comments?post=598"}],"version-history":[{"count":7,"href":"https:\/\/teknikgrafit.com\/tr\/wp-json\/wp\/v2\/pages\/598\/revisions"}],"predecessor-version":[{"id":1130,"href":"https:\/\/teknikgrafit.com\/tr\/wp-json\/wp\/v2\/pages\/598\/revisions\/1130"}],"up":[{"embeddable":true,"href":"https:\/\/teknikgrafit.com\/tr\/wp-json\/wp\/v2\/pages\/570"}],"wp:attachment":[{"href":"https:\/\/teknikgrafit.com\/tr\/wp-json\/wp\/v2\/media?parent=598"}],"curies":[{"name":"wp","href":"https:\/\/api.w.org\/{rel}","templated":true}]}}