{"id":570,"date":"2020-07-16T17:24:33","date_gmt":"2020-07-16T17:24:33","guid":{"rendered":"http:\/\/teknikgrafit.com\/?page_id=570"},"modified":"2020-10-01T10:02:36","modified_gmt":"2020-10-01T10:02:36","slug":"electrical-applications","status":"publish","type":"page","link":"https:\/\/teknikgrafit.com\/tr\/electrical-applications\/","title":{"rendered":"Elektrik Uygulamalar\u0131"},"content":{"rendered":"<div data-elementor-type=\"wp-page\" data-elementor-id=\"570\" class=\"elementor elementor-570\">\n\t\t\t\t\t\t<section class=\"elementor-section elementor-top-section elementor-element elementor-element-5634fce elementor-section-boxed elementor-section-height-default elementor-section-height-default\" data-id=\"5634fce\" data-element_type=\"section\" data-settings=\"{&quot;background_background&quot;:&quot;classic&quot;}\">\n\t\t\t\t\t\t<div class=\"elementor-container elementor-column-gap-default\">\n\t\t\t\t\t<div class=\"elementor-column elementor-col-100 elementor-top-column elementor-element elementor-element-02b36ed\" data-id=\"02b36ed\" data-element_type=\"column\">\n\t\t\t<div class=\"elementor-widget-wrap elementor-element-populated\">\n\t\t\t\t\t\t<div class=\"elementor-element elementor-element-881ac5b elementor-invisible elementor-widget elementor-widget-heading\" data-id=\"881ac5b\" data-element_type=\"widget\" data-settings=\"{&quot;_animation&quot;:&quot;rotateInUpLeft&quot;}\" data-widget_type=\"heading.default\">\n\t\t\t\t<div class=\"elementor-widget-container\">\n\t\t\t\t\t<h2 class=\"elementor-heading-title elementor-size-default\">Elektrik Uygulamalar<\/h2>\t\t\t\t<\/div>\n\t\t\t\t<\/div>\n\t\t\t\t\t<\/div>\n\t\t<\/div>\n\t\t\t\t\t<\/div>\n\t\t<\/section>\n\t\t\t\t<section class=\"elementor-section elementor-top-section elementor-element elementor-element-1aaf738 elementor-section-boxed elementor-section-height-default elementor-section-height-default\" data-id=\"1aaf738\" data-element_type=\"section\">\n\t\t\t\t\t\t<div class=\"elementor-container elementor-column-gap-default\">\n\t\t\t\t\t<div class=\"elementor-column elementor-col-100 elementor-top-column elementor-element elementor-element-af686b9\" data-id=\"af686b9\" data-element_type=\"column\">\n\t\t\t<div class=\"elementor-widget-wrap elementor-element-populated\">\n\t\t\t\t\t\t<div class=\"elementor-element elementor-element-9bf6165 elementor-widget elementor-widget-text-editor\" data-id=\"9bf6165\" data-element_type=\"widget\" data-widget_type=\"text-editor.default\">\n\t\t\t\t<div class=\"elementor-widget-container\">\n\t\t\t\t\t\t\t\t\t<p>Grafitin daha ziyade elektriksel \u00f6zelliklerinden yararlan\u0131larak, elektrikli ekipmanlar\u0131n\nsabit ve hareketli par\u00e7alar\u0131 aras\u0131nda temas ve elektrik iletimi sa\u011flanmas\u0131 amac\u0131 ile\nkullan\u0131ld\u0131\u011f\u0131 sahalard\u0131r.<\/p>\t\t\t\t\t\t\t\t<\/div>\n\t\t\t\t<\/div>\n\t\t\t\t\t<\/div>\n\t\t<\/div>\n\t\t\t\t\t<\/div>\n\t\t<\/section>\n\t\t\t\t<section class=\"elementor-section elementor-top-section elementor-element elementor-element-63d9f15 elementor-section-boxed elementor-section-height-default elementor-section-height-default\" data-id=\"63d9f15\" data-element_type=\"section\">\n\t\t\t\t\t\t<div class=\"elementor-container elementor-column-gap-default\">\n\t\t\t\t\t<div class=\"elementor-column elementor-col-100 elementor-top-column elementor-element elementor-element-af84040\" data-id=\"af84040\" data-element_type=\"column\">\n\t\t\t<div class=\"elementor-widget-wrap elementor-element-populated\">\n\t\t\t\t\t\t<section class=\"elementor-section elementor-inner-section elementor-element elementor-element-0b12fbb elementor-section-boxed elementor-section-height-default elementor-section-height-default\" data-id=\"0b12fbb\" data-element_type=\"section\">\n\t\t\t\t\t\t<div class=\"elementor-container elementor-column-gap-default\">\n\t\t\t\t\t<div class=\"elementor-column elementor-col-50 elementor-inner-column elementor-element elementor-element-7442698\" data-id=\"7442698\" data-element_type=\"column\">\n\t\t\t<div class=\"elementor-widget-wrap elementor-element-populated\">\n\t\t\t\t\t\t<div class=\"elementor-element elementor-element-702b7bf elementor-position-top elementor-invisible elementor-widget elementor-widget-image-box\" data-id=\"702b7bf\" data-element_type=\"widget\" data-settings=\"{&quot;_animation&quot;:&quot;slideInLeft&quot;}\" data-widget_type=\"image-box.default\">\n\t\t\t\t<div class=\"elementor-widget-container\">\n\t\t\t\t\t<div class=\"elementor-image-box-wrapper\"><figure class=\"elementor-image-box-img\"><a href=\"http:\/\/teknikgrafit.com\/tr\/carbon-brushes\/industrial-carbon-brushes\/\" tabindex=\"-1\"><img fetchpriority=\"high\" decoding=\"async\" width=\"778\" height=\"583\" src=\"https:\/\/teknikgrafit.com\/wp-content\/uploads\/2020\/09\/1_1_Endustriyel-fircalar_clipped_rev_1.jpeg\" class=\"attachment-full size-full wp-image-1014\" alt=\"\" srcset=\"https:\/\/teknikgrafit.com\/wp-content\/uploads\/2020\/09\/1_1_Endustriyel-fircalar_clipped_rev_1.jpeg 778w, https:\/\/teknikgrafit.com\/wp-content\/uploads\/2020\/09\/1_1_Endustriyel-fircalar_clipped_rev_1-300x225.jpeg 300w, https:\/\/teknikgrafit.com\/wp-content\/uploads\/2020\/09\/1_1_Endustriyel-fircalar_clipped_rev_1-768x576.jpeg 768w\" sizes=\"(max-width: 778px) 100vw, 778px\" \/><\/a><\/figure><div class=\"elementor-image-box-content\"><h3 class=\"elementor-image-box-title\"><a href=\"http:\/\/teknikgrafit.com\/tr\/carbon-brushes\/industrial-carbon-brushes\/\">End\u00fcstriyel K\u00f6m\u00fcr F\u0131r\u00e7alar<\/a><\/h3><\/div><\/div>\t\t\t\t<\/div>\n\t\t\t\t<\/div>\n\t\t\t\t\t<\/div>\n\t\t<\/div>\n\t\t\t\t<div class=\"elementor-column elementor-col-50 elementor-inner-column elementor-element elementor-element-bef584c\" data-id=\"bef584c\" data-element_type=\"column\">\n\t\t\t<div class=\"elementor-widget-wrap elementor-element-populated\">\n\t\t\t\t\t\t<div class=\"elementor-element elementor-element-b02c09f elementor-position-top elementor-invisible elementor-widget elementor-widget-image-box\" data-id=\"b02c09f\" data-element_type=\"widget\" data-settings=\"{&quot;_animation&quot;:&quot;slideInRight&quot;}\" data-widget_type=\"image-box.default\">\n\t\t\t\t<div class=\"elementor-widget-container\">\n\t\t\t\t\t<div class=\"elementor-image-box-wrapper\"><figure class=\"elementor-image-box-img\"><a href=\"http:\/\/teknikgrafit.com\/tr\/carbon-brushes\/fractional-horse-power-brushes\/\" tabindex=\"-1\"><img decoding=\"async\" width=\"746\" height=\"560\" src=\"https:\/\/teknikgrafit.com\/wp-content\/uploads\/2020\/09\/1_2_Elaletleri_Evgerecleri_clipped_rev_1.png\" class=\"attachment-full size-full wp-image-1016\" alt=\"\" srcset=\"https:\/\/teknikgrafit.com\/wp-content\/uploads\/2020\/09\/1_2_Elaletleri_Evgerecleri_clipped_rev_1.png 746w, https:\/\/teknikgrafit.com\/wp-content\/uploads\/2020\/09\/1_2_Elaletleri_Evgerecleri_clipped_rev_1-300x225.png 300w\" sizes=\"(max-width: 746px) 100vw, 746px\" \/><\/a><\/figure><div class=\"elementor-image-box-content\"><h3 class=\"elementor-image-box-title\"><a href=\"http:\/\/teknikgrafit.com\/tr\/carbon-brushes\/fractional-horse-power-brushes\/\">El Aletleri K\u00f6m\u00fcr F\u0131r\u00e7alar\u0131<\/a><\/h3><\/div><\/div>\t\t\t\t<\/div>\n\t\t\t\t<\/div>\n\t\t\t\t\t<\/div>\n\t\t<\/div>\n\t\t\t\t\t<\/div>\n\t\t<\/section>\n\t\t\t\t<section class=\"elementor-section elementor-inner-section elementor-element elementor-element-c434cb1 elementor-section-boxed elementor-section-height-default elementor-section-height-default\" data-id=\"c434cb1\" data-element_type=\"section\">\n\t\t\t\t\t\t<div class=\"elementor-container elementor-column-gap-default\">\n\t\t\t\t\t<div class=\"elementor-column elementor-col-50 elementor-inner-column elementor-element elementor-element-07d3d5e\" data-id=\"07d3d5e\" data-element_type=\"column\">\n\t\t\t<div class=\"elementor-widget-wrap elementor-element-populated\">\n\t\t\t\t\t\t<div class=\"elementor-element elementor-element-22ed4b6 elementor-position-top elementor-invisible elementor-widget elementor-widget-image-box\" data-id=\"22ed4b6\" data-element_type=\"widget\" data-settings=\"{&quot;_animation&quot;:&quot;slideInLeft&quot;}\" data-widget_type=\"image-box.default\">\n\t\t\t\t<div class=\"elementor-widget-container\">\n\t\t\t\t\t<div class=\"elementor-image-box-wrapper\"><figure class=\"elementor-image-box-img\"><a href=\"http:\/\/teknikgrafit.com\/tr\/carbon-brushes\/variac-rollers\/\" tabindex=\"-1\"><img decoding=\"async\" width=\"778\" height=\"583\" src=\"https:\/\/teknikgrafit.com\/wp-content\/uploads\/2020\/09\/1_3_Temas_komurleri_clipped_rev_1.jpeg\" class=\"attachment-full size-full wp-image-1017\" alt=\"\" srcset=\"https:\/\/teknikgrafit.com\/wp-content\/uploads\/2020\/09\/1_3_Temas_komurleri_clipped_rev_1.jpeg 778w, https:\/\/teknikgrafit.com\/wp-content\/uploads\/2020\/09\/1_3_Temas_komurleri_clipped_rev_1-300x225.jpeg 300w, https:\/\/teknikgrafit.com\/wp-content\/uploads\/2020\/09\/1_3_Temas_komurleri_clipped_rev_1-768x576.jpeg 768w\" sizes=\"(max-width: 778px) 100vw, 778px\" \/><\/a><\/figure><div class=\"elementor-image-box-content\"><h3 class=\"elementor-image-box-title\"><a href=\"http:\/\/teknikgrafit.com\/tr\/carbon-brushes\/variac-rollers\/\">Temas K\u00f6m\u00fcrleri<\/a><\/h3><\/div><\/div>\t\t\t\t<\/div>\n\t\t\t\t<\/div>\n\t\t\t\t\t<\/div>\n\t\t<\/div>\n\t\t\t\t<div class=\"elementor-column elementor-col-50 elementor-inner-column elementor-element elementor-element-4867911\" data-id=\"4867911\" data-element_type=\"column\">\n\t\t\t<div class=\"elementor-widget-wrap elementor-element-populated\">\n\t\t\t\t\t\t<div class=\"elementor-element elementor-element-09b4810 elementor-position-top elementor-invisible elementor-widget elementor-widget-image-box\" data-id=\"09b4810\" data-element_type=\"widget\" data-settings=\"{&quot;_animation&quot;:&quot;slideInRight&quot;}\" data-widget_type=\"image-box.default\">\n\t\t\t\t<div class=\"elementor-widget-container\">\n\t\t\t\t\t<div class=\"elementor-image-box-wrapper\"><figure class=\"elementor-image-box-img\"><a href=\"http:\/\/teknikgrafit.com\/tr\/carbon-brushes\/variac-rollers\/\" tabindex=\"-1\"><img loading=\"lazy\" decoding=\"async\" width=\"778\" height=\"583\" src=\"https:\/\/teknikgrafit.com\/wp-content\/uploads\/2020\/09\/1_4_Varyak_rulolari_clipped_rev_1.jpeg\" class=\"attachment-full size-full wp-image-1001\" alt=\"\" srcset=\"https:\/\/teknikgrafit.com\/wp-content\/uploads\/2020\/09\/1_4_Varyak_rulolari_clipped_rev_1.jpeg 778w, https:\/\/teknikgrafit.com\/wp-content\/uploads\/2020\/09\/1_4_Varyak_rulolari_clipped_rev_1-300x225.jpeg 300w, https:\/\/teknikgrafit.com\/wp-content\/uploads\/2020\/09\/1_4_Varyak_rulolari_clipped_rev_1-768x576.jpeg 768w\" sizes=\"(max-width: 778px) 100vw, 778px\" \/><\/a><\/figure><div class=\"elementor-image-box-content\"><h3 class=\"elementor-image-box-title\"><a href=\"http:\/\/teknikgrafit.com\/tr\/carbon-brushes\/variac-rollers\/\">Varyak Rulolar\u0131<\/a><\/h3><\/div><\/div>\t\t\t\t<\/div>\n\t\t\t\t<\/div>\n\t\t\t\t\t<\/div>\n\t\t<\/div>\n\t\t\t\t\t<\/div>\n\t\t<\/section>\n\t\t\t\t\t<\/div>\n\t\t<\/div>\n\t\t\t\t\t<\/div>\n\t\t<\/section>\n\t\t\t\t<\/div>","protected":false},"excerpt":{"rendered":"<p>ElECTRICAL APPLICATIONS Our products used in electrical applications are perfected for providing contact and conducting electricity between moving and stationary components of electrical appliances. Industrial Carbon Brushes Fractional HorsePower Brushes ELECTRICAL CONTACTS VARIAC ROLLERS<\/p>","protected":false},"author":1,"featured_media":0,"parent":0,"menu_order":0,"comment_status":"closed","ping_status":"closed","template":"","meta":{"footnotes":""},"class_list":["post-570","page","type-page","status-publish","hentry"],"yoast_head":"<!-- This site is optimized with the Yoast SEO plugin v26.9 - https:\/\/yoast.com\/product\/yoast-seo-wordpress\/ -->\n<title>Electrical Applications - Teknik Grafit | Expert in Graphite Manufacturing<\/title>\n<meta name=\"robots\" content=\"index, follow, max-snippet:-1, max-image-preview:large, max-video-preview:-1\" \/>\n<link rel=\"canonical\" href=\"http:\/\/teknikgrafit.com\/tr\/electrical-applications\/\" \/>\n<meta property=\"og:locale\" content=\"tr_TR\" \/>\n<meta property=\"og:type\" content=\"article\" \/>\n<meta property=\"og:title\" content=\"Electrical Applications - Teknik Grafit | Expert in Graphite Manufacturing\" \/>\n<meta property=\"og:description\" content=\"ElECTRICAL APPLICATIONS Our products used in electrical applications are perfected for providing contact and conducting electricity between moving and stationary components of electrical appliances. Industrial Carbon Brushes Fractional HorsePower Brushes ELECTRICAL CONTACTS VARIAC ROLLERS\" \/>\n<meta property=\"og:url\" content=\"http:\/\/teknikgrafit.com\/tr\/electrical-applications\/\" \/>\n<meta property=\"og:site_name\" content=\"Teknik Grafit | Expert in Graphite Manufacturing\" \/>\n<meta property=\"article:modified_time\" content=\"2020-10-01T10:02:36+00:00\" \/>\n<meta property=\"og:image\" content=\"http:\/\/teknikgrafit.com\/wp-content\/uploads\/2020\/09\/1_1_Endustriyel-fircalar_clipped_rev_1.jpeg\" \/>\n<meta name=\"twitter:card\" content=\"summary_large_image\" \/>\n<script type=\"application\/ld+json\" class=\"yoast-schema-graph\">{\"@context\":\"https:\/\/schema.org\",\"@graph\":[{\"@type\":\"WebPage\",\"@id\":\"http:\/\/teknikgrafit.com\/tr\/electrical-applications\/\",\"url\":\"http:\/\/teknikgrafit.com\/tr\/electrical-applications\/\",\"name\":\"Electrical Applications - Teknik Grafit | Expert in Graphite Manufacturing\",\"isPartOf\":{\"@id\":\"http:\/\/teknikgrafit.com\/#website\"},\"primaryImageOfPage\":{\"@id\":\"http:\/\/teknikgrafit.com\/tr\/electrical-applications\/#primaryimage\"},\"image\":{\"@id\":\"http:\/\/teknikgrafit.com\/tr\/electrical-applications\/#primaryimage\"},\"thumbnailUrl\":\"http:\/\/teknikgrafit.com\/wp-content\/uploads\/2020\/09\/1_1_Endustriyel-fircalar_clipped_rev_1.jpeg\",\"datePublished\":\"2020-07-16T17:24:33+00:00\",\"dateModified\":\"2020-10-01T10:02:36+00:00\",\"breadcrumb\":{\"@id\":\"http:\/\/teknikgrafit.com\/tr\/electrical-applications\/#breadcrumb\"},\"inLanguage\":\"tr\",\"potentialAction\":[{\"@type\":\"ReadAction\",\"target\":[\"http:\/\/teknikgrafit.com\/tr\/electrical-applications\/\"]}]},{\"@type\":\"ImageObject\",\"inLanguage\":\"tr\",\"@id\":\"http:\/\/teknikgrafit.com\/tr\/electrical-applications\/#primaryimage\",\"url\":\"http:\/\/teknikgrafit.com\/wp-content\/uploads\/2020\/09\/1_1_Endustriyel-fircalar_clipped_rev_1.jpeg\",\"contentUrl\":\"http:\/\/teknikgrafit.com\/wp-content\/uploads\/2020\/09\/1_1_Endustriyel-fircalar_clipped_rev_1.jpeg\"},{\"@type\":\"BreadcrumbList\",\"@id\":\"http:\/\/teknikgrafit.com\/tr\/electrical-applications\/#breadcrumb\",\"itemListElement\":[{\"@type\":\"ListItem\",\"position\":1,\"name\":\"Home\",\"item\":\"http:\/\/teknikgrafit.com\/\"},{\"@type\":\"ListItem\",\"position\":2,\"name\":\"Electrical Applications\"}]},{\"@type\":\"WebSite\",\"@id\":\"http:\/\/teknikgrafit.com\/#website\",\"url\":\"http:\/\/teknikgrafit.com\/\",\"name\":\"Teknik Grafit | Expert in Graphite Manufacturing\",\"description\":\"\",\"publisher\":{\"@id\":\"http:\/\/teknikgrafit.com\/#organization\"},\"potentialAction\":[{\"@type\":\"SearchAction\",\"target\":{\"@type\":\"EntryPoint\",\"urlTemplate\":\"http:\/\/teknikgrafit.com\/?s={search_term_string}\"},\"query-input\":{\"@type\":\"PropertyValueSpecification\",\"valueRequired\":true,\"valueName\":\"search_term_string\"}}],\"inLanguage\":\"tr\"},{\"@type\":\"Organization\",\"@id\":\"http:\/\/teknikgrafit.com\/#organization\",\"name\":\"Teknik Grafit | Expert in Graphite Manufacturing\",\"url\":\"http:\/\/teknikgrafit.com\/\",\"logo\":{\"@type\":\"ImageObject\",\"inLanguage\":\"tr\",\"@id\":\"http:\/\/teknikgrafit.com\/#\/schema\/logo\/image\/\",\"url\":\"https:\/\/teknikgrafit.com\/wp-content\/uploads\/2020\/09\/cropped-logo_clipped_rev_1.png\",\"contentUrl\":\"https:\/\/teknikgrafit.com\/wp-content\/uploads\/2020\/09\/cropped-logo_clipped_rev_1.png\",\"width\":300,\"height\":113,\"caption\":\"Teknik Grafit | Expert in Graphite Manufacturing\"},\"image\":{\"@id\":\"http:\/\/teknikgrafit.com\/#\/schema\/logo\/image\/\"}}]}<\/script>\n<!-- \/ Yoast SEO plugin. -->","yoast_head_json":{"title":"Electrical Applications - Teknik Grafit | Expert in Graphite Manufacturing","robots":{"index":"index","follow":"follow","max-snippet":"max-snippet:-1","max-image-preview":"max-image-preview:large","max-video-preview":"max-video-preview:-1"},"canonical":"http:\/\/teknikgrafit.com\/tr\/electrical-applications\/","og_locale":"tr_TR","og_type":"article","og_title":"Electrical Applications - Teknik Grafit | Expert in Graphite Manufacturing","og_description":"ElECTRICAL APPLICATIONS Our products used in electrical applications are perfected for providing contact and conducting electricity between moving and stationary components of electrical appliances. Industrial Carbon Brushes Fractional HorsePower Brushes ELECTRICAL CONTACTS VARIAC ROLLERS","og_url":"http:\/\/teknikgrafit.com\/tr\/electrical-applications\/","og_site_name":"Teknik Grafit | Expert in Graphite Manufacturing","article_modified_time":"2020-10-01T10:02:36+00:00","og_image":[{"url":"http:\/\/teknikgrafit.com\/wp-content\/uploads\/2020\/09\/1_1_Endustriyel-fircalar_clipped_rev_1.jpeg","type":"","width":"","height":""}],"twitter_card":"summary_large_image","schema":{"@context":"https:\/\/schema.org","@graph":[{"@type":"WebPage","@id":"http:\/\/teknikgrafit.com\/tr\/electrical-applications\/","url":"http:\/\/teknikgrafit.com\/tr\/electrical-applications\/","name":"Electrical Applications - Teknik Grafit | Expert in Graphite Manufacturing","isPartOf":{"@id":"http:\/\/teknikgrafit.com\/#website"},"primaryImageOfPage":{"@id":"http:\/\/teknikgrafit.com\/tr\/electrical-applications\/#primaryimage"},"image":{"@id":"http:\/\/teknikgrafit.com\/tr\/electrical-applications\/#primaryimage"},"thumbnailUrl":"http:\/\/teknikgrafit.com\/wp-content\/uploads\/2020\/09\/1_1_Endustriyel-fircalar_clipped_rev_1.jpeg","datePublished":"2020-07-16T17:24:33+00:00","dateModified":"2020-10-01T10:02:36+00:00","breadcrumb":{"@id":"http:\/\/teknikgrafit.com\/tr\/electrical-applications\/#breadcrumb"},"inLanguage":"tr","potentialAction":[{"@type":"ReadAction","target":["http:\/\/teknikgrafit.com\/tr\/electrical-applications\/"]}]},{"@type":"ImageObject","inLanguage":"tr","@id":"http:\/\/teknikgrafit.com\/tr\/electrical-applications\/#primaryimage","url":"http:\/\/teknikgrafit.com\/wp-content\/uploads\/2020\/09\/1_1_Endustriyel-fircalar_clipped_rev_1.jpeg","contentUrl":"http:\/\/teknikgrafit.com\/wp-content\/uploads\/2020\/09\/1_1_Endustriyel-fircalar_clipped_rev_1.jpeg"},{"@type":"BreadcrumbList","@id":"http:\/\/teknikgrafit.com\/tr\/electrical-applications\/#breadcrumb","itemListElement":[{"@type":"ListItem","position":1,"name":"Home","item":"http:\/\/teknikgrafit.com\/"},{"@type":"ListItem","position":2,"name":"Electrical Applications"}]},{"@type":"WebSite","@id":"http:\/\/teknikgrafit.com\/#website","url":"http:\/\/teknikgrafit.com\/","name":"Teknik Grafit | Expert in Graphite Manufacturing","description":"","publisher":{"@id":"http:\/\/teknikgrafit.com\/#organization"},"potentialAction":[{"@type":"SearchAction","target":{"@type":"EntryPoint","urlTemplate":"http:\/\/teknikgrafit.com\/?s={search_term_string}"},"query-input":{"@type":"PropertyValueSpecification","valueRequired":true,"valueName":"search_term_string"}}],"inLanguage":"tr"},{"@type":"Organization","@id":"http:\/\/teknikgrafit.com\/#organization","name":"Teknik Grafit | Expert in Graphite Manufacturing","url":"http:\/\/teknikgrafit.com\/","logo":{"@type":"ImageObject","inLanguage":"tr","@id":"http:\/\/teknikgrafit.com\/#\/schema\/logo\/image\/","url":"https:\/\/teknikgrafit.com\/wp-content\/uploads\/2020\/09\/cropped-logo_clipped_rev_1.png","contentUrl":"https:\/\/teknikgrafit.com\/wp-content\/uploads\/2020\/09\/cropped-logo_clipped_rev_1.png","width":300,"height":113,"caption":"Teknik Grafit | Expert in Graphite Manufacturing"},"image":{"@id":"http:\/\/teknikgrafit.com\/#\/schema\/logo\/image\/"}}]}},"jetpack_sharing_enabled":true,"_links":{"self":[{"href":"https:\/\/teknikgrafit.com\/tr\/wp-json\/wp\/v2\/pages\/570","targetHints":{"allow":["GET"]}}],"collection":[{"href":"https:\/\/teknikgrafit.com\/tr\/wp-json\/wp\/v2\/pages"}],"about":[{"href":"https:\/\/teknikgrafit.com\/tr\/wp-json\/wp\/v2\/types\/page"}],"author":[{"embeddable":true,"href":"https:\/\/teknikgrafit.com\/tr\/wp-json\/wp\/v2\/users\/1"}],"replies":[{"embeddable":true,"href":"https:\/\/teknikgrafit.com\/tr\/wp-json\/wp\/v2\/comments?post=570"}],"version-history":[{"count":55,"href":"https:\/\/teknikgrafit.com\/tr\/wp-json\/wp\/v2\/pages\/570\/revisions"}],"predecessor-version":[{"id":1245,"href":"https:\/\/teknikgrafit.com\/tr\/wp-json\/wp\/v2\/pages\/570\/revisions\/1245"}],"wp:attachment":[{"href":"https:\/\/teknikgrafit.com\/tr\/wp-json\/wp\/v2\/media?parent=570"}],"curies":[{"name":"wp","href":"https:\/\/api.w.org\/{rel}","templated":true}]}}