{"id":5,"date":"2018-11-27T09:17:08","date_gmt":"2018-11-27T09:17:08","guid":{"rendered":"http:\/\/teknikgrafit.com\/about\/"},"modified":"2020-10-03T11:36:54","modified_gmt":"2020-10-03T11:36:54","slug":"about","status":"publish","type":"page","link":"https:\/\/teknikgrafit.com\/tr\/about\/","title":{"rendered":"Hakk\u0131m\u0131zda"},"content":{"rendered":"<div data-elementor-type=\"wp-post\" data-elementor-id=\"5\" class=\"elementor elementor-5\">\n\t\t\t\t\t\t<section class=\"elementor-section elementor-top-section elementor-element elementor-element-d7d8b56 elementor-section-boxed elementor-section-height-default elementor-section-height-default\" data-id=\"d7d8b56\" data-element_type=\"section\" data-settings=\"{&quot;background_background&quot;:&quot;classic&quot;}\">\n\t\t\t\t\t\t\t<div class=\"elementor-background-overlay\"><\/div>\n\t\t\t\t\t\t\t<div class=\"elementor-container elementor-column-gap-default\">\n\t\t\t\t\t<div class=\"elementor-column elementor-col-33 elementor-top-column elementor-element elementor-element-b3d335b\" data-id=\"b3d335b\" data-element_type=\"column\">\n\t\t\t<div class=\"elementor-widget-wrap\">\n\t\t\t\t\t\t\t<\/div>\n\t\t<\/div>\n\t\t\t\t<div class=\"elementor-column elementor-col-33 elementor-top-column elementor-element elementor-element-fd69444\" data-id=\"fd69444\" data-element_type=\"column\">\n\t\t\t<div class=\"elementor-widget-wrap elementor-element-populated\">\n\t\t\t\t\t\t<div class=\"elementor-element elementor-element-abcc2f2 elementor-widget elementor-widget-heading\" data-id=\"abcc2f2\" data-element_type=\"widget\" data-widget_type=\"heading.default\">\n\t\t\t\t<div class=\"elementor-widget-container\">\n\t\t\t\t\t<h1 class=\"elementor-heading-title elementor-size-default\">Hakk\u0131m\u0131zda<\/h1>\t\t\t\t<\/div>\n\t\t\t\t<\/div>\n\t\t\t\t\t<\/div>\n\t\t<\/div>\n\t\t\t\t<div class=\"elementor-column elementor-col-33 elementor-top-column elementor-element elementor-element-674669b\" data-id=\"674669b\" data-element_type=\"column\">\n\t\t\t<div class=\"elementor-widget-wrap\">\n\t\t\t\t\t\t\t<\/div>\n\t\t<\/div>\n\t\t\t\t\t<\/div>\n\t\t<\/section>\n\t\t\t\t<section class=\"elementor-section elementor-top-section elementor-element elementor-element-5c40d7b elementor-section-boxed elementor-section-height-default elementor-section-height-default\" data-id=\"5c40d7b\" data-element_type=\"section\">\n\t\t\t\t\t\t<div class=\"elementor-container elementor-column-gap-default\">\n\t\t\t\t\t<div class=\"elementor-column elementor-col-50 elementor-top-column elementor-element elementor-element-2ebbf9c\" data-id=\"2ebbf9c\" data-element_type=\"column\">\n\t\t\t<div class=\"elementor-widget-wrap elementor-element-populated\">\n\t\t\t\t\t\t<div class=\"elementor-element elementor-element-fe195c7 elementor-widget elementor-widget-heading\" data-id=\"fe195c7\" data-element_type=\"widget\" data-widget_type=\"heading.default\">\n\t\t\t\t<div class=\"elementor-widget-container\">\n\t\t\t\t\t<h2 class=\"elementor-heading-title elementor-size-default\">K\u0131sa Bir Bak\u0131\u015f<\/h2>\t\t\t\t<\/div>\n\t\t\t\t<\/div>\n\t\t\t\t<div class=\"elementor-element elementor-element-dc051dd elementor-widget-divider--view-line elementor-widget elementor-widget-divider\" data-id=\"dc051dd\" data-element_type=\"widget\" data-widget_type=\"divider.default\">\n\t\t\t\t<div class=\"elementor-widget-container\">\n\t\t\t\t\t\t\t<div class=\"elementor-divider\">\n\t\t\t<span class=\"elementor-divider-separator\">\n\t\t\t\t\t\t<\/span>\n\t\t<\/div>\n\t\t\t\t\t\t<\/div>\n\t\t\t\t<\/div>\n\t\t\t\t<div class=\"elementor-element elementor-element-5dcd18a elementor-widget elementor-widget-text-editor\" data-id=\"5dcd18a\" data-element_type=\"widget\" data-widget_type=\"text-editor.default\">\n\t\t\t\t<div class=\"elementor-widget-container\">\n\t\t\t\t\t\t\t\t\t<p>&nbsp; Teknik Grafit, personelinin 30 seneyi a\u015fk\u0131n tecr\u00fcbesi sayesinde, Elektrik, Mekanik, Metall\u00fcrji uygulamalar\u0131 ile ilgili sekt\u00f6rlerin,\nkarbon ve grafit esasl\u0131 her t\u00fcrl\u00fc orijinal ve yedek par\u00e7a gereksinimlerini\n\u00fcretmek \u00fczere kurulmu\u015f bir \u015firkettir.<br>&nbsp; Sekt\u00f6r\u00fcn sayg\u0131n firmalar\u0131yla uzun y\u0131llara dayanan teknik dayan\u0131\u015fma ve\nzaman\u0131nda yap\u0131lan teknolojik yat\u0131r\u0131mlar\u0131m\u0131z sayesinde, g\u00fcn\u00fcm\u00fczde hemen\nhemen t\u00fcm grafit par\u00e7a ihtiya\u00e7lar\u0131n\u0131z\u0131, geni\u015f \u00fcretim yelpazemizle  zaman\u0131nda\nkar\u015f\u0131layabilecek g\u00fcvenilir bir orta\u011f\u0131n\u0131z\u0131z.<\/p>\t\t\t\t\t\t\t\t<\/div>\n\t\t\t\t<\/div>\n\t\t\t\t\t<\/div>\n\t\t<\/div>\n\t\t\t\t<div class=\"elementor-column elementor-col-50 elementor-top-column elementor-element elementor-element-e5fdae0\" data-id=\"e5fdae0\" data-element_type=\"column\">\n\t\t\t<div class=\"elementor-widget-wrap elementor-element-populated\">\n\t\t\t\t\t\t<div class=\"elementor-element elementor-element-96b5b53 elementor-widget elementor-widget-image\" data-id=\"96b5b53\" data-element_type=\"widget\" data-widget_type=\"image.default\">\n\t\t\t\t<div class=\"elementor-widget-container\">\n\t\t\t\t\t\t\t\t\t\t\t\t\t\t\t<img fetchpriority=\"high\" decoding=\"async\" width=\"1280\" height=\"853\" src=\"https:\/\/teknikgrafit.com\/wp-content\/uploads\/2020\/07\/social-media-scrabble-social-5217024.jpg\" class=\"attachment-full size-full wp-image-560\" alt=\"social media, scrabble, social\" srcset=\"https:\/\/teknikgrafit.com\/wp-content\/uploads\/2020\/07\/social-media-scrabble-social-5217024.jpg 1280w, https:\/\/teknikgrafit.com\/wp-content\/uploads\/2020\/07\/social-media-scrabble-social-5217024-300x200.jpg 300w, https:\/\/teknikgrafit.com\/wp-content\/uploads\/2020\/07\/social-media-scrabble-social-5217024-1024x682.jpg 1024w, https:\/\/teknikgrafit.com\/wp-content\/uploads\/2020\/07\/social-media-scrabble-social-5217024-768x512.jpg 768w\" sizes=\"(max-width: 1280px) 100vw, 1280px\" \/>\t\t\t\t\t\t\t\t\t\t\t\t\t\t\t<\/div>\n\t\t\t\t<\/div>\n\t\t\t\t\t<\/div>\n\t\t<\/div>\n\t\t\t\t\t<\/div>\n\t\t<\/section>\n\t\t\t\t<section class=\"elementor-section elementor-top-section elementor-element elementor-element-e90a943 elementor-section-boxed elementor-section-height-default elementor-section-height-default\" data-id=\"e90a943\" data-element_type=\"section\">\n\t\t\t\t\t\t<div class=\"elementor-container elementor-column-gap-default\">\n\t\t\t\t\t<div class=\"elementor-column elementor-col-50 elementor-top-column elementor-element elementor-element-2126f92\" data-id=\"2126f92\" data-element_type=\"column\">\n\t\t\t<div class=\"elementor-widget-wrap elementor-element-populated\">\n\t\t\t\t\t\t<div class=\"elementor-element elementor-element-43a347a elementor-widget elementor-widget-heading\" data-id=\"43a347a\" data-element_type=\"widget\" data-widget_type=\"heading.default\">\n\t\t\t\t<div class=\"elementor-widget-container\">\n\t\t\t\t\t<h4 class=\"elementor-heading-title elementor-size-default\">Misyonumuz<\/h4>\t\t\t\t<\/div>\n\t\t\t\t<\/div>\n\t\t\t\t<div class=\"elementor-element elementor-element-7818b1a elementor-widget-divider--view-line elementor-widget elementor-widget-divider\" data-id=\"7818b1a\" data-element_type=\"widget\" data-widget_type=\"divider.default\">\n\t\t\t\t<div class=\"elementor-widget-container\">\n\t\t\t\t\t\t\t<div class=\"elementor-divider\">\n\t\t\t<span class=\"elementor-divider-separator\">\n\t\t\t\t\t\t<\/span>\n\t\t<\/div>\n\t\t\t\t\t\t<\/div>\n\t\t\t\t<\/div>\n\t\t\t\t<div class=\"elementor-element elementor-element-d8f9f49 elementor-widget elementor-widget-text-editor\" data-id=\"d8f9f49\" data-element_type=\"widget\" data-widget_type=\"text-editor.default\">\n\t\t\t\t<div class=\"elementor-widget-container\">\n\t\t\t\t\t\t\t\t\t<p>\u015eirket olarak amac\u0131m\u0131z de\u011ferli m\u00fc\u015fterilerimize m\u00fcmk\u00fcn olan en uygun fiyat\u0131 hak ettikleri en iyi kalitede sunmakt\u0131r. M\u00fc\u015fteri memnuniyeti ve kendimizi geli\u015ftirme ama\u00e7l\u0131 yeni teknoloji yat\u0131r\u0131m\u0131n\u0131 misyon olarak belirlemi\u015f bir \u015firket olarak, \u015firketimizin t\u00fcm mensuplar\u0131 bu misyonu ger\u00e7ekle\u015ftirmek \u00fczere birlikte \u00e7al\u0131\u015facakt\u0131r.<\/p>\t\t\t\t\t\t\t\t<\/div>\n\t\t\t\t<\/div>\n\t\t\t\t\t<\/div>\n\t\t<\/div>\n\t\t\t\t<div class=\"elementor-column elementor-col-50 elementor-top-column elementor-element elementor-element-e03a328\" data-id=\"e03a328\" data-element_type=\"column\">\n\t\t\t<div class=\"elementor-widget-wrap elementor-element-populated\">\n\t\t\t\t\t\t<div class=\"elementor-element elementor-element-903c186 elementor-widget elementor-widget-heading\" data-id=\"903c186\" data-element_type=\"widget\" data-widget_type=\"heading.default\">\n\t\t\t\t<div class=\"elementor-widget-container\">\n\t\t\t\t\t<h4 class=\"elementor-heading-title elementor-size-default\">Vizyonumuz<\/h4>\t\t\t\t<\/div>\n\t\t\t\t<\/div>\n\t\t\t\t<div class=\"elementor-element elementor-element-23d597c elementor-widget-divider--view-line elementor-widget elementor-widget-divider\" data-id=\"23d597c\" data-element_type=\"widget\" data-widget_type=\"divider.default\">\n\t\t\t\t<div class=\"elementor-widget-container\">\n\t\t\t\t\t\t\t<div class=\"elementor-divider\">\n\t\t\t<span class=\"elementor-divider-separator\">\n\t\t\t\t\t\t<\/span>\n\t\t<\/div>\n\t\t\t\t\t\t<\/div>\n\t\t\t\t<\/div>\n\t\t\t\t<div class=\"elementor-element elementor-element-6d1a71e elementor-widget elementor-widget-text-editor\" data-id=\"6d1a71e\" data-element_type=\"widget\" data-widget_type=\"text-editor.default\">\n\t\t\t\t<div class=\"elementor-widget-container\">\n\t\t\t\t\t\t\t\t\t<p>Vizyonumuz, hep \u00fcst seviye kalite de karbon ve grafit imalat eden T\u00fcrk k\u00f6kenli bir \u015firket olmak ve bu miras\u0131 gelecek nesillere ta\u015f\u0131makt\u0131r.<\/p>\t\t\t\t\t\t\t\t<\/div>\n\t\t\t\t<\/div>\n\t\t\t\t\t<\/div>\n\t\t<\/div>\n\t\t\t\t\t<\/div>\n\t\t<\/section>\n\t\t\t\t<\/div>","protected":false},"excerpt":{"rendered":"<p>Who We Are? A Glimpse &nbsp; With more than 30 years of experience, Teknik Grafit was founded to fill the needs of carbon and graphite based products used in sectors related to electrical, mechanical and metallurgical in Turkey.&nbsp; Our investment in technology and good relationship with our respected business partners, enables us to now provide &hellip;<\/p>\n<p class=\"read-more\"> <a class=\"\" href=\"https:\/\/teknikgrafit.com\/tr\/about\/\"> <span class=\"screen-reader-text\">Hakk\u0131m\u0131zda<\/span> Read More &raquo;<\/a><\/p>","protected":false},"author":1,"featured_media":0,"parent":0,"menu_order":0,"comment_status":"closed","ping_status":"closed","template":"","meta":{"footnotes":""},"class_list":["post-5","page","type-page","status-publish","hentry"],"yoast_head":"<!-- This site is optimized with the Yoast SEO plugin v26.9 - https:\/\/yoast.com\/product\/yoast-seo-wordpress\/ -->\n<title>About - Teknik Grafit | Expert in Graphite Manufacturing<\/title>\n<meta name=\"robots\" content=\"index, follow, max-snippet:-1, max-image-preview:large, max-video-preview:-1\" \/>\n<link rel=\"canonical\" href=\"https:\/\/teknikgrafit.com\/tr\/about\/\" \/>\n<meta property=\"og:locale\" content=\"tr_TR\" \/>\n<meta property=\"og:type\" content=\"article\" \/>\n<meta property=\"og:title\" content=\"About - Teknik Grafit | Expert in Graphite Manufacturing\" \/>\n<meta property=\"og:description\" content=\"Who We Are? A Glimpse &nbsp; With more than 30 years of experience, Teknik Grafit was founded to fill the needs of carbon and graphite based products used in sectors related to electrical, mechanical and metallurgical in Turkey.&nbsp; Our investment in technology and good relationship with our respected business partners, enables us to now provide &hellip; About Read More &raquo;\" \/>\n<meta property=\"og:url\" content=\"https:\/\/teknikgrafit.com\/tr\/about\/\" \/>\n<meta property=\"og:site_name\" content=\"Teknik Grafit | Expert in Graphite Manufacturing\" \/>\n<meta property=\"article:modified_time\" content=\"2020-10-03T11:36:54+00:00\" \/>\n<meta property=\"og:image\" content=\"http:\/\/teknikgrafit.com\/wp-content\/uploads\/2020\/07\/social-media-scrabble-social-5217024.jpg\" \/>\n<meta name=\"twitter:card\" content=\"summary_large_image\" \/>\n<meta name=\"twitter:label1\" content=\"Tahmini okuma s\u00fcresi\" \/>\n\t<meta name=\"twitter:data1\" content=\"1 dakika\" \/>\n<script type=\"application\/ld+json\" class=\"yoast-schema-graph\">{\"@context\":\"https:\/\/schema.org\",\"@graph\":[{\"@type\":\"WebPage\",\"@id\":\"https:\/\/teknikgrafit.com\/tr\/about\/\",\"url\":\"https:\/\/teknikgrafit.com\/tr\/about\/\",\"name\":\"About - Teknik Grafit | Expert in Graphite Manufacturing\",\"isPartOf\":{\"@id\":\"https:\/\/teknikgrafit.com\/#website\"},\"primaryImageOfPage\":{\"@id\":\"https:\/\/teknikgrafit.com\/tr\/about\/#primaryimage\"},\"image\":{\"@id\":\"https:\/\/teknikgrafit.com\/tr\/about\/#primaryimage\"},\"thumbnailUrl\":\"http:\/\/teknikgrafit.com\/wp-content\/uploads\/2020\/07\/social-media-scrabble-social-5217024.jpg\",\"datePublished\":\"2018-11-27T09:17:08+00:00\",\"dateModified\":\"2020-10-03T11:36:54+00:00\",\"breadcrumb\":{\"@id\":\"https:\/\/teknikgrafit.com\/tr\/about\/#breadcrumb\"},\"inLanguage\":\"tr\",\"potentialAction\":[{\"@type\":\"ReadAction\",\"target\":[\"https:\/\/teknikgrafit.com\/tr\/about\/\"]}]},{\"@type\":\"ImageObject\",\"inLanguage\":\"tr\",\"@id\":\"https:\/\/teknikgrafit.com\/tr\/about\/#primaryimage\",\"url\":\"http:\/\/teknikgrafit.com\/wp-content\/uploads\/2020\/07\/social-media-scrabble-social-5217024.jpg\",\"contentUrl\":\"http:\/\/teknikgrafit.com\/wp-content\/uploads\/2020\/07\/social-media-scrabble-social-5217024.jpg\"},{\"@type\":\"BreadcrumbList\",\"@id\":\"https:\/\/teknikgrafit.com\/tr\/about\/#breadcrumb\",\"itemListElement\":[{\"@type\":\"ListItem\",\"position\":1,\"name\":\"Home\",\"item\":\"https:\/\/teknikgrafit.com\/\"},{\"@type\":\"ListItem\",\"position\":2,\"name\":\"About\"}]},{\"@type\":\"WebSite\",\"@id\":\"https:\/\/teknikgrafit.com\/#website\",\"url\":\"https:\/\/teknikgrafit.com\/\",\"name\":\"Teknik Grafit | Expert in Graphite Manufacturing\",\"description\":\"\",\"publisher\":{\"@id\":\"https:\/\/teknikgrafit.com\/#organization\"},\"potentialAction\":[{\"@type\":\"SearchAction\",\"target\":{\"@type\":\"EntryPoint\",\"urlTemplate\":\"https:\/\/teknikgrafit.com\/?s={search_term_string}\"},\"query-input\":{\"@type\":\"PropertyValueSpecification\",\"valueRequired\":true,\"valueName\":\"search_term_string\"}}],\"inLanguage\":\"tr\"},{\"@type\":\"Organization\",\"@id\":\"https:\/\/teknikgrafit.com\/#organization\",\"name\":\"Teknik Grafit | Expert in Graphite Manufacturing\",\"url\":\"https:\/\/teknikgrafit.com\/\",\"logo\":{\"@type\":\"ImageObject\",\"inLanguage\":\"tr\",\"@id\":\"https:\/\/teknikgrafit.com\/#\/schema\/logo\/image\/\",\"url\":\"https:\/\/teknikgrafit.com\/wp-content\/uploads\/2020\/09\/cropped-logo_clipped_rev_1.png\",\"contentUrl\":\"https:\/\/teknikgrafit.com\/wp-content\/uploads\/2020\/09\/cropped-logo_clipped_rev_1.png\",\"width\":300,\"height\":113,\"caption\":\"Teknik Grafit | Expert in Graphite Manufacturing\"},\"image\":{\"@id\":\"https:\/\/teknikgrafit.com\/#\/schema\/logo\/image\/\"}}]}<\/script>\n<!-- \/ Yoast SEO plugin. -->","yoast_head_json":{"title":"About - Teknik Grafit | Expert in Graphite Manufacturing","robots":{"index":"index","follow":"follow","max-snippet":"max-snippet:-1","max-image-preview":"max-image-preview:large","max-video-preview":"max-video-preview:-1"},"canonical":"https:\/\/teknikgrafit.com\/tr\/about\/","og_locale":"tr_TR","og_type":"article","og_title":"About - Teknik Grafit | Expert in Graphite Manufacturing","og_description":"Who We Are? A Glimpse &nbsp; With more than 30 years of experience, Teknik Grafit was founded to fill the needs of carbon and graphite based products used in sectors related to electrical, mechanical and metallurgical in Turkey.&nbsp; Our investment in technology and good relationship with our respected business partners, enables us to now provide &hellip; About Read More &raquo;","og_url":"https:\/\/teknikgrafit.com\/tr\/about\/","og_site_name":"Teknik Grafit | Expert in Graphite Manufacturing","article_modified_time":"2020-10-03T11:36:54+00:00","og_image":[{"url":"http:\/\/teknikgrafit.com\/wp-content\/uploads\/2020\/07\/social-media-scrabble-social-5217024.jpg","type":"","width":"","height":""}],"twitter_card":"summary_large_image","twitter_misc":{"Tahmini okuma s\u00fcresi":"1 dakika"},"schema":{"@context":"https:\/\/schema.org","@graph":[{"@type":"WebPage","@id":"https:\/\/teknikgrafit.com\/tr\/about\/","url":"https:\/\/teknikgrafit.com\/tr\/about\/","name":"About - Teknik Grafit | Expert in Graphite Manufacturing","isPartOf":{"@id":"https:\/\/teknikgrafit.com\/#website"},"primaryImageOfPage":{"@id":"https:\/\/teknikgrafit.com\/tr\/about\/#primaryimage"},"image":{"@id":"https:\/\/teknikgrafit.com\/tr\/about\/#primaryimage"},"thumbnailUrl":"http:\/\/teknikgrafit.com\/wp-content\/uploads\/2020\/07\/social-media-scrabble-social-5217024.jpg","datePublished":"2018-11-27T09:17:08+00:00","dateModified":"2020-10-03T11:36:54+00:00","breadcrumb":{"@id":"https:\/\/teknikgrafit.com\/tr\/about\/#breadcrumb"},"inLanguage":"tr","potentialAction":[{"@type":"ReadAction","target":["https:\/\/teknikgrafit.com\/tr\/about\/"]}]},{"@type":"ImageObject","inLanguage":"tr","@id":"https:\/\/teknikgrafit.com\/tr\/about\/#primaryimage","url":"http:\/\/teknikgrafit.com\/wp-content\/uploads\/2020\/07\/social-media-scrabble-social-5217024.jpg","contentUrl":"http:\/\/teknikgrafit.com\/wp-content\/uploads\/2020\/07\/social-media-scrabble-social-5217024.jpg"},{"@type":"BreadcrumbList","@id":"https:\/\/teknikgrafit.com\/tr\/about\/#breadcrumb","itemListElement":[{"@type":"ListItem","position":1,"name":"Home","item":"https:\/\/teknikgrafit.com\/"},{"@type":"ListItem","position":2,"name":"About"}]},{"@type":"WebSite","@id":"https:\/\/teknikgrafit.com\/#website","url":"https:\/\/teknikgrafit.com\/","name":"Teknik Grafit | Expert in Graphite Manufacturing","description":"","publisher":{"@id":"https:\/\/teknikgrafit.com\/#organization"},"potentialAction":[{"@type":"SearchAction","target":{"@type":"EntryPoint","urlTemplate":"https:\/\/teknikgrafit.com\/?s={search_term_string}"},"query-input":{"@type":"PropertyValueSpecification","valueRequired":true,"valueName":"search_term_string"}}],"inLanguage":"tr"},{"@type":"Organization","@id":"https:\/\/teknikgrafit.com\/#organization","name":"Teknik Grafit | Expert in Graphite Manufacturing","url":"https:\/\/teknikgrafit.com\/","logo":{"@type":"ImageObject","inLanguage":"tr","@id":"https:\/\/teknikgrafit.com\/#\/schema\/logo\/image\/","url":"https:\/\/teknikgrafit.com\/wp-content\/uploads\/2020\/09\/cropped-logo_clipped_rev_1.png","contentUrl":"https:\/\/teknikgrafit.com\/wp-content\/uploads\/2020\/09\/cropped-logo_clipped_rev_1.png","width":300,"height":113,"caption":"Teknik Grafit | Expert in Graphite Manufacturing"},"image":{"@id":"https:\/\/teknikgrafit.com\/#\/schema\/logo\/image\/"}}]}},"jetpack_sharing_enabled":true,"_links":{"self":[{"href":"https:\/\/teknikgrafit.com\/tr\/wp-json\/wp\/v2\/pages\/5","targetHints":{"allow":["GET"]}}],"collection":[{"href":"https:\/\/teknikgrafit.com\/tr\/wp-json\/wp\/v2\/pages"}],"about":[{"href":"https:\/\/teknikgrafit.com\/tr\/wp-json\/wp\/v2\/types\/page"}],"author":[{"embeddable":true,"href":"https:\/\/teknikgrafit.com\/tr\/wp-json\/wp\/v2\/users\/1"}],"replies":[{"embeddable":true,"href":"https:\/\/teknikgrafit.com\/tr\/wp-json\/wp\/v2\/comments?post=5"}],"version-history":[{"count":12,"href":"https:\/\/teknikgrafit.com\/tr\/wp-json\/wp\/v2\/pages\/5\/revisions"}],"predecessor-version":[{"id":1247,"href":"https:\/\/teknikgrafit.com\/tr\/wp-json\/wp\/v2\/pages\/5\/revisions\/1247"}],"wp:attachment":[{"href":"https:\/\/teknikgrafit.com\/tr\/wp-json\/wp\/v2\/media?parent=5"}],"curies":[{"name":"wp","href":"https:\/\/api.w.org\/{rel}","templated":true}]}}